{"id":247,"date":"2023-07-09T12:22:51","date_gmt":"2023-07-09T12:22:51","guid":{"rendered":"https:\/\/kalmadigital.com\/?page_id=247"},"modified":"2025-09-29T21:40:22","modified_gmt":"2025-09-29T21:40:22","slug":"politica-de-cookies","status":"publish","type":"page","link":"https:\/\/biosasun.eu\/en\/politica-de-cookies\/","title":{"rendered":"Cookies policy"},"content":{"rendered":"<h4>1.- What is a cookie?<\/h4>\n<p>A cookie is a file that is downloaded to your computer when you access certain websites. Cookies allow a website, among other things, to store and retrieve information about the browsing habits of a user or their computer and, depending on the information they contain and the way in which your computer is used, they can be used to recognise the user. The user's browser memorises cookies on the hard disk only during the current session, occupying minimal memory space and not harming the computer. Cookies do not contain any specific personal information, and most cookies are deleted from the hard drive at the end of the browser session (so-called session cookies). Most browsers accept cookies as standard and, independently of them, allow or prevent temporary or stored cookies in the security settings.<\/p>\n<hr class=\"no_line\" \/>\n<h4>2.- Why does BIOSASUN use Cookies?<\/h4>\n<p>Necessary cookies help make a website usable by enabling basic functions such as page navigation and access to secure areas of the website. The website cannot function properly without these cookies.<br \/>\nCookies are used in order to improve your user experience and are therefore an important part of how our website works. Among other purposes, they can be used to remember the language you use during browsing and on future visits.<\/p>\n<hr class=\"no_line\" \/>\n<h4>3.- What information does a cookie store?<\/h4>\n<p>The information that a cookie usually stores is not considered sensitive information, it does not store data such as bank details, ID number, among others. The user is not identified as a person, but the web server associates him\/her with his\/her web browser.<\/p>\n<hr class=\"no_line\" \/>\n<h4>4.- What types of cookies exist?<\/h4>\n<p><strong>- Technical cookies:<\/strong>\u00a0They are those that allow the user to navigate through a website, platform or application and the use of the different options or services that exist in it, for example, control traffic and data communication, identify the session, access restricted access parts, remember the elements that make up an order, make the buying process of an order, make the application for registration or participation in an event, use security features while browsing, store content for broadcasting videos or sound or share content through social networks.<br \/>\n<strong>- Session cookies:<\/strong>\u00a0They collect and store data during the user's session in order, for example, to facilitate access to the website's services. They are deleted when the session ends.<br \/>\n<strong>- Personalisation cookies:<\/strong>\u00a0These allow the user to access the service with some general characteristics predefined according to a series of criteria in the user's terminal, such as the language, the type of browser through which the user accesses the service, the regional configuration from where the user accesses the service, etc.<br \/>\n<strong>- Analysis cookies:<\/strong>\u00a0They are those that are either processed by us or by third parties, allow us to quantify the number of users and thus carry out the measurement and statistical analysis of the use made by users of the service offered. To do this, your browsing on our website is analysed in order to improve the range of products or services that we offer.<br \/>\n<strong>- Advertising cookies:<\/strong>\u00a0They are those that, either processed by us or by third parties, allow us to manage as effectively as possible the supply of advertising space on the website, adapting the content of the advertisement to the content of the service requested or to the use you make of our website. To do this, we can analyse your internet browsing habits and we can show you advertising related to your browsing profile.<br \/>\n<strong>- Behavioural advertising cookies:<\/strong>\u00a0These cookies allow the management, in the most efficient way possible, of the advertising spaces that, where appropriate, the publisher has included on a website, application or platform from which the requested service is provided. These cookies store information on the behaviour of users obtained through continuous observation of their browsing habits, which allows a specific profile to be developed to display advertising based on the same.<\/p>\n<hr class=\"no_line\" \/>\n<h4>5.- What are first-party and third-party cookies?<\/h4>\n<p><strong>- Own cookies:<\/strong>\u00a0These are those that are sent to the user from a computer or domain managed by us.<br \/>\n<strong>- Third-party cookies:\u00a0<\/strong>These would be those generated by external services or providers such as Facebook, Twitter, Google, etc.<\/p>\n<hr class=\"no_line\" \/>\n<h4>6.- What cookies are used on this website?<\/h4>\n<p>The BIOSASUN website uses its own cookies and, specifically, session cookies, which are those that collect and store data while the user accesses the website.<br \/>\nLikewise, it may use third-party cookies that will compile information for statistical purposes on the use of the Website by the user and for the provision of other services related to the activity of this and other Internet services.<br \/>\nIn addition to the cookies strictly necessary for its correct functioning, the Portal uses the following cookies:<br \/>\nAnalysis Cookies: these are those that allow us to quantify the number of Users and thus carry out the measurement and statistical analysis of the use they make of the service offered. To do this, your browsing on our Portal is analysed in order to introduce improvements in its operation and\/or improve the services offered. In particular, we use the following analytical cookies<\/p>\n<ul>\n<li>Google Analytics Cookies. Through Google Analytics, information is obtained that allows us to measure how Users interact with the content of the Portal.<\/li>\n<\/ul>\n<p>Source: Google Inc.<br \/>\nDuration: 2 years<br \/>\nMore information here: https:\/\/developers.google.com\/analytics\/devguides\/collection\/analyticsjs\/cookie-usage?hl=es<\/p>\n<hr class=\"no_line\" \/>\n<h4>7.- Can cookies be deactivated or deleted?<\/h4>\n<p>You may refuse the processing of data or information collected by cookies at any time by configuring your Internet browser options. You can allow, block (in general or for a specific domain) or delete the cookies installed on your computer.<br \/>\nHowever, this could affect the optimal navigation of our website, as some functionalities would be disabled and the display of some tools could be impaired.<\/p>\n<p>For more information on\u00a0<strong>Firefox\u00a0<\/strong>click here:<br \/>\n<a href=\"http:\/\/support.mozilla.org\/es\/kb\/cookies-informacion-que-los-sitios-web-guardan-en-#w_configurar-las-cookies\" target=\"\u201d_blank\u201d\">http:\/\/support.mozilla.org\/es\/kb\/cookies-informacion-que-los-sitios-web-guardan-en-#w_configurar-las-cookies<\/a>.<\/p>\n<p>For more information on\u00a0<strong>Chrome\u00a0<\/strong>click here:<br \/>\n<a href=\"http:\/\/support.google.com\/chrome\/bin\/answer.py?hl=es&amp;answer=95647\" target=\"\u201d_blank\u201d\">http:\/\/support.google.com\/chrome\/bin\/answer.py?hl=es&amp;answer=95647<\/a>.<\/p>\n<p>For more information on\u00a0<strong>Explorer<\/strong>\u00a0click here:<br \/>\n<a href=\"https:\/\/support.microsoft.com\/es-es\/help\/17442\/windows-internet-explorer-delete-manage-cookies\" target=\"\u201d_blank\u201d\">https:\/\/support.microsoft.com\/es-es\/help\/17442\/windows-internet-explorer-delete-manage-cookies<\/a><\/p>\n<p>For more information on\u00a0<strong>Safari<\/strong>\u00a0click here:<br \/>\n<a href=\"https:\/\/support.apple.com\/es-es\/guide\/safari\/sfri11471\/mac\" target=\"_blank\" rel=\"noopener\">http:\/\/help.opera.com\/Windows\/11.50\/esES\/cookies.html<\/a><\/p>\n<p>For more information on\u00a0<strong>Opera<\/strong>\u00a0click here:<br \/>\n<a href=\"https:\/\/help.opera.com\/en\/latest\/web-preferences\/#cookies\" target=\"_blank\" rel=\"noopener\">http:\/\/help.opera.com\/Windows\/11.50\/esES\/cookies.html<\/a><\/p>\n<hr class=\"no_line\" \/>\n<h4>8.- The user expressly accepts, by the use of this website, that\u00a0<em>Site,<\/em>\u00a0the processing of the information collected in the manner and for the purposes set out above<\/h4>\n<p>And likewise recognizes the possibility of rejecting the processing of data or information by rejecting the use of cookies by selecting the appropriate settings for this purpose in your browser. While this option of blocking Cookies in your browser may not allow you to make full use of all the functionalities of the\u00a0<em>Website<\/em>.<\/p>","protected":false},"excerpt":{"rendered":"<p>1.- \u00bfQu\u00e9 es una cookie? Una Cookie es un fichero que se descarga en su ordenador al acceder a determinadas p\u00e1ginas web. Las cookies permiten a una p\u00e1gina web, entre otras, almacenar y recuperar informaci\u00f3n sobre los h\u00e1bitos de navegaci\u00f3n de un usuario o de su equipo y, dependiendo de la informaci\u00f3n que contengan y [&hellip;]<\/p>\n","protected":false},"author":1,"featured_media":0,"parent":0,"menu_order":0,"comment_status":"closed","ping_status":"closed","template":"","meta":{"footnotes":""},"class_list":["post-247","page","type-page","status-publish","hentry"],"aioseo_notices":[],"_links":{"self":[{"href":"https:\/\/biosasun.eu\/en\/wp-json\/wp\/v2\/pages\/247","targetHints":{"allow":["GET"]}}],"collection":[{"href":"https:\/\/biosasun.eu\/en\/wp-json\/wp\/v2\/pages"}],"about":[{"href":"https:\/\/biosasun.eu\/en\/wp-json\/wp\/v2\/types\/page"}],"author":[{"embeddable":true,"href":"https:\/\/biosasun.eu\/en\/wp-json\/wp\/v2\/users\/1"}],"replies":[{"embeddable":true,"href":"https:\/\/biosasun.eu\/en\/wp-json\/wp\/v2\/comments?post=247"}],"version-history":[{"count":11,"href":"https:\/\/biosasun.eu\/en\/wp-json\/wp\/v2\/pages\/247\/revisions"}],"predecessor-version":[{"id":3578,"href":"https:\/\/biosasun.eu\/en\/wp-json\/wp\/v2\/pages\/247\/revisions\/3578"}],"wp:attachment":[{"href":"https:\/\/biosasun.eu\/en\/wp-json\/wp\/v2\/media?parent=247"}],"curies":[{"name":"wp","href":"https:\/\/api.w.org\/{rel}","templated":true}]}}