{"id":3751,"date":"2025-10-03T22:46:31","date_gmt":"2025-10-03T22:46:31","guid":{"rendered":"https:\/\/biosasun.kalmadigital.com\/?page_id=3751"},"modified":"2025-12-24T10:11:40","modified_gmt":"2025-12-24T10:11:40","slug":"faldon-redes-v3","status":"publish","type":"page","link":"https:\/\/biosasun.eu\/en\/faldon-redes-v3\/","title":{"rendered":"FALDON REDES V3 FFF"},"content":{"rendered":"<section class=\"wpb-content-wrapper\">\n<div class=\"mk-page-section-wrapper\" data-mk-full-width=\"true\" data-mk-full-width-init=\"true\" data-mk-stretch-content=\"true\">\n\t<div id=\"redes-sociales\" class=\"mk-page-section self-hosted   full_layout full-width-1 js-el js-master-row jupiter-donut-\"    data-intro-effect=\"false\">\n\n\t\t\t\n\t\t\t<div class=\"mk-page-section-inner\">\n\t\t\t\t\n\n\n<div class=\"mk-video-color-mask\"><\/div>\n\n\t\t\t\t\n\t\t\t\t\t\t\t<\/div>\n\n\t\t\t\n        <div class=\"page-section-content vc_row-fluid mk-grid\" >\n            <div class=\"mk-padding-wrapper wpb_row\">\n<div class=\"vc_col-sm-12 wpb_column column_container  jupiter-donut- _ jupiter-donut-height-full\">\n\t\n<div id=\"padding-3\" class=\"mk-padding-divider jupiter-donut-  jupiter-donut-clearfix\"><\/div>\n\n\n<span id=\"fancy-title-4\" class=\"mk-fancy-title  simple-style jupiter-donut-  color-single\">\n\t<span>\n\t\t\t\t<p>Follow us on social media<\/p>\n\t\t\t<\/span>\n<\/span>\n<div class=\"clearboth\"><\/div>\n\n\n\n\n\n<div class=\"wpb_row vc_inner vc_row vc_row-fluid jupiter-donut-   attched-false\">\n\t\t\t<div class=\"wpb_column vc_column_container vc_col-sm-3\"><div class=\"vc_column-inner\"><div class=\"wpb_wrapper\">\n<span id=\"fancy-title-5\" class=\"mk-fancy-title  simple-style jupiter-donut-  color-single\">\n\t<span>\n\t\t\t\t<p><a href=\"https:\/\/www.instagram.com\/biosasun\" target=\"_blank\" rel=\"noopener nofollow\"><i class=\"fa-brands fa-instagram\"><\/i><span style=\"display: none;\">.<\/span><\/a><\/p>\n\t\t\t<\/span>\n<\/span>\n<div class=\"clearboth\"><\/div>\n\n\n\n\n<span id=\"fancy-title-6\" class=\"mk-fancy-title  simple-style jupiter-donut-  color-single\">\n\t<span>\n\t\t\t\t<p>Instagram<\/p>\n\t\t\t<\/span>\n<\/span>\n<div class=\"clearboth\"><\/div>\n\n\n\n<\/div><\/div><\/div><div class=\"wpb_column vc_column_container vc_col-sm-3\"><div class=\"vc_column-inner\"><div class=\"wpb_wrapper\">\n<span id=\"fancy-title-7\" class=\"mk-fancy-title  simple-style jupiter-donut-  color-single\">\n\t<span>\n\t\t\t\t<p><a href=\"https:\/\/www.facebook.com\/biosasun\" target=\"_blank\" rel=\"noopener nofollow\"><i class=\"fa-brands fa-facebook\"><\/i><span style=\"display: none;\">.<\/span><\/a><\/p>\n\t\t\t<\/span>\n<\/span>\n<div class=\"clearboth\"><\/div>\n\n\n\n\n<span id=\"fancy-title-8\" class=\"mk-fancy-title  simple-style jupiter-donut-  color-single\">\n\t<span>\n\t\t\t\t<p>Facebook<\/p>\n\t\t\t<\/span>\n<\/span>\n<div class=\"clearboth\"><\/div>\n\n\n\n<\/div><\/div><\/div><div class=\"wpb_column vc_column_container vc_col-sm-3\"><div class=\"vc_column-inner\"><div class=\"wpb_wrapper\">\n<span id=\"fancy-title-9\" class=\"mk-fancy-title  simple-style jupiter-donut-  color-single\">\n\t<span>\n\t\t\t\t<p><a href=\"https:\/\/www.youtube.com\/@Allotarra\" target=\"_blank\" rel=\"noopener nofollow\"><i class=\"fa-brands fa-youtube\"><\/i><span style=\"display: none;\">.<\/span><\/a><\/p>\n\t\t\t<\/span>\n<\/span>\n<div class=\"clearboth\"><\/div>\n\n\n\n\n<span id=\"fancy-title-10\" class=\"mk-fancy-title  simple-style jupiter-donut-  color-single\">\n\t<span>\n\t\t\t\t<p>YouTube<\/p>\n\t\t\t<\/span>\n<\/span>\n<div class=\"clearboth\"><\/div>\n\n\n\n<\/div><\/div><\/div><div class=\"wpb_column vc_column_container vc_col-sm-3\"><div class=\"vc_column-inner\"><div class=\"wpb_wrapper\">\n<span id=\"fancy-title-11\" class=\"mk-fancy-title  simple-style jupiter-donut-  color-single\">\n\t<span>\n\t\t\t\t<p><a href=\"https:\/\/es.linkedin.com\/company\/biosasun-sa\" target=\"_blank\" rel=\"noopener nofollow\"><i class=\"fa-brands fa-linkedin\"><\/i><span style=\"display: none;\">.<\/span><\/a><\/p>\n\t\t\t<\/span>\n<\/span>\n<div class=\"clearboth\"><\/div>\n\n\n\n\n<span id=\"fancy-title-12\" class=\"mk-fancy-title  simple-style jupiter-donut-  color-single\">\n\t<span>\n\t\t\t\t<p>Linkedin<\/p>\n\t\t\t<\/span>\n<\/span>\n<div class=\"clearboth\"><\/div>\n\n\n\n<\/div><\/div><\/div>\t<\/div>\n<div id=\"divider-13\" class=\"mk-divider  jupiter-donut-  custom-width center thick_solid\">\n\n\t\t\t<div class=\"divider-inner\"><\/div>\n\t\n<\/div>\n<div class=\"clearboth\"><\/div>\n\n<div id=\"padding-14\" class=\"mk-padding-divider jupiter-donut-  jupiter-donut-clearfix\"><\/div>\n\n<\/div>\n<\/div>\n            <div class=\"clearboth\"><\/div>\n        <\/div>\n\n\n\t\t\t\n\t\t\t\n\t\t\t\n\t\t<div class=\"clearboth\"><\/div>\n\t<\/div>\n<\/div>\n<div class=\"vc_row-full-width vc_clearfix\"><\/div>\n\n\n<div class=\"mk-page-section-wrapper\" data-mk-full-width=\"true\" data-mk-full-width-init=\"true\" data-mk-stretch-content=\"true\">\n\t<div id=\"redes-sociales\" class=\"mk-page-section self-hosted   full_layout full-width-15 js-el js-master-row jupiter-donut-\"    data-intro-effect=\"false\">\n\n\t\t\t\n\t\t\t<div class=\"mk-page-section-inner\">\n\t\t\t\t\n\n\n<div class=\"mk-video-color-mask\"><\/div>\n\n\t\t\t\t\n\t\t\t\t\t\t\t<\/div>\n\n\t\t\t\n        <div class=\"page-section-content vc_row-fluid mk-grid\" >\n            <div class=\"mk-padding-wrapper wpb_row\">\n<div class=\"vc_col-sm-12 wpb_column column_container  jupiter-donut- _ jupiter-donut-height-full\">\n\t\n<h3 id=\"fancy-title-17\" class=\"mk-fancy-title  simple-style jupiter-donut-  color-single\">\n\t<span>\n\t\t\t\t<p>En Biosasun, S.A., estamos comprometidos en la elaboraci\u00f3n de productos de la m\u00e1xima calidad, a partir de las m\u00faltiples propiedades y numerosos componentes, que el aceite, y otros derivados del olivo, aportan al organismo.<\/p>\n\t\t\t<\/span>\n<\/h3>\n<div class=\"clearboth\"><\/div>\n\n\n\n\n\n<div class=\"wpb_row vc_inner vc_row vc_row-fluid jupiter-donut-   attched-false\">\n\t\t\t<div class=\"wpb_column vc_column_container vc_col-sm-3\"><div class=\"vc_column-inner\"><div class=\"wpb_wrapper\">\n<span id=\"fancy-title-18\" class=\"mk-fancy-title  simple-style jupiter-donut-  color-single\">\n\t<span>\n\t\t\t\t\t\t\t<\/span>\n<\/span>\n<div class=\"clearboth\"><\/div>\n\n\n\n\n<span id=\"fancy-title-19\" class=\"mk-fancy-title  simple-style jupiter-donut-  color-single\">\n\t<span>\n\t\t\t\t\t\t\t<\/span>\n<\/span>\n<div class=\"clearboth\"><\/div>\n\n\n\n<\/div><\/div><\/div><div class=\"wpb_column vc_column_container vc_col-sm-3\"><div class=\"vc_column-inner\"><div class=\"wpb_wrapper\">\n\t<div  class=\"wpb_single_image wpb_content_element vc_align_center  wpb_animate_when_almost_visible wpb_bounceInLeft bounceInLeft\">\n\t\t\n\t\t<figure class=\"wpb_wrapper vc_figure\">\n\t\t\t<a href=\"https:\/\/allotarra.eu\/biosasun\" target=\"_blank\" class=\"vc_single_image-wrapper   vc_box_border_grey\"><img loading=\"lazy\" decoding=\"async\" class=\"vc_single_image-img\" src=\"https:\/\/biosasun.eu\/wp-content\/uploads\/2025\/09\/biosasun_web-234x106.png\" width=\"234\" height=\"106\" alt=\"Biosasun\" title=\"Biosasun\" \/><\/a>\n\t\t<\/figure>\n\t<\/div>\n<\/div><\/div><\/div><div class=\"wpb_column vc_column_container vc_col-sm-3\"><div class=\"vc_column-inner\"><div class=\"wpb_wrapper\">\n\t<div  class=\"wpb_single_image wpb_content_element vc_align_center  wpb_animate_when_almost_visible wpb_bounceInRight bounceInRight\">\n\t\t\n\t\t<figure class=\"wpb_wrapper vc_figure\">\n\t\t\t<a href=\"https:\/\/allotarra.eu\/biosasun-gourmet\" target=\"_blank\" class=\"vc_single_image-wrapper   vc_box_border_grey\"><img loading=\"lazy\" decoding=\"async\" class=\"vc_single_image-img\" src=\"https:\/\/biosasun.eu\/wp-content\/uploads\/2025\/09\/gourmet_web-155x106.png\" width=\"155\" height=\"106\" alt=\"Biosasun Gourmet\" title=\"Biosasun Gourmet\" \/><\/a>\n\t\t<\/figure>\n\t<\/div>\n<\/div><\/div><\/div><div class=\"wpb_column vc_column_container vc_col-sm-3\"><div class=\"vc_column-inner\"><div class=\"wpb_wrapper\">\n<span id=\"fancy-title-20\" class=\"mk-fancy-title  simple-style jupiter-donut-  color-single\">\n\t<span>\n\t\t\t\t\t\t\t<\/span>\n<\/span>\n<div class=\"clearboth\"><\/div>\n\n\n\n\n<span id=\"fancy-title-21\" class=\"mk-fancy-title  simple-style jupiter-donut-  color-single\">\n\t<span>\n\t\t\t\t\t\t\t<\/span>\n<\/span>\n<div class=\"clearboth\"><\/div>\n\n\n\n<\/div><\/div><\/div>\t<\/div>\n\n<span id=\"fancy-title-22\" class=\"mk-fancy-title  simple-style jupiter-donut-  color-single\">\n\t<span>\n\t\t\t\t<h5>We care about the health of people, the environment and biodiversity.<\/h5>\n<hr class=\"no_line\" \/>\n<p>We always start from\u00a0<b>organic raw materials<\/b>, suprimiendo desde el origen cualquier elemento que pueda ser t\u00f3xico para el alimento, o que reduzca sus propiedades nutricionales y saludables. Nuestro proceso de fabricaci\u00f3n ha sido desarrollado para garantizar el\u00a0<b>minimal environmental impact<\/b>.<\/p>\n\t\t\t<\/span>\n<\/span>\n<div class=\"clearboth\"><\/div>\n\n\n\n\n\t<div  class=\"wpb_single_image wpb_content_element vc_align_center  wpb_animate_when_almost_visible wpb_bounceInUp bounceInUp\">\n\t\t\n\t\t<figure class=\"wpb_wrapper vc_figure\">\n\t\t\t<a href=\"https:\/\/allotarra.eu\" target=\"_blank\" class=\"vc_single_image-wrapper   vc_box_border_grey\"><img loading=\"lazy\" decoding=\"async\" class=\"vc_single_image-img\" src=\"https:\/\/biosasun.eu\/wp-content\/uploads\/2025\/09\/oleohealth__allotarra.png\" width=\"500\" height=\"106\" alt=\"Tienda Allotarra\" title=\"Allotarra Shop\" \/><\/a>\n\t\t<\/figure>\n\t<\/div>\n<div id=\"divider-23\" class=\"mk-divider  jupiter-donut-   divider_full_width center thick_solid\">\n\n\t\t\t<div class=\"divider-inner\"><\/div>\n\t\n<\/div>\n<div class=\"clearboth\"><\/div>\n\n<div id=\"padding-24\" class=\"mk-padding-divider jupiter-donut-  jupiter-donut-clearfix\"><\/div>\n\n\n\t<div  class=\"wpb_single_image wpb_content_element vc_align_center\">\n\t\t\n\t\t<figure class=\"wpb_wrapper vc_figure\">\n\t\t\t<div class=\"vc_single_image-wrapper   vc_box_border_grey\"><img loading=\"lazy\" decoding=\"async\" class=\"vc_single_image-img\" src=\"https:\/\/biosasun.eu\/wp-content\/uploads\/2025\/09\/plan_internacional-500x404.jpg\" width=\"500\" height=\"404\" alt=\"\" title=\"\" \/><\/div>\n\t\t<\/figure>\n\t<\/div>\n<div id=\"divider-25\" class=\"mk-divider  jupiter-donut-  custom-width center thick_solid\">\n\n\t\t\t<div class=\"divider-inner\"><\/div>\n\t\n<\/div>\n<div class=\"clearboth\"><\/div>\n\n<div id=\"padding-26\" class=\"mk-padding-divider jupiter-donut-  jupiter-donut-clearfix\"><\/div>\n\n\n<span id=\"fancy-title-27\" class=\"mk-fancy-title  simple-style jupiter-donut-  color-single\">\n\t<span>\n\t\t\t\t<p><strong>\u00aeBiosasun \u00aeOleohealth<br \/>\n<\/strong>Ctra. Allo-Arroniz Km1 CP 31263 Dicastillo (Navarra)<\/p>\n<p><i class=\"fas fa-phone-alt\" style=\"color: #758e42;\"><\/i><a href=\"tel:+34\">+34 647 922 945<\/a> | <a href=\"https:\/\/biosasun.eu\/contacto\">Contact us at <\/a> <i class=\"fas fa-envelope\" style=\"color: #758e42;\"><\/i> <a href=\"mailto:biosasun@biosasun.eu\" rel=\"noopener\">biosasun@biosasun.eu<\/a><\/p>\n\t\t\t<\/span>\n<\/span>\n<div class=\"clearboth\"><\/div>\n\n\n\n<\/div>\n<\/div>\n            <div class=\"clearboth\"><\/div>\n        <\/div>\n\n\n\t\t\t\n\t\t\t\n\t\t\t\n\t\t<div class=\"clearboth\"><\/div>\n\t<\/div>\n<\/div>\n<div class=\"vc_row-full-width vc_clearfix\"><\/div>\n\n\n<\/section>","protected":false},"excerpt":{"rendered":"S\u00edguenos en redes sociales . Instagram . Facebook . YouTube . Linkedin En Biosasun, S.A., estamos comprometidos en la elaboraci\u00f3n de productos de la m\u00e1xima calidad, a partir de las m\u00faltiples propiedades y numerosos componentes, que el aceite, y otros derivados del olivo, aportan al organismo. Nos preocupa la salud de las personas, la del [...]","protected":false},"author":3,"featured_media":0,"parent":0,"menu_order":0,"comment_status":"closed","ping_status":"closed","template":"","meta":{"footnotes":""},"class_list":["post-3751","page","type-page","status-publish","hentry"],"aioseo_notices":[],"_links":{"self":[{"href":"https:\/\/biosasun.eu\/en\/wp-json\/wp\/v2\/pages\/3751","targetHints":{"allow":["GET"]}}],"collection":[{"href":"https:\/\/biosasun.eu\/en\/wp-json\/wp\/v2\/pages"}],"about":[{"href":"https:\/\/biosasun.eu\/en\/wp-json\/wp\/v2\/types\/page"}],"author":[{"embeddable":true,"href":"https:\/\/biosasun.eu\/en\/wp-json\/wp\/v2\/users\/3"}],"replies":[{"embeddable":true,"href":"https:\/\/biosasun.eu\/en\/wp-json\/wp\/v2\/comments?post=3751"}],"version-history":[{"count":4,"href":"https:\/\/biosasun.eu\/en\/wp-json\/wp\/v2\/pages\/3751\/revisions"}],"predecessor-version":[{"id":4698,"href":"https:\/\/biosasun.eu\/en\/wp-json\/wp\/v2\/pages\/3751\/revisions\/4698"}],"wp:attachment":[{"href":"https:\/\/biosasun.eu\/en\/wp-json\/wp\/v2\/media?parent=3751"}],"curies":[{"name":"wp","href":"https:\/\/api.w.org\/{rel}","templated":true}]}}