{"id":4189,"date":"2025-10-19T08:44:40","date_gmt":"2025-10-19T08:44:40","guid":{"rendered":"https:\/\/biosasun.kalmadigital.com\/?page_id=4189"},"modified":"2025-12-23T20:33:34","modified_gmt":"2025-12-23T20:33:34","slug":"conoce-biosasun-oleohealth","status":"publish","type":"page","link":"https:\/\/biosasun.eu\/en\/conoce-biosasun-oleohealth\/","title":{"rendered":"Conoce Biosasun Oleohealth"},"content":{"rendered":"<section class=\"wpb-content-wrapper\">\n<div class=\"mk-page-section-wrapper\" data-mk-full-width=\"true\" data-mk-full-width-init=\"true\" data-mk-stretch-content=\"true\">\n\t<div id=\"redes-sociales\" class=\"mk-page-section self-hosted   full_layout full-width-1 js-el js-master-row jupiter-donut-\"    data-intro-effect=\"false\">\n\n\t\t\t\n\t\t\t<div class=\"mk-page-section-inner\">\n\t\t\t\t\n\n\n<div class=\"mk-video-color-mask\"><\/div>\n\n\t\t\t\t\n\t\t\t\t\t\t\t<\/div>\n\n\t\t\t\n        <div class=\"page-section-content vc_row-fluid mk-grid\" >\n            <div class=\"mk-padding-wrapper wpb_row\">\n<div class=\"vc_col-sm-12 wpb_column column_container  jupiter-donut- _ jupiter-donut-height-full\">\n\t\n<div id=\"padding-3\" class=\"mk-padding-divider jupiter-donut-  jupiter-donut-clearfix\"><\/div>\n\n\n<h1 id=\"fancy-title-4\" class=\"mk-fancy-title  simple-style jupiter-donut-  color-single\">\n\t<span>\n\t\t\t\t<p>Biosasun is synonymous with research, experience and quality in the beneficial applications of olive oil and other by-products of the olive oil industry.<\/p>\n\t\t\t<\/span>\n<\/h1>\n<div class=\"clearboth\"><\/div>\n\n\n\n\n<h1 id=\"fancy-title-5\" class=\"mk-fancy-title  simple-style jupiter-donut-  color-single\">\n\t<span>\n\t\t\t\t<p style=\"text-align: justify;\"><span style=\"color: #758e42;\">At <strong>BIOSASUN<\/strong> we are committed to producing products of the highest quality, based on the multiple properties and numerous components that olive oil and other derivatives of the olive tree provide to the organism.<\/span><\/p>\n\t\t\t<\/span>\n<\/h1>\n<div class=\"clearboth\"><\/div>\n\n\n\n\n<h4 id=\"fancy-title-6\" class=\"mk-fancy-title  simple-style jupiter-donut-  color-single\">\n\t<span>\n\t\t\t\t<p><strong>WE CARE ABOUT PEOPLE'S HEALTH, THE ENVIRONMENT AND BIODIVERSITY<\/strong><\/p>\n\t\t\t<\/span>\n<\/h4>\n<div class=\"clearboth\"><\/div>\n\n\n\n<div class=\"wpb_video_widget  jupiter-donut-\">\n\t<div class=\"wpb_wrapper\">\n\t\t\t\t<div id=\"video-container-7\" class=\"video-container mk-aspect-ratio\" data-id=\"7\" data-source=\"self_hosted\" data-autoplay=\"1\" data-loop=\"1\" data-target=\"lightbox\" itemprop=\"video\" itemtype=\"https:\/\/schema.org\/VideoObject\" >\n\t\t\t<div id=\"video-player-7\" class=\"video-player\">\n\t\t\t\t\t\t<video id=\"video-player-7\" data-id=\"7\" poster=\"\" preload=\"auto\"  muted loop>\n\t\t\t\t\t\t\t\t\t<source type=\"video\/mp4\" src=\"https:\/\/biosasun.eu\/wp-content\/uploads\/2025\/10\/oleohealth-ivel_v2-1.mp4\" \/>\n\t\t\t\t\t\t\t<\/video>\n\t\t\t\t\t\t<\/div>\n\t\t\t\t\t<\/div>\n\t<\/div>\n<\/div>\n\n<div id=\"padding-8\" class=\"mk-padding-divider jupiter-donut-  jupiter-donut-clearfix\"><\/div>\n\n\n<h2 id=\"fancy-title-9\" class=\"mk-fancy-title  simple-style jupiter-donut-  color-single\">\n\t<span>\n\t\t\t\t<p style=\"text-align: justify;\"><span dir=\"auto\" style=\"vertical-align: inherit;\"><span dir=\"auto\" style=\"vertical-align: inherit;\"><strong>BIOSASUN<\/strong> is a family business project led by the Gainza de Allo siblings (Rita, Eusebio and Eduardo), which began in 1989 with the cultivation of olive trees in organic farming under CPAEN certification. In 1992, they produced the first organic extra virgin olive oil from the Arr\u00f3niz olive variety, laying the foundations of their commitment to quality and sustainability.<\/span><\/span><\/p>\n<p style=\"text-align: justify;\"><strong>BIOSASUN<\/strong> is synonymous with <strong>research<\/strong>, <strong>experience<\/strong> y <strong>quality<\/strong> on the beneficial applications of olive oil, olive polyphenols and other antioxidants such as those found in truffles.<\/p>\n<p style=\"text-align: justify;\">At <strong>BIOSASUN<\/strong> we are committed to the <strong>production of products of the highest quality<\/strong> made from the multiple properties and numerous components that olive oil and other derivatives of the olive tree and truffles provide the body with.<\/p>\n<p style=\"text-align: justify;\">We were founded in 2001 thanks to the interest of a group of professionals in the world of ecology. After years of intense work and expansion of our knowledge of the olive tree, its oil, and especially of one of its most appreciated components: polyphenols, we developed our brands <strong>BIOSASUN<\/strong> y <strong>OLEOHEALTH<\/strong>.<\/p>\n<p style=\"text-align: justify;\">In 2016, we are entering the sector of the <strong>soft drinks<\/strong> developing <strong>fermented probiotic beverages<\/strong> in different flavours: lemon, mint-ginger, hibiscus, coconut, mango, earl grey tea (kombucha)... some of them with olive polyphenols from our olive juice.<\/p>\n<p style=\"text-align: justify;\">In 2022, we unite the world of <strong>Olive and Truffle Farming<\/strong> giving rise to <strong>BIOSASUN GOURMET<\/strong>, which combines the benefits of polyphenols, antioxidants from the olive tree, with the intense but subtle, versatile and multi-faceted aroma of this prized fungus, capable of intensifying the flavour of any dish. To the value of the <strong>fresh truffle<\/strong> we have added the <strong>dried mushrooms and fungi<\/strong>, as well as products derived from them, placing on the market truffled condiments of oil, balsamic vinegar, cider vinegar and salt, truffle sauces, truffled piquillo sauce, truffled piquillo jams and honey jams...<\/p>\n\t\t\t<\/span>\n<\/h2>\n<div class=\"clearboth\"><\/div>\n\n\n\n\n<div id=\"padding-10\" class=\"mk-padding-divider jupiter-donut-  jupiter-donut-clearfix\"><\/div>\n\n\n<h3 id=\"fancy-title-11\" class=\"mk-fancy-title  simple-style jupiter-donut-  color-single\">\n\t<span>\n\t\t\t\t<p><strong>Working with local sports clubs to promote healthier living together<\/strong><\/p>\n\t\t\t<\/span>\n<\/h3>\n<div class=\"clearboth\"><\/div>\n\n\n\n\n\t<div  class=\"wpb_single_image wpb_content_element vc_align_center  wpb_animate_when_almost_visible wpb_bounceInDown bounceInDown\">\n\t\t\n\t\t<figure class=\"wpb_wrapper vc_figure\">\n\t\t\t<div class=\"vc_single_image-wrapper   vc_box_border_grey\"><img loading=\"lazy\" decoding=\"async\" class=\"vc_single_image-img\" src=\"https:\/\/biosasun.eu\/wp-content\/uploads\/2025\/10\/biosasun-con-el-deporte.png\" width=\"1024\" height=\"674\" alt=\"Biosasun: Aceites y Bebidas apoyando a nuestro Deporte\" title=\"Biosasun: Oils and Drinks supporting our Sports\" \/><\/div>\n\t\t<\/figure>\n\t<\/div>\n\n<h3 id=\"fancy-title-12\" class=\"mk-fancy-title  simple-style jupiter-donut-  color-single\">\n\t<span>\n\t\t\t\t<p style=\"text-align: center;\"><em><strong>Baskonia<\/strong><\/em><\/p>\n\t\t\t<\/span>\n<\/h3>\n<div class=\"clearboth\"><\/div>\n\n\n\n\n\t<div  class=\"wpb_single_image wpb_content_element vc_align_center  wpb_animate_when_almost_visible wpb_lightSpeedIn lightSpeedIn\">\n\t\t\n\t\t<figure class=\"wpb_wrapper vc_figure\">\n\t\t\t<a href=\"https:\/\/allotarra.eu\/categoria-producto\/aceites\" target=\"_blank\" class=\"vc_single_image-wrapper   vc_box_border_grey\"><img loading=\"lazy\" decoding=\"async\" class=\"vc_single_image-img\" src=\"https:\/\/biosasun.eu\/wp-content\/uploads\/2025\/10\/logos_transp.v2-scaled-703x100.png\" width=\"703\" height=\"100\" alt=\"Biosasun Oleohealth Gourmet\" title=\"Biosasun Oleohealth Gourmet\" \/><\/a>\n\t\t<\/figure>\n\t<\/div>\n\n<div id=\"padding-13\" class=\"mk-padding-divider jupiter-donut-  jupiter-donut-clearfix\"><\/div>\n\n\n<h4 id=\"fancy-title-14\" class=\"mk-fancy-title  simple-style jupiter-donut-  color-single\">\n\t<span>\n\t\t\t\t<p><strong>BIOSASUN<\/strong> GOES HAND IN HAND WITH <strong>ALLOTARRA<\/strong>, TWO COMPLEMENTARY COMPANIES THAT COMBINE INNOVATION AND RESEARCH WITH THE OLIVE-GROWING TRADITION TO CREATE <strong>HEALTHY PRODUCTS,<br \/>\nSUSTAINABLE AND OF THE HIGHEST QUALITY<\/strong>.<\/p>\n\t\t\t<\/span>\n<\/h4>\n<div class=\"clearboth\"><\/div>\n\n\n\n\n\t<div  class=\"wpb_single_image wpb_content_element vc_align_center  wpb_animate_when_almost_visible wpb_lightSpeedIn lightSpeedIn\">\n\t\t\n\t\t<figure class=\"wpb_wrapper vc_figure\">\n\t\t\t<a href=\"https:\/\/allotarra.eu\/\" target=\"_blank\" class=\"vc_single_image-wrapper   vc_box_border_grey\"><img loading=\"lazy\" decoding=\"async\" class=\"vc_single_image-img\" src=\"https:\/\/biosasun.eu\/wp-content\/uploads\/2025\/10\/logo_allotarra-200x116.png\" width=\"200\" height=\"116\" alt=\"Allotarra\" title=\"Allotarra\" \/><\/a>\n\t\t<\/figure>\n\t<\/div>\n<\/div>\n<\/div>\n            <div class=\"clearboth\"><\/div>\n        <\/div>\n\n\n\t\t\t\n\t\t\t\n\t\t\t\n\t\t<div class=\"clearboth\"><\/div>\n\t<\/div>\n<\/div>\n<div class=\"vc_row-full-width vc_clearfix\"><\/div>\n\n\n<div class=\"vc_col-sm-12 wpb_column column_container  jupiter-donut- _ jupiter-donut-height-full\">\n\t<\/div>\n\n<div class=\"mk-page-section-wrapper\" data-mk-full-width=\"true\" data-mk-full-width-init=\"true\" data-mk-stretch-content=\"true\">\n\t<div id=\"redes-sociales\" class=\"mk-page-section self-hosted   full_layout full-width-16 js-el js-master-row jupiter-donut-\"    data-intro-effect=\"false\">\n\n\t\t\t\n\t\t\t<div class=\"mk-page-section-inner\">\n\t\t\t\t\n\n\n<div class=\"mk-video-color-mask\"><\/div>\n\n\t\t\t\t\n\t\t\t\t\t\t\t<\/div>\n\n\t\t\t\n        <div class=\"page-section-content vc_row-fluid mk-grid\" >\n            <div class=\"mk-padding-wrapper wpb_row\">\n<div class=\"vc_col-sm-12 wpb_column column_container  jupiter-donut- _ jupiter-donut-height-full\">\n\t\n<div id=\"padding-18\" class=\"mk-padding-divider jupiter-donut-  jupiter-donut-clearfix\"><\/div>\n\n\n<span id=\"fancy-title-19\" class=\"mk-fancy-title  simple-style jupiter-donut-  color-single\">\n\t<span>\n\t\t\t\t<p>Follow us on social media<\/p>\n\t\t\t<\/span>\n<\/span>\n<div class=\"clearboth\"><\/div>\n\n\n\n\n\n<div class=\"wpb_row vc_inner vc_row vc_row-fluid jupiter-donut-   attched-false\">\n\t\t\t<div class=\"wpb_column vc_column_container vc_col-sm-3\"><div class=\"vc_column-inner\"><div class=\"wpb_wrapper\">\n<span id=\"fancy-title-20\" class=\"mk-fancy-title  simple-style jupiter-donut-  color-single\">\n\t<span>\n\t\t\t\t<p><a href=\"https:\/\/www.instagram.com\/biosasun\" target=\"_blank\" rel=\"noopener nofollow\"><i class=\"fa-brands fa-instagram\"><\/i><span style=\"display: none;\">.<\/span><\/a><\/p>\n\t\t\t<\/span>\n<\/span>\n<div class=\"clearboth\"><\/div>\n\n\n\n\n<span id=\"fancy-title-21\" class=\"mk-fancy-title  simple-style jupiter-donut-  color-single\">\n\t<span>\n\t\t\t\t<p>Instagram<\/p>\n\t\t\t<\/span>\n<\/span>\n<div class=\"clearboth\"><\/div>\n\n\n\n<\/div><\/div><\/div><div class=\"wpb_column vc_column_container vc_col-sm-3\"><div class=\"vc_column-inner\"><div class=\"wpb_wrapper\">\n<span id=\"fancy-title-22\" class=\"mk-fancy-title  simple-style jupiter-donut-  color-single\">\n\t<span>\n\t\t\t\t<p><a href=\"https:\/\/www.facebook.com\/biosasun\" target=\"_blank\" rel=\"noopener nofollow\"><i class=\"fa-brands fa-facebook\"><\/i><span style=\"display: none;\">.<\/span><\/a><\/p>\n\t\t\t<\/span>\n<\/span>\n<div class=\"clearboth\"><\/div>\n\n\n\n\n<span id=\"fancy-title-23\" class=\"mk-fancy-title  simple-style jupiter-donut-  color-single\">\n\t<span>\n\t\t\t\t<p>Facebook<\/p>\n\t\t\t<\/span>\n<\/span>\n<div class=\"clearboth\"><\/div>\n\n\n\n<\/div><\/div><\/div><div class=\"wpb_column vc_column_container vc_col-sm-3\"><div class=\"vc_column-inner\"><div class=\"wpb_wrapper\">\n<span id=\"fancy-title-24\" class=\"mk-fancy-title  simple-style jupiter-donut-  color-single\">\n\t<span>\n\t\t\t\t<p><a href=\"https:\/\/www.youtube.com\/@Allotarra\" target=\"_blank\" rel=\"noopener nofollow\"><i class=\"fa-brands fa-youtube\"><\/i><span style=\"display: none;\">.<\/span><\/a><\/p>\n\t\t\t<\/span>\n<\/span>\n<div class=\"clearboth\"><\/div>\n\n\n\n\n<span id=\"fancy-title-25\" class=\"mk-fancy-title  simple-style jupiter-donut-  color-single\">\n\t<span>\n\t\t\t\t<p>YouTube<\/p>\n\t\t\t<\/span>\n<\/span>\n<div class=\"clearboth\"><\/div>\n\n\n\n<\/div><\/div><\/div><div class=\"wpb_column vc_column_container vc_col-sm-3\"><div class=\"vc_column-inner\"><div class=\"wpb_wrapper\">\n<span id=\"fancy-title-26\" class=\"mk-fancy-title  simple-style jupiter-donut-  color-single\">\n\t<span>\n\t\t\t\t<p><a href=\"https:\/\/es.linkedin.com\/company\/biosasun-sa\" target=\"_blank\" rel=\"noopener nofollow\"><i class=\"fa-brands fa-linkedin\"><\/i><span style=\"display: none;\">.<\/span><\/a><\/p>\n\t\t\t<\/span>\n<\/span>\n<div class=\"clearboth\"><\/div>\n\n\n\n\n<span id=\"fancy-title-27\" class=\"mk-fancy-title  simple-style jupiter-donut-  color-single\">\n\t<span>\n\t\t\t\t<p>Linkedin<\/p>\n\t\t\t<\/span>\n<\/span>\n<div class=\"clearboth\"><\/div>\n\n\n\n<\/div><\/div><\/div>\t<\/div>\n<div id=\"divider-28\" class=\"mk-divider  jupiter-donut-  custom-width center thick_solid\">\n\n\t\t\t<div class=\"divider-inner\"><\/div>\n\t\n<\/div>\n<div class=\"clearboth\"><\/div>\n\n<div id=\"padding-29\" class=\"mk-padding-divider jupiter-donut-  jupiter-donut-clearfix\"><\/div>\n\n<\/div>\n<\/div>\n            <div class=\"clearboth\"><\/div>\n        <\/div>\n\n\n\t\t\t\n\t\t\t\n\t\t\t\n\t\t<div class=\"clearboth\"><\/div>\n\t<\/div>\n<\/div>\n<div class=\"vc_row-full-width vc_clearfix\"><\/div>\n\n\n<\/section>","protected":false},"excerpt":{"rendered":"Biosasun es sin\u00f3nimo de investigaci\u00f3n, experiencia y calidad en las aplicaciones beneficiosas procedentes del aceite de oliva, y otros subproductos de la industria oleica. En BIOSASUN estamos comprometidos en la elaboraci\u00f3n de productos de la m\u00e1xima calidad, a partir de las m\u00faltiples propiedades y numerosos componentes, que el aceite, y otros derivados del olivo, aportan [...]","protected":false},"author":3,"featured_media":0,"parent":0,"menu_order":0,"comment_status":"closed","ping_status":"closed","template":"","meta":{"footnotes":""},"class_list":["post-4189","page","type-page","status-publish","hentry"],"aioseo_notices":[],"_links":{"self":[{"href":"https:\/\/biosasun.eu\/en\/wp-json\/wp\/v2\/pages\/4189","targetHints":{"allow":["GET"]}}],"collection":[{"href":"https:\/\/biosasun.eu\/en\/wp-json\/wp\/v2\/pages"}],"about":[{"href":"https:\/\/biosasun.eu\/en\/wp-json\/wp\/v2\/types\/page"}],"author":[{"embeddable":true,"href":"https:\/\/biosasun.eu\/en\/wp-json\/wp\/v2\/users\/3"}],"replies":[{"embeddable":true,"href":"https:\/\/biosasun.eu\/en\/wp-json\/wp\/v2\/comments?post=4189"}],"version-history":[{"count":67,"href":"https:\/\/biosasun.eu\/en\/wp-json\/wp\/v2\/pages\/4189\/revisions"}],"predecessor-version":[{"id":4664,"href":"https:\/\/biosasun.eu\/en\/wp-json\/wp\/v2\/pages\/4189\/revisions\/4664"}],"wp:attachment":[{"href":"https:\/\/biosasun.eu\/en\/wp-json\/wp\/v2\/media?parent=4189"}],"curies":[{"name":"wp","href":"https:\/\/api.w.org\/{rel}","templated":true}]}}