{"id":4674,"date":"2025-12-23T21:15:44","date_gmt":"2025-12-23T21:15:44","guid":{"rendered":"https:\/\/biosasun.kalmadigital.com\/?page_id=4674"},"modified":"2025-12-23T21:32:06","modified_gmt":"2025-12-23T21:32:06","slug":"e-consultoria","status":"publish","type":"page","link":"https:\/\/biosasun.eu\/en\/e-consultoria\/","title":{"rendered":"E-COnsultancy"},"content":{"rendered":"<section class=\"wpb-content-wrapper\">\n<div class=\"mk-page-section-wrapper\" data-mk-full-width=\"true\" data-mk-full-width-init=\"true\" data-mk-stretch-content=\"true\">\n\t<div id=\"redes-sociales\" class=\"mk-page-section self-hosted   full_layout full-width-1 js-el js-master-row jupiter-donut-\"    data-intro-effect=\"false\">\n\n\t\t\t\n\t\t\t<div class=\"mk-page-section-inner\">\n\t\t\t\t\n\n\n<div class=\"mk-video-color-mask\"><\/div>\n\n\t\t\t\t\n\t\t\t\t\t\t\t<\/div>\n\n\t\t\t\n        <div class=\"page-section-content vc_row-fluid mk-grid\" >\n            <div class=\"mk-padding-wrapper wpb_row\">\n<div class=\"vc_col-sm-12 wpb_column column_container  jupiter-donut- _ jupiter-donut-height-full\">\n\t\n<div id=\"padding-3\" class=\"mk-padding-divider jupiter-donut-  jupiter-donut-clearfix\"><\/div>\n\n\n<h1 id=\"fancy-title-4\" class=\"mk-fancy-title  simple-style jupiter-donut-  color-single\">\n\t<span>\n\t\t\t\t<p>Strategic and Sustainable Consulting (E-COnsultor\u00eda)<\/p>\n\t\t\t<\/span>\n<\/h1>\n<div class=\"clearboth\"><\/div>\n\n\n\n<div id=\"divider-5\" class=\"mk-divider  jupiter-donut-  custom-width center thick_solid\">\n\n\t\t\t<div class=\"divider-inner\"><\/div>\n\t\n<\/div>\n<div class=\"clearboth\"><\/div>\n\n<div id=\"padding-6\" class=\"mk-padding-divider jupiter-donut-  jupiter-donut-clearfix\"><\/div>\n\n<\/div>\n<\/div>\n            <div class=\"clearboth\"><\/div>\n        <\/div>\n\n\n\t\t\t\n\t\t\t\n\t\t\t\n\t\t<div class=\"clearboth\"><\/div>\n\t<\/div>\n<\/div>\n<div class=\"vc_row-full-width vc_clearfix\"><\/div>\n\n\n<div class=\"mk-page-section-wrapper\" data-mk-full-width=\"true\" data-mk-full-width-init=\"true\" data-mk-stretch-content=\"true\">\n\t<div id=\"page-section-7\" class=\"mk-page-section self-hosted   full_layout full-width-7 js-el js-master-row jupiter-donut-\"    data-intro-effect=\"false\">\n\n\t\t\t\n\t\t\t<div class=\"mk-page-section-inner\">\n\t\t\t\t\n\n\n<div class=\"mk-video-color-mask\"><\/div>\n\n\t\t\t\t\n\t\t\t\t\t\t\t<\/div>\n\n\t\t\t\n        <div class=\"page-section-content vc_row-fluid mk-grid\" >\n            <div class=\"mk-padding-wrapper wpb_row\">\n<div class=\"vc_col-sm-12 wpb_column column_container  jupiter-donut- _ jupiter-donut-height-full\">\n\t\n<h3 id=\"fancy-title-9\" class=\"mk-fancy-title  simple-style jupiter-donut-  color-single\">\n\t<span>\n\t\t\t\t<p><strong>1-Strategic and Sustainable Consultancy (E-COnsultancy)<\/strong><\/p>\n<p style=\"text-align: justify;\">At <strong>BIOSASUN<\/strong> we offer a strategic and sustainable consultancy service aimed at companies seeking to grow responsibly, improve their competitiveness and ensure regulatory compliance. We work in a flexible way, also remotely, adapting to the real needs of each organisation and its sector of activity. Our approach integrates business strategy, quality, environment, safety and sustainability, providing practical solutions aligned with current legislation.<\/p>\n<p><strong>2-Business Management Consulting<\/strong><\/p>\n<p style=\"text-align: justify;\">We help companies to define and develop their business strategy from a global and sustainable vision. We analyse the internal and external context of the organisation to identify business opportunities, risks, competitive advantages and areas for improvement. We support our clients in making strategic decisions, favouring innovation, diversification and orderly growth, always aligned with the market, technology and current trends.<\/p>\n<p><strong>3-Quality Management Consulting<\/strong><\/p>\n<p style=\"text-align: justify;\">We offer quality management consultancy services aimed at the implementation, maintenance and improvement of certified management systems. We help companies to integrate quality into their processes, improve operational efficiency and reinforce the confidence of clients and administrations. Our support facilitates adaptation to widely recognised quality standards and enables companies to face internal and external audits with guarantees.<\/p>\n<p><strong>4-Environmental Consultancy and Legal Compliance<\/strong><\/p>\n<p style=\"text-align: justify;\">We support companies in environmental management and compliance with the environmental legislation applicable to their activity. We offer advice on environmental management systems, administrative procedures, environmental monitoring and control of legal requirements. We also provide the figure of safety advisor for the transport of dangerous goods, helping organisations to operate in a safe, legal and environmentally friendly manner.<\/p>\n<p><strong>5-Consultancy on Occupational Risk Prevention<\/strong><\/p>\n<p style=\"text-align: justify;\">We provide consultancy services in occupational risk prevention aimed at creating safe working environments that comply with current regulations. We help to implement and maintain occupational health and safety management systems, integrating prevention into the corporate culture. Our approach helps to reduce risks, improve internal organisation and reinforce the commitment to people's safety.<\/p>\n<p><strong>6-Food Safety Consultancy<\/strong><\/p>\n<p style=\"text-align: justify;\">We offer specialised consultancy in food safety for companies in the food sector. We assist in the implementation and improvement of management systems that guarantee food safety, risk control and compliance with the standards required by the market. Our work helps to reinforce traceability, process reliability and customer and consumer confidence.<\/p>\n\t\t\t<\/span>\n<\/h3>\n<div class=\"clearboth\"><\/div>\n\n\n\n<\/div>\n<\/div>\n            <div class=\"clearboth\"><\/div>\n        <\/div>\n\n\n\t\t\t\n\t\t\t\n\t\t\t\n\t\t<div class=\"clearboth\"><\/div>\n\t<\/div>\n<\/div>\n<div class=\"vc_row-full-width vc_clearfix\"><\/div>\n\n\n<div class=\"vc_col-sm-12 wpb_column column_container  jupiter-donut- _ jupiter-donut-height-full\">\n\t<\/div>\n\n<\/section>","protected":false},"excerpt":{"rendered":"Consultor\u00eda Estrat\u00e9gica y Sostenible (E-COnsultor\u00eda) 1-Consultor\u00eda Estrat\u00e9gica y Sostenible (E-COnsultor\u00eda) En BIOSASUN ofrecemos un servicio de consultor\u00eda estrat\u00e9gica y sostenible orientado a empresas que buscan crecer de forma responsable, mejorar su competitividad y garantizar el cumplimiento normativo. Trabajamos de forma flexible, tambi\u00e9n a distancia, adapt\u00e1ndonos a las necesidades reales de cada organizaci\u00f3n y a su [...]","protected":false},"author":3,"featured_media":0,"parent":0,"menu_order":0,"comment_status":"closed","ping_status":"closed","template":"","meta":{"footnotes":""},"class_list":["post-4674","page","type-page","status-publish","hentry"],"aioseo_notices":[],"_links":{"self":[{"href":"https:\/\/biosasun.eu\/en\/wp-json\/wp\/v2\/pages\/4674","targetHints":{"allow":["GET"]}}],"collection":[{"href":"https:\/\/biosasun.eu\/en\/wp-json\/wp\/v2\/pages"}],"about":[{"href":"https:\/\/biosasun.eu\/en\/wp-json\/wp\/v2\/types\/page"}],"author":[{"embeddable":true,"href":"https:\/\/biosasun.eu\/en\/wp-json\/wp\/v2\/users\/3"}],"replies":[{"embeddable":true,"href":"https:\/\/biosasun.eu\/en\/wp-json\/wp\/v2\/comments?post=4674"}],"version-history":[{"count":5,"href":"https:\/\/biosasun.eu\/en\/wp-json\/wp\/v2\/pages\/4674\/revisions"}],"predecessor-version":[{"id":4679,"href":"https:\/\/biosasun.eu\/en\/wp-json\/wp\/v2\/pages\/4674\/revisions\/4679"}],"wp:attachment":[{"href":"https:\/\/biosasun.eu\/en\/wp-json\/wp\/v2\/media?parent=4674"}],"curies":[{"name":"wp","href":"https:\/\/api.w.org\/{rel}","templated":true}]}}