{"id":4956,"date":"2026-02-12T21:01:05","date_gmt":"2026-02-12T21:01:05","guid":{"rendered":"https:\/\/biosasun.kalmadigital.com\/?page_id=4956"},"modified":"2026-02-13T15:46:04","modified_gmt":"2026-02-13T15:46:04","slug":"te-combucha-polifnoles-olivo","status":"publish","type":"page","link":"https:\/\/biosasun.eu\/en\/te-combucha-polifnoles-olivo\/","title":{"rendered":"Bebida probi\u00f3tica T\u00e9 KOMBUCHA fermentado con polifenoles de olivo"},"content":{"rendered":"<section class=\"wpb-content-wrapper\">\n<div class=\"mk-page-section-wrapper\" data-mk-full-width=\"true\" data-mk-full-width-init=\"true\" data-mk-stretch-content=\"true\">\n\t<div id=\"binafie\" class=\"mk-page-section self-hosted   full_layout full-width-1 js-el js-master-row jupiter-donut-\"    data-intro-effect=\"false\">\n\n\t\t\t\n\t\t\t<div class=\"mk-page-section-inner\">\n\t\t\t\t\n\n\n<div class=\"mk-video-color-mask\"><\/div>\n\n\t\t\t\t\n\t\t\t\t\t\t\t<\/div>\n\n\t\t\t\n        <div class=\"page-section-content vc_row-fluid mk-grid\" >\n            <div class=\"mk-padding-wrapper wpb_row\">\n<div class=\"vc_col-sm-3 wpb_column column_container  jupiter-donut- _ jupiter-donut-height-full\">\n\t\n\t<div  class=\"wpb_single_image wpb_content_element vc_align_right  wpb_animate_when_almost_visible wpb_slideInDown slideInDown\">\n\t\t\n\t\t<figure class=\"wpb_wrapper vc_figure\">\n\t\t\t<div class=\"vc_single_image-wrapper   vc_box_border_grey\"><img loading=\"lazy\" decoding=\"async\" class=\"vc_single_image-img\" src=\"https:\/\/biosasun.eu\/wp-content\/uploads\/2026\/02\/early_gray-150x150.jpg\" width=\"150\" height=\"150\" alt=\"T\u00e9 Combucha\" title=\"PROBIOTIC BEVERAGES (English)\" \/><\/div>\n\t\t<\/figure>\n\t<\/div>\n<\/div>\n\n<div class=\"vc_col-sm-9 wpb_column column_container  jupiter-donut- _ jupiter-donut-height-full\">\n\t\n<h1 id=\"fancy-title-4\" class=\"mk-fancy-title  simple-style jupiter-donut-  color-single\">\n\t<span>\n\t\t\t\t<p><span style=\"color: #000000;\">Probiotic drink KOMBUCHA tea fermented with olive tree polyphenols organic farming<\/span><\/p>\n\t\t\t<\/span>\n<\/h1>\n<div class=\"clearboth\"><\/div>\n\n\n\n\n<h1 id=\"fancy-title-5\" class=\"mk-fancy-title  simple-style jupiter-donut-  color-single\">\n\t<span>\n\t\t\t\t<p><span style=\"color: #777777;\">We are updating all our products.<br \/>\nIf you wish, you can download the technical data sheet as a PDF file<\/span><\/p>\n\t\t\t<\/span>\n<\/h1>\n<div class=\"clearboth\"><\/div>\n\n\n\n<\/div>\n<\/div>\n            <div class=\"clearboth\"><\/div>\n        <\/div>\n\n\n\t\t\t\n\t\t\t\n\t\t\t\n\t\t<div class=\"clearboth\"><\/div>\n\t<\/div>\n<\/div>\n<div class=\"vc_row-full-width vc_clearfix\"><\/div>\n\n\n<div class=\"mk-page-section-wrapper\" data-mk-full-width=\"true\" data-mk-full-width-init=\"true\" data-mk-stretch-content=\"true\">\n\t<div id=\"binafie\" class=\"mk-page-section self-hosted   full_layout full-width-6 js-el js-master-row jupiter-donut-\"    data-intro-effect=\"false\">\n\n\t\t\t\n\t\t\t<div class=\"mk-page-section-inner\">\n\t\t\t\t\n\n\n<div class=\"mk-video-color-mask\"><\/div>\n\n\t\t\t\t\n\t\t\t\t\t\t\t<\/div>\n\n\t\t\t\n        <div class=\"page-section-content vc_row-fluid mk-grid\" >\n            <div class=\"mk-padding-wrapper wpb_row\">\n<div class=\"vc_col-sm-3 wpb_column column_container  jupiter-donut- _ jupiter-donut-height-full\">\n\t\n\t<div  class=\"wpb_single_image wpb_content_element vc_align_right  wpb_animate_when_almost_visible wpb_slideInLeft slideInLeft\">\n\t\t\n\t\t<figure class=\"wpb_wrapper vc_figure\">\n\t\t\t<div class=\"vc_single_image-wrapper   vc_box_border_grey\"><img loading=\"lazy\" decoding=\"async\" class=\"vc_single_image-img\" src=\"https:\/\/biosasun.eu\/wp-content\/uploads\/2026\/02\/ico_pro-pdf-85x85.png\" width=\"85\" height=\"85\" alt=\"Bebidas probi\u00f3ticas\" title=\"Probiotic drinks\" \/><\/div>\n\t\t<\/figure>\n\t<\/div>\n<\/div>\n\n<div class=\"vc_col-sm-9 wpb_column column_container  jupiter-donut- _ jupiter-donut-height-full\">\n\t\n<h2 id=\"fancy-title-9\" class=\"mk-fancy-title  simple-style jupiter-donut-  color-single\">\n\t<span>\n\t\t\t\t<p style=\"text-align: justify;\"><a href=\"https:\/\/biosasun.eu\/fichas\/probioticas\/early_gray.pdf\" target=\"_blank\" rel=\"noopener\"><span style=\"color: #758e42;\">Probiotic drink KOMBUCHA Tea with olive tree polyphenols<\/span>\u00a0&gt;Spanish.<\/a><\/p>\n\t\t\t<\/span>\n<\/h2>\n<div class=\"clearboth\"><\/div>\n\n\n\n\n<div id=\"mk-button-10\" class=\"mk-button-container _ jupiter-donut-relative    jupiter-donut-inline-block jupiter-donut-left\">\n\n\t\n\t\t<a href=\"https:\/\/allotarra.eu\/categoria-producto\/bebidas-probiolticas\" target=\"_blank\" class=\"mk-button js-smooth-scroll mk-button--dimension-outline mk-button--size-medium mk-button--corner-pointed _ jupiter-donut-relative jupiter-donut-text-center jupiter-donut-font-weight-700 jupiter-donut-no-backface  letter-spacing-1 jupiter-donut-inline-block\"><span class=\"mk-button--text\">Buy probiotic drinks<\/span><\/a>\n\n\t\n<\/div>\n<div class=\"vc_separator wpb_content_element vc_separator_align_center vc_sep_width_100 vc_sep_pos_align_center vc_separator_no_text vc_sep_color_grey\" ><span class=\"vc_sep_holder vc_sep_holder_l\"><span class=\"vc_sep_line\"><\/span><\/span><span class=\"vc_sep_holder vc_sep_holder_r\"><span class=\"vc_sep_line\"><\/span><\/span>\n<\/div><\/div>\n<\/div>\n            <div class=\"clearboth\"><\/div>\n        <\/div>\n\n\n\t\t\t\n\t\t\t\n\t\t\t\n\t\t<div class=\"clearboth\"><\/div>\n\t<\/div>\n<\/div>\n<div class=\"vc_row-full-width vc_clearfix\"><\/div>\n\n\n<div class=\"vc_col-sm-12 wpb_column column_container  jupiter-donut- _ jupiter-donut-height-full\">\n\t<\/div>\n\n<\/section>","protected":false},"excerpt":{"rendered":"Bebida probi\u00f3tica T\u00e9 KOMBUCHA fermentado con polifenoles de olivo cultivo ecol\u00f3gico Estamos actualizando todos nuestros productos. Si lo desea, puede descargar la ficha t\u00e9cnica en PDF Bebida probi\u00f3tica T\u00e9 KOMBUCHA con polifenoles de olivo\u00a0&gt;Castellano. Comprar bebidas probi\u00f3ticas","protected":false},"author":3,"featured_media":0,"parent":0,"menu_order":0,"comment_status":"closed","ping_status":"closed","template":"","meta":{"footnotes":""},"class_list":["post-4956","page","type-page","status-publish","hentry"],"aioseo_notices":[],"_links":{"self":[{"href":"https:\/\/biosasun.eu\/en\/wp-json\/wp\/v2\/pages\/4956","targetHints":{"allow":["GET"]}}],"collection":[{"href":"https:\/\/biosasun.eu\/en\/wp-json\/wp\/v2\/pages"}],"about":[{"href":"https:\/\/biosasun.eu\/en\/wp-json\/wp\/v2\/types\/page"}],"author":[{"embeddable":true,"href":"https:\/\/biosasun.eu\/en\/wp-json\/wp\/v2\/users\/3"}],"replies":[{"embeddable":true,"href":"https:\/\/biosasun.eu\/en\/wp-json\/wp\/v2\/comments?post=4956"}],"version-history":[{"count":3,"href":"https:\/\/biosasun.eu\/en\/wp-json\/wp\/v2\/pages\/4956\/revisions"}],"predecessor-version":[{"id":5028,"href":"https:\/\/biosasun.eu\/en\/wp-json\/wp\/v2\/pages\/4956\/revisions\/5028"}],"wp:attachment":[{"href":"https:\/\/biosasun.eu\/en\/wp-json\/wp\/v2\/media?parent=4956"}],"curies":[{"name":"wp","href":"https:\/\/api.w.org\/{rel}","templated":true}]}}