{"id":254,"date":"2023-07-09T12:32:37","date_gmt":"2023-07-09T12:32:37","guid":{"rendered":"https:\/\/kalmadigital.com\/?page_id=254"},"modified":"2023-07-09T12:33:57","modified_gmt":"2023-07-09T12:33:57","slug":"mas-informacion-sobre-las-cookies","status":"publish","type":"page","link":"https:\/\/biosasun.eu\/es_es\/mas-informacion-sobre-las-cookies\/","title":{"rendered":"M\u00e1s informaci\u00f3n sobre las cookies"},"content":{"rendered":"<h2>\u00bfQu\u00e9 es una cookie?<\/h2>\n<p style=\"text-align: justify;\">Una <em>cookie<\/em> es un fichero de texto <b>inofensivo<\/b> que se almacena en tu navegador cuando visita casi cualquier p\u00e1gina web. La utilidad de la <em>cookie<\/em> es que la web sea capaz de recordar tu visita cuando vuelva a navegar por esa p\u00e1gina. Aunque mucha gente no lo sabe las <em>cookies<\/em> se llevan utilizando desde hace 20 a\u00f1os, cuando aparecieron los primeros navegadores para la World Wide Web.<\/p>\n<h2>\u00bfQu\u00e9 NO ES una cookie?<\/h2>\n<p>No es un virus, ni un troyano, ni un gusano, ni spam, ni spyware, ni abre ventanas pop-up.<\/p>\n<h2>\u00bfQu\u00e9 informaci\u00f3n almacena una <em>cookie<\/em>?<\/h2>\n<p>Las <em>cookies<\/em> no suelen almacenar informaci\u00f3n sensible sobre usted, como tarjetas de cr\u00e9dito o datos bancarios, fotograf\u00edas, tu DNI o informaci\u00f3n personal, etc. Los datos que guardan son de car\u00e1cter t\u00e9cnico, preferencias personales, personalizaci\u00f3n de contenidos, etc.<\/p>\n<p style=\"text-align: justify;\">El servidor web no te asocia como persona si no a tu navegador web. De hecho, si usted navega habitualmente con Internet Explorer y prueba a navegar por la misma web con Firefox o Chrome ver\u00e1s que la web no se da cuenta que es usted es la misma persona porque en realidad est\u00e1 asociando al navegador, no a la persona.<\/p>\n<h2>\u00bfQu\u00e9 tipo de <em>cookies<\/em> existen?<\/h2>\n<ul>\n<li>\n<p style=\"text-align: justify;\">Cookies t\u00e9cnicas: Son las m\u00e1s elementales y permiten, entre otras cosas, saber cu\u00e1ndo est\u00e1 navegando un humano o una aplicaci\u00f3n automatizada, cu\u00e1ndo navega un usuario an\u00f3nimo y uno registrado, tareas b\u00e1sicas para el funcionamiento de cualquier web din\u00e1mica.<\/p>\n<\/li>\n<li>\n<p style=\"text-align: justify;\"><em>Cookies<\/em> de an\u00e1lisis: Recogen informaci\u00f3n sobre el tipo de navegaci\u00f3n que est\u00e1s realizando, las secciones que m\u00e1s utilizas, productos consultados, franja horaria de uso, idioma, etc.<\/p>\n<\/li>\n<li><em>Cookies<\/em> publicitarias: Muestran publicidad en funci\u00f3n de tu navegaci\u00f3n, tu pa\u00eds de procedencia, idioma, etc.<\/li>\n<\/ul>\n<h2 style=\"text-align: justify;\">\u00bfQu\u00e9 son las <em>cookies<\/em> propias y las de terceros?<\/h2>\n<p>Las <em>cookies propias<\/em> son las generadas por la p\u00e1gina que est\u00e1s visitando y las <em>de terceros<\/em> son las generadas por servicios o proveedores externos como Facebook, Twitter, Google, etc.<\/p>\n<h2>\u00bfQu\u00e9 ocurre si desactivo las <em>cookies<\/em>?<\/h2>\n<p>Para que entiendas el alcance que puede tener desactivar las <em>cookies<\/em>\u00a0te mostramos unos ejemplos:<\/p>\n<ul>\n<li>No podr\u00e1s compartir contenidos de esta web en Facebook, Twitter o cualquier otra red social.<\/li>\n<li>El sitio web no podr\u00e1 adaptar los contenidos a tus preferencias personales, como suele ocurrir en las tiendas online.<\/li>\n<li>No podr\u00e1s acceder al \u00e1rea personal de esa web, como por ejemplo Tu<em>\u00a0cuenta<\/em>, o Tu\u00a0<em>perfil<\/em> o Tus<em>\u00a0pedidos<\/em>.<\/li>\n<li>Tiendas online: Te ser\u00e1 imposible realizar compras online, tendr\u00e1n que ser telef\u00f3nicas o visitando la tienda f\u00edsica si es que dispone de ella.<\/li>\n<li>No ser\u00e1 posible personalizar tus preferencias geogr\u00e1ficas como franja horaria, divisa o idioma.<\/li>\n<li>El sitio web no podr\u00e1 realizar anal\u00edticas web sobre visitantes y tr\u00e1fico en la web, lo que dificultar\u00e1 que la web sea competitiva.<\/li>\n<li>No podr\u00e1s escribir en el blog, no podr\u00e1s subir fotos, publicar comentarios, valorar o puntuar contenidos. La web tampoco podr\u00e1 saber si usted es un humano o una aplicaci\u00f3n automatizada que publica <em>spam<\/em>.<\/li>\n<li>No se podr\u00e1s mostrar publicidad sectorizada, lo que reducir\u00e1 los ingresos publicitarios de la web.<\/li>\n<li>Todas las redes sociales usan <em>cookies<\/em>, si las desactivas no podr\u00e1s utilizar ninguna red social.<\/li>\n<\/ul>\n<h2>\u00bfSe pueden eliminar las <em>cookies<\/em>?<\/h2>\n<p>S\u00ed. No s\u00f3lo eliminar, tambi\u00e9n bloquear, de forma general o particular para un dominio espec\u00edfico.<\/p>\n<p>Para eliminar las <em>cookies<\/em> de un sitio web debes ir a la configuraci\u00f3n de tu navegador y all\u00ed podr\u00e1s buscar las asociadas al dominio en cuesti\u00f3n y proceder a su eliminaci\u00f3n.<\/p>\n<h2 id=\"navegadores\">Configuraci\u00f3n de <em>cookies<\/em> para los navegadores m\u00e1s polulares<\/h2>\n<p>A continuaci\u00f3n te indicamos c\u00f3mo acceder a una <em>cookie<\/em> determinada del navegador <b>Chrome<\/b>. Nota: estos pasos pueden variar en funci\u00f3n de la versi\u00f3n del navegador:<\/p>\n<ol>\n<li>Vete\u00a0a Configuraci\u00f3n o Preferencias mediante el men\u00fa Archivo o bien pinchando el icono de personalizaci\u00f3n que aparece arriba a la derecha.<\/li>\n<li>Ver\u00e1s diferentes secciones, pincha la opci\u00f3n <em>Mostrar opciones avanzadas<\/em>.<\/li>\n<li>Vete a <em>Privacidad<\/em>, <em>Configuraci\u00f3n de contenido<\/em>.<\/li>\n<li>Selecciona\u00a0<em>Todas las <em>cookies<\/em> y los datos de sitios<\/em>.<\/li>\n<li>Aparecer\u00e1 un listado con todas las <em>cookies<\/em> ordenadas por dominio. Para que te sea m\u00e1s f\u00e1cil encontrar las <em>cookies<\/em> de un determinado dominio introduce\u00a0parcial o totalmente la direcci\u00f3n en el campo <em>Buscar cookies<\/em>.<\/li>\n<li>Tras realizar este filtro aparecer\u00e1n en pantalla una o varias l\u00edneas con las <em>cookies<\/em> de la web solicitada. Ahora s\u00f3lo tienes que seleccionarla y pulsar la <em>X<\/em> para proceder a su eliminaci\u00f3n.<\/li>\n<\/ol>\n<p>Para acceder a la configuraci\u00f3n de <em>cookies<\/em> del navegador <b>Internet Explorer<\/b> sigue estos pasos (pueden variar en funci\u00f3n de la versi\u00f3n del navegador):<\/p>\n<ol>\n<li>Vete a <em>Herramientas<\/em>, <em>Opciones de Internet<\/em><\/li>\n<li>Haz\u00a0click en <em>Privacidad<\/em>.<\/li>\n<li>Mueve y desliza\u00a0hasta ajustar el nivel de privacidad que desee.<\/li>\n<\/ol>\n<p>Para acceder a la configuraci\u00f3n de <em>cookies<\/em> del navegador <b>Firefox<\/b> sigue estos pasos (pueden variar en funci\u00f3n de la versi\u00f3n del navegador):<\/p>\n<ol>\n<li>Vete a <em>Opciones<\/em> o <em>Preferencias<\/em> seg\u00fan tu sistema operativo.<\/li>\n<li>Haz\u00a0click en <em>Privacidad<\/em>.<\/li>\n<li>En <em>Historial<\/em> elige\u00a0<em>Usar una configuraci\u00f3n personalizada para el historial<\/em>.<\/li>\n<li>Ahora ver\u00e1s la opci\u00f3n <em>Aceptar cookies<\/em>, puedes activarla o desactivarla seg\u00fan tus preferencias.<\/li>\n<\/ol>\n<p>Para acceder a la configuraci\u00f3n de <em>cookies<\/em> del navegador <b>Safari para OSX<\/b> sigue estos pasos (pueden variar en funci\u00f3n de la versi\u00f3n del navegador):<\/p>\n<ol>\n<li>Vete a <em>Preferencias<\/em>, luego <em>Privacidad<\/em>.<\/li>\n<li>En este lugar ver\u00e1s la opci\u00f3n <em>Bloquear cookies<\/em> para que ajuste el tipo de bloqueo que deseas realizar.<\/li>\n<\/ol>\n<p>Para acceder a la configuraci\u00f3n de <em>cookies<\/em> del navegador <b>Safari para iOS<\/b> sigue estos pasos (pueden variar en funci\u00f3n de la versi\u00f3n del navegador):<\/p>\n<ol>\n<li>Vete a <em>Ajustes<\/em>, luego <em>Safari<\/em>.<\/li>\n<li>Vete a <em>Privacidad y Seguridad<\/em>, ver\u00e1s la opci\u00f3n <em>Bloquear cookies<\/em> para que ajuste el tipo de bloqueo que deseas realizar.<\/li>\n<\/ol>\n<p>Para acceder a la configuraci\u00f3n de <em>cookies<\/em> del navegador para dispositivos <b>Android<\/b> sigue estos pasos (pueden variar en funci\u00f3n de la versi\u00f3n del navegador):<\/p>\n<ol>\n<li>Ejecuta el navegador y pulsa la tecla <em>Men\u00fa<\/em>, luego <em>Ajustes<\/em>.<\/li>\n<li>Vete a <em>Seguridad y Privacidad<\/em>, ver\u00e1s la opci\u00f3n <em>Aceptar cookies<\/em> para que active o desactive la casilla.<\/li>\n<\/ol>\n<p>Para acceder a la configuraci\u00f3n de <em>cookies<\/em> del navegador para dispositivos <b>Windows Phone<\/b> sigue estos pasos (pueden variar en funci\u00f3n de la versi\u00f3n del navegador):<\/p>\n<ol>\n<li>Abre\u00a0<em>Internet Explorer<\/em>, luego <em>M\u00e1s<\/em>, luego <em>Configuraci\u00f3n<\/em><\/li>\n<li>Ahora puedes activar o desactivar la casilla <em>Permitir cookies<\/em>.<\/li>\n<\/ol>\n<p>&nbsp;<\/p>\n","protected":false},"excerpt":{"rendered":"<p>\u00bfQu\u00e9 es una cookie? Una cookie es un fichero de texto inofensivo que se almacena en tu navegador cuando visita casi cualquier p\u00e1gina web. La utilidad de la cookie es que la web sea capaz de recordar tu visita cuando vuelva a navegar por esa p\u00e1gina. Aunque mucha gente no lo sabe las cookies se [&hellip;]<\/p>\n","protected":false},"author":1,"featured_media":0,"parent":0,"menu_order":0,"comment_status":"closed","ping_status":"closed","template":"","meta":{"footnotes":""},"class_list":["post-254","page","type-page","status-publish","hentry"],"aioseo_notices":[],"_links":{"self":[{"href":"https:\/\/biosasun.eu\/es_es\/wp-json\/wp\/v2\/pages\/254","targetHints":{"allow":["GET"]}}],"collection":[{"href":"https:\/\/biosasun.eu\/es_es\/wp-json\/wp\/v2\/pages"}],"about":[{"href":"https:\/\/biosasun.eu\/es_es\/wp-json\/wp\/v2\/types\/page"}],"author":[{"embeddable":true,"href":"https:\/\/biosasun.eu\/es_es\/wp-json\/wp\/v2\/users\/1"}],"replies":[{"embeddable":true,"href":"https:\/\/biosasun.eu\/es_es\/wp-json\/wp\/v2\/comments?post=254"}],"version-history":[{"count":0,"href":"https:\/\/biosasun.eu\/es_es\/wp-json\/wp\/v2\/pages\/254\/revisions"}],"wp:attachment":[{"href":"https:\/\/biosasun.eu\/es_es\/wp-json\/wp\/v2\/media?parent=254"}],"curies":[{"name":"wp","href":"https:\/\/api.w.org\/{rel}","templated":true}]}}