{"id":4189,"date":"2025-10-19T08:44:40","date_gmt":"2025-10-19T08:44:40","guid":{"rendered":"https:\/\/biosasun.kalmadigital.com\/?page_id=4189"},"modified":"2025-12-23T20:33:34","modified_gmt":"2025-12-23T20:33:34","slug":"conoce-biosasun-oleohealth","status":"publish","type":"page","link":"https:\/\/biosasun.eu\/es_es\/conoce-biosasun-oleohealth\/","title":{"rendered":"Conoce Biosasun Oleohealth"},"content":{"rendered":"<section class=\"wpb-content-wrapper\">\n<div class=\"mk-page-section-wrapper\" data-mk-full-width=\"true\" data-mk-full-width-init=\"true\" data-mk-stretch-content=\"true\">\n\t<div id=\"redes-sociales\" class=\"mk-page-section self-hosted   full_layout full-width-1 js-el js-master-row jupiter-donut-   \"    data-intro-effect=\"false\">\n\n\t\t\t\n\t\t\t<div class=\"mk-page-section-inner\">\n\t\t\t\t\n\n\n<div class=\"mk-video-color-mask\"><\/div>\n\n\t\t\t\t\n\t\t\t\t\t\t\t<\/div>\n\n\t\t\t\n        <div class=\"page-section-content vc_row-fluid mk-grid \" >\n            <div class=\"mk-padding-wrapper wpb_row\">\n<div class=\"vc_col-sm-12 wpb_column column_container  jupiter-donut- _ jupiter-donut-height-full\">\n\t\n<div id=\"padding-3\" class=\"mk-padding-divider jupiter-donut-  jupiter-donut-clearfix\"><\/div>\n\n\n<h1 id=\"fancy-title-4\" class=\"mk-fancy-title  simple-style jupiter-donut-  color-single\">\n\t<span>\n\t\t\t\t<p>Biosasun es sin\u00f3nimo de investigaci\u00f3n, experiencia y calidad en las aplicaciones beneficiosas procedentes del aceite de oliva, y otros subproductos de la industria oleica.<\/p>\n\t\t\t<\/span>\n<\/h1>\n<div class=\"clearboth\"><\/div>\n\n\n\n\n<h1 id=\"fancy-title-5\" class=\"mk-fancy-title  simple-style jupiter-donut-  color-single\">\n\t<span>\n\t\t\t\t<p style=\"text-align: justify;\"><span style=\"color: #758e42;\">En <strong>BIOSASUN<\/strong> estamos comprometidos en la elaboraci\u00f3n de productos de la m\u00e1xima calidad, a partir de las m\u00faltiples propiedades y numerosos componentes, que el aceite, y otros derivados del olivo, aportan al organismo.<\/span><\/p>\n\t\t\t<\/span>\n<\/h1>\n<div class=\"clearboth\"><\/div>\n\n\n\n\n<h4 id=\"fancy-title-6\" class=\"mk-fancy-title  simple-style jupiter-donut-  color-single\">\n\t<span>\n\t\t\t\t<p><strong>NOS PREOCUPA LA SALUD DE LAS PERSONAS, EL MEDIO AMBIENTE Y LA BIODIVERSIDAD<\/strong><\/p>\n\t\t\t<\/span>\n<\/h4>\n<div class=\"clearboth\"><\/div>\n\n\n\n<div class=\"wpb_video_widget  jupiter-donut-\">\n\t<div class=\"wpb_wrapper\">\n\t\t\t\t<div id=\"video-container-7\" class=\"video-container mk-aspect-ratio\" data-id=\"7\" data-source=\"self_hosted\" data-autoplay=\"1\" data-loop=\"1\" data-target=\"lightbox\" itemprop=\"video\" itemtype=\"https:\/\/schema.org\/VideoObject\" >\n\t\t\t<div id=\"video-player-7\" class=\"video-player\">\n\t\t\t\t\t\t<video id=\"video-player-7\" data-id=\"7\" poster=\"\" preload=\"auto\"  muted loop>\n\t\t\t\t\t\t\t\t\t<source type=\"video\/mp4\" src=\"https:\/\/biosasun.eu\/wp-content\/uploads\/2025\/10\/oleohealth-ivel_v2-1.mp4\" \/>\n\t\t\t\t\t\t\t<\/video>\n\t\t\t\t\t\t<\/div>\n\t\t\t\t\t<\/div>\n\t<\/div>\n<\/div>\n\n<div id=\"padding-8\" class=\"mk-padding-divider jupiter-donut-  jupiter-donut-clearfix\"><\/div>\n\n\n<h2 id=\"fancy-title-9\" class=\"mk-fancy-title  simple-style jupiter-donut-  color-single\">\n\t<span>\n\t\t\t\t<p style=\"text-align: justify;\"><span dir=\"auto\" style=\"vertical-align: inherit;\"><span dir=\"auto\" style=\"vertical-align: inherit;\"><strong>BIOSASUN<\/strong> es un proyecto empresarial familiar liderado por los hermanos Gainza de Allo (Rita, Eusebio y Eduardo), que comenz\u00f3 en 1989 con el cultivo del olivo en agricultura ecol\u00f3gica bajo la certificaci\u00f3n del CPAEN. En 1992, elaboraron el primer aceite de oliva virgen extra ecol\u00f3gico de la variedad de oliva Arr\u00f3niz, sentando las bases de su compromiso con la calidad y la sostenibilidad.<\/span><\/span><\/p>\n<p style=\"text-align: justify;\"><strong>BIOSASUN<\/strong> es sin\u00f3nimo de <strong>investigaci\u00f3n<\/strong>, <strong>experiencia<\/strong> y <strong>calidad<\/strong> en las aplicaciones beneficiosas del aceite de oliva, de los polifenoles de olivo y de otros antioxidantes como los de las trufas.<\/p>\n<p style=\"text-align: justify;\">En <strong>BIOSASUN<\/strong> estamos comprometidos con la <strong>elaboraci\u00f3n de productos de la m\u00e1xima calidad<\/strong> elaborados a partir de las m\u00faltiples propiedades y numerosos componentes que el aceite y otros derivados del olivo y las trufas aportan al organismo.<\/p>\n<p style=\"text-align: justify;\">Nacimos en 2001 gracias al inter\u00e9s de un grupo de profesionales en el mundo de la ecolog\u00eda. Tras a\u00f1os de intenso trabajo y ampliaci\u00f3n de nuestro conocimiento del olivo, de su aceite, y especialmente de uno de sus componentes m\u00e1s apreciados: los polifenoles, desarrollamos nuestras marcas <strong>BIOSASUN<\/strong> y <strong>OLEOHEALTH<\/strong>.<\/p>\n<p style=\"text-align: justify;\">En 2016 nos adentramos en el sector de las <strong>bebidas no alcoh\u00f3licas<\/strong> desarrollando <strong>bebidas probi\u00f3ticas fermentadas<\/strong> de diferentes sabores: lim\u00f3n, menta-jengibre, hibisco, coco, mango, t\u00e9 earl grey (kombucha)\u2026 algunas de ellas con polifenoles de olivo provenientes de nuestro jugo de oliva.<\/p>\n<p style=\"text-align: justify;\">En 2022, unimos el mundo del <strong>Olivo y de la Truficultura<\/strong> dando lugar a <strong>BIOSASUN GOURMET<\/strong>, que suma los beneficios de los polifenoles, antioxidantes del olivo, con el aroma intenso pero sutil, vers\u00e1til y polifac\u00e9tico de este preciado hongo, capaz de intensificar el sabor de cualquier plato. Al valor de la <strong>trufa fresca<\/strong> hemos a\u00f1adido el de <strong>los hongos y setas deshidratadas<\/strong>, as\u00ed como productos derivados de los mismos, poniendo en el mercado condimentos trufados de aceite, de vinagre bals\u00e1mico, de vinagre de sidra y de sal, salsas tartufatas, salsa de piquillo trufada, mermeladas y mielmeladas de piquillos trufadas&#8230;<\/p>\n\t\t\t<\/span>\n<\/h2>\n<div class=\"clearboth\"><\/div>\n\n\n\n\n<div id=\"padding-10\" class=\"mk-padding-divider jupiter-donut-  jupiter-donut-clearfix\"><\/div>\n\n\n<h3 id=\"fancy-title-11\" class=\"mk-fancy-title  simple-style jupiter-donut-  color-single\">\n\t<span>\n\t\t\t\t<p><strong>Colaboramos con clubes deportivos locales para impulsar juntos una vida m\u00e1s saludable<\/strong><\/p>\n\t\t\t<\/span>\n<\/h3>\n<div class=\"clearboth\"><\/div>\n\n\n\n\n\t<div  class=\"wpb_single_image wpb_content_element vc_align_center  wpb_animate_when_almost_visible wpb_bounceInDown bounceInDown\">\n\t\t\n\t\t<figure class=\"wpb_wrapper vc_figure\">\n\t\t\t<div class=\"vc_single_image-wrapper   vc_box_border_grey\"><img loading=\"lazy\" decoding=\"async\" class=\"vc_single_image-img \" src=\"https:\/\/biosasun.eu\/wp-content\/uploads\/2025\/10\/biosasun-con-el-deporte.png\" width=\"1024\" height=\"674\" alt=\"Biosasun: Aceites y Bebidas apoyando a nuestro Deporte\" title=\"Biosasun: Aceites y Bebidas apoyando a nuestro Deporte\" \/><\/div>\n\t\t<\/figure>\n\t<\/div>\n\n<h3 id=\"fancy-title-12\" class=\"mk-fancy-title  simple-style jupiter-donut-  color-single\">\n\t<span>\n\t\t\t\t<p style=\"text-align: center;\"><em><strong>Baskonia<\/strong><\/em><\/p>\n\t\t\t<\/span>\n<\/h3>\n<div class=\"clearboth\"><\/div>\n\n\n\n\n\t<div  class=\"wpb_single_image wpb_content_element vc_align_center  wpb_animate_when_almost_visible wpb_lightSpeedIn lightSpeedIn\">\n\t\t\n\t\t<figure class=\"wpb_wrapper vc_figure\">\n\t\t\t<a href=\"https:\/\/allotarra.eu\/categoria-producto\/aceites\" target=\"_blank\" class=\"vc_single_image-wrapper   vc_box_border_grey\"><img loading=\"lazy\" decoding=\"async\" class=\"vc_single_image-img \" src=\"https:\/\/biosasun.eu\/wp-content\/uploads\/2025\/10\/logos_transp.v2-scaled-703x100.png\" width=\"703\" height=\"100\" alt=\"Biosasun Oleohealth Gourmet\" title=\"Biosasun Oleohealth Gourmet\" \/><\/a>\n\t\t<\/figure>\n\t<\/div>\n\n<div id=\"padding-13\" class=\"mk-padding-divider jupiter-donut-  jupiter-donut-clearfix\"><\/div>\n\n\n<h4 id=\"fancy-title-14\" class=\"mk-fancy-title  simple-style jupiter-donut-  color-single\">\n\t<span>\n\t\t\t\t<p><strong>BIOSASUN<\/strong> VA DE LA MANO DE <strong>ALLOTARRA<\/strong>, DOS EMPRESAS COMPLEMENTARIAS QUE UNEN LA INNOVACI\u00d3N Y LA INVESTIGACI\u00d3N CON LA TRADICI\u00d3N OLIVARERA PARA CREAR <strong>PRODUCTOS SALUDABLES,<br \/>\nSOSTENIBLES Y DE M\u00c1XIMA CALIDAD<\/strong>.<\/p>\n\t\t\t<\/span>\n<\/h4>\n<div class=\"clearboth\"><\/div>\n\n\n\n\n\t<div  class=\"wpb_single_image wpb_content_element vc_align_center  wpb_animate_when_almost_visible wpb_lightSpeedIn lightSpeedIn\">\n\t\t\n\t\t<figure class=\"wpb_wrapper vc_figure\">\n\t\t\t<a href=\"https:\/\/allotarra.eu\/\" target=\"_blank\" class=\"vc_single_image-wrapper   vc_box_border_grey\"><img loading=\"lazy\" decoding=\"async\" class=\"vc_single_image-img \" src=\"https:\/\/biosasun.eu\/wp-content\/uploads\/2025\/10\/logo_allotarra-200x116.png\" width=\"200\" height=\"116\" alt=\"Allotarra\" title=\"Allotarra\" \/><\/a>\n\t\t<\/figure>\n\t<\/div>\n<\/div>\n<\/div>\n            <div class=\"clearboth\"><\/div>\n        <\/div>\n\n\n\t\t\t\n\t\t\t\n\t\t\t\n\t\t<div class=\"clearboth\"><\/div>\n\t<\/div>\n<\/div>\n<div class=\"vc_row-full-width vc_clearfix\"><\/div>\n\n\n<div class=\"vc_col-sm-12 wpb_column column_container  jupiter-donut- _ jupiter-donut-height-full\">\n\t<\/div>\n\n<div class=\"mk-page-section-wrapper\" data-mk-full-width=\"true\" data-mk-full-width-init=\"true\" data-mk-stretch-content=\"true\">\n\t<div id=\"redes-sociales\" class=\"mk-page-section self-hosted   full_layout full-width-16 js-el js-master-row jupiter-donut-   \"    data-intro-effect=\"false\">\n\n\t\t\t\n\t\t\t<div class=\"mk-page-section-inner\">\n\t\t\t\t\n\n\n<div class=\"mk-video-color-mask\"><\/div>\n\n\t\t\t\t\n\t\t\t\t\t\t\t<\/div>\n\n\t\t\t\n        <div class=\"page-section-content vc_row-fluid mk-grid \" >\n            <div class=\"mk-padding-wrapper wpb_row\">\n<div class=\"vc_col-sm-12 wpb_column column_container  jupiter-donut- _ jupiter-donut-height-full\">\n\t\n<div id=\"padding-18\" class=\"mk-padding-divider jupiter-donut-  jupiter-donut-clearfix\"><\/div>\n\n\n<span id=\"fancy-title-19\" class=\"mk-fancy-title  simple-style jupiter-donut-  color-single\">\n\t<span>\n\t\t\t\t<p>S\u00edguenos en redes sociales<\/p>\n\t\t\t<\/span>\n<\/span>\n<div class=\"clearboth\"><\/div>\n\n\n\n\n\n<div class=\"wpb_row vc_inner vc_row vc_row-fluid jupiter-donut-   attched-false   \">\n\t\t\t<div class=\"wpb_column vc_column_container vc_col-sm-3\"><div class=\"vc_column-inner\"><div class=\"wpb_wrapper\">\n<span id=\"fancy-title-20\" class=\"mk-fancy-title  simple-style jupiter-donut-  color-single\">\n\t<span>\n\t\t\t\t<p><a href=\"https:\/\/www.instagram.com\/biosasun\" target=\"_blank\" rel=\"noopener nofollow\"><i class=\"fa-brands fa-instagram\"><\/i><span style=\"display: none;\">.<\/span><\/a><\/p>\n\t\t\t<\/span>\n<\/span>\n<div class=\"clearboth\"><\/div>\n\n\n\n\n<span id=\"fancy-title-21\" class=\"mk-fancy-title  simple-style jupiter-donut-  color-single\">\n\t<span>\n\t\t\t\t<p>Instagram<\/p>\n\t\t\t<\/span>\n<\/span>\n<div class=\"clearboth\"><\/div>\n\n\n\n<\/div><\/div><\/div><div class=\"wpb_column vc_column_container vc_col-sm-3\"><div class=\"vc_column-inner\"><div class=\"wpb_wrapper\">\n<span id=\"fancy-title-22\" class=\"mk-fancy-title  simple-style jupiter-donut-  color-single\">\n\t<span>\n\t\t\t\t<p><a href=\"https:\/\/www.facebook.com\/biosasun\" target=\"_blank\" rel=\"noopener nofollow\"><i class=\"fa-brands fa-facebook\"><\/i><span style=\"display: none;\">.<\/span><\/a><\/p>\n\t\t\t<\/span>\n<\/span>\n<div class=\"clearboth\"><\/div>\n\n\n\n\n<span id=\"fancy-title-23\" class=\"mk-fancy-title  simple-style jupiter-donut-  color-single\">\n\t<span>\n\t\t\t\t<p>Facebook<\/p>\n\t\t\t<\/span>\n<\/span>\n<div class=\"clearboth\"><\/div>\n\n\n\n<\/div><\/div><\/div><div class=\"wpb_column vc_column_container vc_col-sm-3\"><div class=\"vc_column-inner\"><div class=\"wpb_wrapper\">\n<span id=\"fancy-title-24\" class=\"mk-fancy-title  simple-style jupiter-donut-  color-single\">\n\t<span>\n\t\t\t\t<p><a href=\"https:\/\/www.youtube.com\/@Allotarra\" target=\"_blank\" rel=\"noopener nofollow\"><i class=\"fa-brands fa-youtube\"><\/i><span style=\"display: none;\">.<\/span><\/a><\/p>\n\t\t\t<\/span>\n<\/span>\n<div class=\"clearboth\"><\/div>\n\n\n\n\n<span id=\"fancy-title-25\" class=\"mk-fancy-title  simple-style jupiter-donut-  color-single\">\n\t<span>\n\t\t\t\t<p>YouTube<\/p>\n\t\t\t<\/span>\n<\/span>\n<div class=\"clearboth\"><\/div>\n\n\n\n<\/div><\/div><\/div><div class=\"wpb_column vc_column_container vc_col-sm-3\"><div class=\"vc_column-inner\"><div class=\"wpb_wrapper\">\n<span id=\"fancy-title-26\" class=\"mk-fancy-title  simple-style jupiter-donut-  color-single\">\n\t<span>\n\t\t\t\t<p><a href=\"https:\/\/es.linkedin.com\/company\/biosasun-sa\" target=\"_blank\" rel=\"noopener nofollow\"><i class=\"fa-brands fa-linkedin\"><\/i><span style=\"display: none;\">.<\/span><\/a><\/p>\n\t\t\t<\/span>\n<\/span>\n<div class=\"clearboth\"><\/div>\n\n\n\n\n<span id=\"fancy-title-27\" class=\"mk-fancy-title  simple-style jupiter-donut-  color-single\">\n\t<span>\n\t\t\t\t<p>Linkedin<\/p>\n\t\t\t<\/span>\n<\/span>\n<div class=\"clearboth\"><\/div>\n\n\n\n<\/div><\/div><\/div>\t<\/div>\n<div id=\"divider-28\" class=\"mk-divider  jupiter-donut-  custom-width center thick_solid  \">\n\n\t\t\t<div class=\"divider-inner\"><\/div>\n\t\n<\/div>\n<div class=\"clearboth\"><\/div>\n\n<div id=\"padding-29\" class=\"mk-padding-divider jupiter-donut-  jupiter-donut-clearfix\"><\/div>\n\n<\/div>\n<\/div>\n            <div class=\"clearboth\"><\/div>\n        <\/div>\n\n\n\t\t\t\n\t\t\t\n\t\t\t\n\t\t<div class=\"clearboth\"><\/div>\n\t<\/div>\n<\/div>\n<div class=\"vc_row-full-width vc_clearfix\"><\/div>\n\n\n<\/section>","protected":false},"excerpt":{"rendered":"Biosasun es sin\u00f3nimo de investigaci\u00f3n, experiencia y calidad en las aplicaciones beneficiosas procedentes del aceite de oliva, y otros subproductos de la industria oleica. En BIOSASUN estamos comprometidos en la elaboraci\u00f3n de productos de la m\u00e1xima calidad, a partir de las m\u00faltiples propiedades y numerosos componentes, que el aceite, y otros derivados del olivo, aportan [...]","protected":false},"author":3,"featured_media":0,"parent":0,"menu_order":0,"comment_status":"closed","ping_status":"closed","template":"","meta":{"footnotes":""},"class_list":["post-4189","page","type-page","status-publish","hentry"],"aioseo_notices":[],"_links":{"self":[{"href":"https:\/\/biosasun.eu\/es_es\/wp-json\/wp\/v2\/pages\/4189","targetHints":{"allow":["GET"]}}],"collection":[{"href":"https:\/\/biosasun.eu\/es_es\/wp-json\/wp\/v2\/pages"}],"about":[{"href":"https:\/\/biosasun.eu\/es_es\/wp-json\/wp\/v2\/types\/page"}],"author":[{"embeddable":true,"href":"https:\/\/biosasun.eu\/es_es\/wp-json\/wp\/v2\/users\/3"}],"replies":[{"embeddable":true,"href":"https:\/\/biosasun.eu\/es_es\/wp-json\/wp\/v2\/comments?post=4189"}],"version-history":[{"count":67,"href":"https:\/\/biosasun.eu\/es_es\/wp-json\/wp\/v2\/pages\/4189\/revisions"}],"predecessor-version":[{"id":4664,"href":"https:\/\/biosasun.eu\/es_es\/wp-json\/wp\/v2\/pages\/4189\/revisions\/4664"}],"wp:attachment":[{"href":"https:\/\/biosasun.eu\/es_es\/wp-json\/wp\/v2\/media?parent=4189"}],"curies":[{"name":"wp","href":"https:\/\/api.w.org\/{rel}","templated":true}]}}