{"id":4674,"date":"2025-12-23T21:15:44","date_gmt":"2025-12-23T21:15:44","guid":{"rendered":"https:\/\/biosasun.kalmadigital.com\/?page_id=4674"},"modified":"2025-12-23T21:32:06","modified_gmt":"2025-12-23T21:32:06","slug":"e-consultoria","status":"publish","type":"page","link":"https:\/\/biosasun.eu\/es_es\/e-consultoria\/","title":{"rendered":"E-COnsultor\u00eda"},"content":{"rendered":"<section class=\"wpb-content-wrapper\">\n<div class=\"mk-page-section-wrapper\" data-mk-full-width=\"true\" data-mk-full-width-init=\"true\" data-mk-stretch-content=\"true\">\n\t<div id=\"redes-sociales\" class=\"mk-page-section self-hosted   full_layout full-width-1 js-el js-master-row jupiter-donut-   \"    data-intro-effect=\"false\">\n\n\t\t\t\n\t\t\t<div class=\"mk-page-section-inner\">\n\t\t\t\t\n\n\n<div class=\"mk-video-color-mask\"><\/div>\n\n\t\t\t\t\n\t\t\t\t\t\t\t<\/div>\n\n\t\t\t\n        <div class=\"page-section-content vc_row-fluid mk-grid \" >\n            <div class=\"mk-padding-wrapper wpb_row\">\n<div class=\"vc_col-sm-12 wpb_column column_container  jupiter-donut- _ jupiter-donut-height-full\">\n\t\n<div id=\"padding-3\" class=\"mk-padding-divider jupiter-donut-  jupiter-donut-clearfix\"><\/div>\n\n\n<h1 id=\"fancy-title-4\" class=\"mk-fancy-title  simple-style jupiter-donut-  color-single\">\n\t<span>\n\t\t\t\t<p>Consultor\u00eda Estrat\u00e9gica y Sostenible (E-COnsultor\u00eda)<\/p>\n\t\t\t<\/span>\n<\/h1>\n<div class=\"clearboth\"><\/div>\n\n\n\n<div id=\"divider-5\" class=\"mk-divider  jupiter-donut-  custom-width center thick_solid  \">\n\n\t\t\t<div class=\"divider-inner\"><\/div>\n\t\n<\/div>\n<div class=\"clearboth\"><\/div>\n\n<div id=\"padding-6\" class=\"mk-padding-divider jupiter-donut-  jupiter-donut-clearfix\"><\/div>\n\n<\/div>\n<\/div>\n            <div class=\"clearboth\"><\/div>\n        <\/div>\n\n\n\t\t\t\n\t\t\t\n\t\t\t\n\t\t<div class=\"clearboth\"><\/div>\n\t<\/div>\n<\/div>\n<div class=\"vc_row-full-width vc_clearfix\"><\/div>\n\n\n<div class=\"mk-page-section-wrapper\" data-mk-full-width=\"true\" data-mk-full-width-init=\"true\" data-mk-stretch-content=\"true\">\n\t<div id=\"page-section-7\" class=\"mk-page-section self-hosted   full_layout full-width-7 js-el js-master-row jupiter-donut-   \"    data-intro-effect=\"false\">\n\n\t\t\t\n\t\t\t<div class=\"mk-page-section-inner\">\n\t\t\t\t\n\n\n<div class=\"mk-video-color-mask\"><\/div>\n\n\t\t\t\t\n\t\t\t\t\t\t\t<\/div>\n\n\t\t\t\n        <div class=\"page-section-content vc_row-fluid mk-grid \" >\n            <div class=\"mk-padding-wrapper wpb_row\">\n<div class=\"vc_col-sm-12 wpb_column column_container  jupiter-donut- _ jupiter-donut-height-full\">\n\t\n<h3 id=\"fancy-title-9\" class=\"mk-fancy-title  simple-style jupiter-donut-  color-single\">\n\t<span>\n\t\t\t\t<p><strong>1-Consultor\u00eda Estrat\u00e9gica y Sostenible (E-COnsultor\u00eda)<\/strong><\/p>\n<p style=\"text-align: justify;\">En <strong>BIOSASUN<\/strong> ofrecemos un servicio de consultor\u00eda estrat\u00e9gica y sostenible orientado a empresas que buscan crecer de forma responsable, mejorar su competitividad y garantizar el cumplimiento normativo. Trabajamos de forma flexible, tambi\u00e9n a distancia, adapt\u00e1ndonos a las necesidades reales de cada organizaci\u00f3n y a su sector de actividad. Nuestro enfoque integra estrategia empresarial, calidad, medio ambiente, seguridad y sostenibilidad, aportando soluciones pr\u00e1cticas y alineadas con la legislaci\u00f3n vigente.<\/p>\n<p><strong>2-Consultor\u00eda en Gesti\u00f3n Empresarial<\/strong><\/p>\n<p style=\"text-align: justify;\">Ayudamos a las empresas a definir y desarrollar su estrategia empresarial desde una visi\u00f3n global y sostenible. Analizamos el contexto interno y externo de la organizaci\u00f3n para identificar oportunidades de negocio, riesgos, ventajas competitivas y \u00e1reas de mejora. Acompa\u00f1amos a nuestros clientes en la toma de decisiones estrat\u00e9gicas, favoreciendo la innovaci\u00f3n, la diversificaci\u00f3n y el crecimiento ordenado, siempre alineados con el mercado, la tecnolog\u00eda y las tendencias actuales.<\/p>\n<p><strong>3-Consultor\u00eda en Gesti\u00f3n de la Calidad<\/strong><\/p>\n<p style=\"text-align: justify;\">Ofrecemos servicios de consultor\u00eda en gesti\u00f3n de la calidad orientados a la implantaci\u00f3n, mantenimiento y mejora de sistemas de gesti\u00f3n certificados. Ayudamos a las empresas a integrar la calidad en sus procesos, mejorar la eficiencia operativa y reforzar la confianza de clientes y administraciones. Nuestro acompa\u00f1amiento facilita la adaptaci\u00f3n a normas de calidad ampliamente reconocidas y permite afrontar auditor\u00edas internas y externas con garant\u00edas.<\/p>\n<p><strong>4-Consultor\u00eda Ambiental y Cumplimiento Legal<\/strong><\/p>\n<p style=\"text-align: justify;\">Acompa\u00f1amos a las empresas en la gesti\u00f3n ambiental y en el cumplimiento de la legislaci\u00f3n ambiental aplicable a su actividad. Ofrecemos asesoramiento en sistemas de gesti\u00f3n ambiental, tramitaciones administrativas, vigilancia ambiental y control de requisitos legales. Adem\u00e1s, ponemos a disposici\u00f3n la figura de consejero de seguridad para el transporte de mercanc\u00edas peligrosas, ayudando a las organizaciones a operar de forma segura, legal y respetuosa con el medio ambiente.<\/p>\n<p><strong>5-Consultor\u00eda en Prevenci\u00f3n de Riesgos Laborales<\/strong><\/p>\n<p style=\"text-align: justify;\">Prestamos servicios de consultor\u00eda en prevenci\u00f3n de riesgos laborales orientados a crear entornos de trabajo seguros y conformes a la normativa vigente. Ayudamos a implantar y mantener sistemas de gesti\u00f3n de la seguridad y salud en el trabajo, integrando la prevenci\u00f3n en la cultura empresarial. Nuestro enfoque permite reducir riesgos, mejorar la organizaci\u00f3n interna y reforzar el compromiso con la seguridad de las personas.<\/p>\n<p><strong>6-Consultor\u00eda en Seguridad Alimentaria<\/strong><\/p>\n<p style=\"text-align: justify;\">Ofrecemos consultor\u00eda especializada en seguridad alimentaria para empresas del sector alimentario. Acompa\u00f1amos en la implantaci\u00f3n y mejora de sistemas de gesti\u00f3n que garantizan la inocuidad de los alimentos, el control de riesgos y el cumplimiento de los est\u00e1ndares exigidos por el mercado. Nuestro trabajo ayuda a reforzar la trazabilidad, la fiabilidad de los procesos y la confianza de clientes y consumidores.<\/p>\n\t\t\t<\/span>\n<\/h3>\n<div class=\"clearboth\"><\/div>\n\n\n\n<\/div>\n<\/div>\n            <div class=\"clearboth\"><\/div>\n        <\/div>\n\n\n\t\t\t\n\t\t\t\n\t\t\t\n\t\t<div class=\"clearboth\"><\/div>\n\t<\/div>\n<\/div>\n<div class=\"vc_row-full-width vc_clearfix\"><\/div>\n\n\n<div class=\"vc_col-sm-12 wpb_column column_container  jupiter-donut- _ jupiter-donut-height-full\">\n\t<\/div>\n\n<\/section>","protected":false},"excerpt":{"rendered":"Consultor\u00eda Estrat\u00e9gica y Sostenible (E-COnsultor\u00eda) 1-Consultor\u00eda Estrat\u00e9gica y Sostenible (E-COnsultor\u00eda) En BIOSASUN ofrecemos un servicio de consultor\u00eda estrat\u00e9gica y sostenible orientado a empresas que buscan crecer de forma responsable, mejorar su competitividad y garantizar el cumplimiento normativo. Trabajamos de forma flexible, tambi\u00e9n a distancia, adapt\u00e1ndonos a las necesidades reales de cada organizaci\u00f3n y a su [...]","protected":false},"author":3,"featured_media":0,"parent":0,"menu_order":0,"comment_status":"closed","ping_status":"closed","template":"","meta":{"footnotes":""},"class_list":["post-4674","page","type-page","status-publish","hentry"],"aioseo_notices":[],"_links":{"self":[{"href":"https:\/\/biosasun.eu\/es_es\/wp-json\/wp\/v2\/pages\/4674","targetHints":{"allow":["GET"]}}],"collection":[{"href":"https:\/\/biosasun.eu\/es_es\/wp-json\/wp\/v2\/pages"}],"about":[{"href":"https:\/\/biosasun.eu\/es_es\/wp-json\/wp\/v2\/types\/page"}],"author":[{"embeddable":true,"href":"https:\/\/biosasun.eu\/es_es\/wp-json\/wp\/v2\/users\/3"}],"replies":[{"embeddable":true,"href":"https:\/\/biosasun.eu\/es_es\/wp-json\/wp\/v2\/comments?post=4674"}],"version-history":[{"count":5,"href":"https:\/\/biosasun.eu\/es_es\/wp-json\/wp\/v2\/pages\/4674\/revisions"}],"predecessor-version":[{"id":4679,"href":"https:\/\/biosasun.eu\/es_es\/wp-json\/wp\/v2\/pages\/4674\/revisions\/4679"}],"wp:attachment":[{"href":"https:\/\/biosasun.eu\/es_es\/wp-json\/wp\/v2\/media?parent=4674"}],"curies":[{"name":"wp","href":"https:\/\/api.w.org\/{rel}","templated":true}]}}