{"id":4686,"date":"2025-12-23T21:52:07","date_gmt":"2025-12-23T21:52:07","guid":{"rendered":"https:\/\/biosasun.kalmadigital.com\/?page_id=4686"},"modified":"2026-01-11T22:39:32","modified_gmt":"2026-01-11T22:39:32","slug":"elaboracion-de-productos-para-marcas-de-terceros","status":"publish","type":"page","link":"https:\/\/biosasun.eu\/es_es\/elaboracion-de-productos-para-marcas-de-terceros\/","title":{"rendered":"Elaboraci\u00f3n de productos para marcas de terceros"},"content":{"rendered":"<section class=\"wpb-content-wrapper\">\n<div class=\"mk-page-section-wrapper\" data-mk-full-width=\"true\" data-mk-full-width-init=\"true\" data-mk-stretch-content=\"true\">\n\t<div id=\"redes-sociales\" class=\"mk-page-section self-hosted   full_layout full-width-1 js-el js-master-row jupiter-donut-   \"    data-intro-effect=\"false\">\n\n\t\t\t\n\t\t\t<div class=\"mk-page-section-inner\">\n\t\t\t\t\n\n\n<div class=\"mk-video-color-mask\"><\/div>\n\n\t\t\t\t\n\t\t\t\t\t\t\t<\/div>\n\n\t\t\t\n        <div class=\"page-section-content vc_row-fluid mk-grid \" >\n            <div class=\"mk-padding-wrapper wpb_row\">\n<div class=\"vc_col-sm-12 wpb_column column_container  jupiter-donut- _ jupiter-donut-height-full\">\n\t\n<div id=\"padding-3\" class=\"mk-padding-divider jupiter-donut-  jupiter-donut-clearfix\"><\/div>\n\n\n<h1 id=\"fancy-title-4\" class=\"mk-fancy-title  simple-style jupiter-donut-  color-single\">\n\t<span>\n\t\t\t\t<p>Elaboraci\u00f3n de productos para marcas de terceros<\/p>\n\t\t\t<\/span>\n<\/h1>\n<div class=\"clearboth\"><\/div>\n\n\n\n<div id=\"divider-5\" class=\"mk-divider  jupiter-donut-  custom-width center thick_solid  \">\n\n\t\t\t<div class=\"divider-inner\"><\/div>\n\t\n<\/div>\n<div class=\"clearboth\"><\/div>\n\n<div id=\"padding-6\" class=\"mk-padding-divider jupiter-donut-  jupiter-donut-clearfix\"><\/div>\n\n<\/div>\n<\/div>\n            <div class=\"clearboth\"><\/div>\n        <\/div>\n\n\n\t\t\t\n\t\t\t\n\t\t\t\n\t\t<div class=\"clearboth\"><\/div>\n\t<\/div>\n<\/div>\n<div class=\"vc_row-full-width vc_clearfix\"><\/div>\n\n\n<div class=\"mk-page-section-wrapper\" data-mk-full-width=\"true\" data-mk-full-width-init=\"true\" data-mk-stretch-content=\"true\">\n\t<div id=\"page-section-7\" class=\"mk-page-section self-hosted   full_layout full-width-7 js-el js-master-row jupiter-donut-   \"    data-intro-effect=\"false\">\n\n\t\t\t\n\t\t\t<div class=\"mk-page-section-inner\">\n\t\t\t\t\n\n\n<div class=\"mk-video-color-mask\"><\/div>\n\n\t\t\t\t\n\t\t\t\t\t\t\t<\/div>\n\n\t\t\t\n        <div class=\"page-section-content vc_row-fluid mk-grid \" >\n            <div class=\"mk-padding-wrapper wpb_row\">\n<div class=\"vc_col-sm-12 wpb_column column_container  jupiter-donut- _ jupiter-donut-height-full\">\n\t\n<h3 id=\"fancy-title-9\" class=\"mk-fancy-title  simple-style jupiter-donut-  color-single\">\n\t<span>\n\t\t\t\t<p style=\"text-align: justify;\">En <strong>BIOSASUN<\/strong> ofrecemos la elaboraci\u00f3n de productos para marcas de terceros, fabricados en nuestras instalaciones siguiendo nuestros propios procesos y formulaciones, y comercializados bajo la marca de la empresa colaboradora. Estamos abiertos a escuchar propuestas de colaboraci\u00f3n con empresas que busquen un socio fiable para fabricar sus productos, poniendo a disposici\u00f3n nuestra experiencia, infraestructura y est\u00e1ndares de calidad. Este servicio est\u00e1 orientado a proyectos alineados con nuestros valores y capacidades productivas, garantizando un proceso profesional, seguro y de confianza.<\/p>\n\t\t\t<\/span>\n<\/h3>\n<div class=\"clearboth\"><\/div>\n\n\n\n\n\t<div  class=\"wpb_single_image wpb_content_element vc_align_left\">\n\t\t\n\t\t<figure class=\"wpb_wrapper vc_figure\">\n\t\t\t<div class=\"vc_single_image-wrapper   vc_box_border_grey\"><img loading=\"lazy\" decoding=\"async\" width=\"1280\" height=\"853\" src=\"https:\/\/biosasun.eu\/wp-content\/uploads\/2026\/01\/tu-marca_1280.jpg\" class=\"vc_single_image-img attachment-full\" alt=\"Elaboraci\u00f3n de productos para marcas de terceros\" title=\"Elaboraci\u00f3n de productos para marcas de terceros\" srcset=\"https:\/\/biosasun.eu\/wp-content\/uploads\/2026\/01\/tu-marca_1280.jpg 1280w, https:\/\/biosasun.eu\/wp-content\/uploads\/2026\/01\/tu-marca_1280-300x200.jpg 300w, https:\/\/biosasun.eu\/wp-content\/uploads\/2026\/01\/tu-marca_1280-1024x682.jpg 1024w, https:\/\/biosasun.eu\/wp-content\/uploads\/2026\/01\/tu-marca_1280-768x512.jpg 768w\" sizes=\"auto, (max-width: 1280px) 100vw, 1280px\" itemprop=\"image\" \/><\/div>\n\t\t<\/figure>\n\t<\/div>\n<\/div>\n<\/div>\n            <div class=\"clearboth\"><\/div>\n        <\/div>\n\n\n\t\t\t\n\t\t\t\n\t\t\t\n\t\t<div class=\"clearboth\"><\/div>\n\t<\/div>\n<\/div>\n<div class=\"vc_row-full-width vc_clearfix\"><\/div>\n\n\n<div class=\"vc_col-sm-12 wpb_column column_container  jupiter-donut- _ jupiter-donut-height-full\">\n\t<\/div>\n\n<\/section>","protected":false},"excerpt":{"rendered":"Elaboraci\u00f3n de productos para marcas de terceros En BIOSASUN ofrecemos la elaboraci\u00f3n de productos para marcas de terceros, fabricados en nuestras instalaciones siguiendo nuestros propios procesos y formulaciones, y comercializados bajo la marca de la empresa colaboradora. Estamos abiertos a escuchar propuestas de colaboraci\u00f3n con empresas que busquen un socio fiable para fabricar sus productos, [...]","protected":false},"author":3,"featured_media":0,"parent":0,"menu_order":0,"comment_status":"closed","ping_status":"closed","template":"","meta":{"footnotes":""},"class_list":["post-4686","page","type-page","status-publish","hentry"],"aioseo_notices":[],"_links":{"self":[{"href":"https:\/\/biosasun.eu\/es_es\/wp-json\/wp\/v2\/pages\/4686","targetHints":{"allow":["GET"]}}],"collection":[{"href":"https:\/\/biosasun.eu\/es_es\/wp-json\/wp\/v2\/pages"}],"about":[{"href":"https:\/\/biosasun.eu\/es_es\/wp-json\/wp\/v2\/types\/page"}],"author":[{"embeddable":true,"href":"https:\/\/biosasun.eu\/es_es\/wp-json\/wp\/v2\/users\/3"}],"replies":[{"embeddable":true,"href":"https:\/\/biosasun.eu\/es_es\/wp-json\/wp\/v2\/comments?post=4686"}],"version-history":[{"count":5,"href":"https:\/\/biosasun.eu\/es_es\/wp-json\/wp\/v2\/pages\/4686\/revisions"}],"predecessor-version":[{"id":4806,"href":"https:\/\/biosasun.eu\/es_es\/wp-json\/wp\/v2\/pages\/4686\/revisions\/4806"}],"wp:attachment":[{"href":"https:\/\/biosasun.eu\/es_es\/wp-json\/wp\/v2\/media?parent=4686"}],"curies":[{"name":"wp","href":"https:\/\/api.w.org\/{rel}","templated":true}]}}