{"id":4708,"date":"2025-12-24T11:08:42","date_gmt":"2025-12-24T11:08:42","guid":{"rendered":"https:\/\/biosasun.kalmadigital.com\/?page_id=4708"},"modified":"2026-02-13T11:46:41","modified_gmt":"2026-02-13T11:46:41","slug":"servicios-que-ofrecemos","status":"publish","type":"page","link":"https:\/\/biosasun.eu\/es_es\/servicios-que-ofrecemos\/","title":{"rendered":"Servicios que ofrecemos en Biosasun"},"content":{"rendered":"<section class=\"wpb-content-wrapper\">\n<div class=\"mk-page-section-wrapper\" data-mk-full-width=\"true\" data-mk-full-width-init=\"true\" data-mk-stretch-content=\"true\">\n\t<div id=\"redes-sociales\" class=\"mk-page-section self-hosted   full_layout full-width-1 js-el js-master-row jupiter-donut-   \"    data-intro-effect=\"false\">\n\n\t\t\t\n\t\t\t<div class=\"mk-page-section-inner\">\n\t\t\t\t\n\n\n<div class=\"mk-video-color-mask\"><\/div>\n\n\t\t\t\t\n\t\t\t\t\t\t\t<\/div>\n\n\t\t\t\n        <div class=\"page-section-content vc_row-fluid mk-grid \" >\n            <div class=\"mk-padding-wrapper wpb_row\">\n<div class=\"vc_col-sm-12 wpb_column column_container  jupiter-donut- _ jupiter-donut-height-full\">\n\t\n<div id=\"padding-3\" class=\"mk-padding-divider jupiter-donut-  jupiter-donut-clearfix\"><\/div>\n\n\n<h1 id=\"fancy-title-4\" class=\"mk-fancy-title  simple-style jupiter-donut-  color-single\">\n\t<span>\n\t\t\t\t<p>Servicios<\/p>\n\t\t\t<\/span>\n<\/h1>\n<div class=\"clearboth\"><\/div>\n\n\n\n\n<div id=\"padding-5\" class=\"mk-padding-divider jupiter-donut-  jupiter-donut-clearfix\"><\/div>\n\n\n<div id=\"mk-button-6\" class=\"mk-button-container _ jupiter-donut-relative    jupiter-donut-block jupiter-donut-text-center \">\n\n\t\n\t\t<a href=\"https:\/\/biosasun.eu\/e-consultoria\/\" target=\"_self\" class=\"mk-button js-smooth-scroll mk-button--dimension-outline mk-button--size-x-large mk-button--corner-full_rounded _ jupiter-donut-relative jupiter-donut-text-center jupiter-donut-font-weight-700 jupiter-donut-no-backface  jupiter-donut-letter-spacing-2 jupiter-donut-inline-block\"><span class=\"mk-button--text\">E-COnsultor\u00eda<\/span><\/a>\n\n\t\n<\/div>\n\n<div id=\"padding-7\" class=\"mk-padding-divider jupiter-donut-  jupiter-donut-clearfix\"><\/div>\n\n\n<div id=\"mk-button-8\" class=\"mk-button-container _ jupiter-donut-relative    jupiter-donut-block jupiter-donut-text-center \">\n\n\t\n\t\t<a href=\"https:\/\/biosasun.eu\/idi-servicios\/\" target=\"_self\" class=\"mk-button js-smooth-scroll mk-button--dimension-outline mk-button--size-x-large mk-button--corner-full_rounded _ jupiter-donut-relative jupiter-donut-text-center jupiter-donut-font-weight-700 jupiter-donut-no-backface  jupiter-donut-letter-spacing-2 jupiter-donut-inline-block\"><span class=\"mk-button--text\">Acompa\u00f1amiento en Proyectos de I+D+i<\/span><\/a>\n\n\t\n<\/div>\n\n<div id=\"padding-9\" class=\"mk-padding-divider jupiter-donut-  jupiter-donut-clearfix\"><\/div>\n\n\n<div id=\"mk-button-10\" class=\"mk-button-container _ jupiter-donut-relative    jupiter-donut-block jupiter-donut-text-center \">\n\n\t\n\t\t<a href=\"https:\/\/biosasun.eu\/elaboracion-de-productos-para-marcas-de-terceros\/\" target=\"_self\" class=\"mk-button js-smooth-scroll mk-button--dimension-outline mk-button--size-x-large mk-button--corner-full_rounded _ jupiter-donut-relative jupiter-donut-text-center jupiter-donut-font-weight-700 jupiter-donut-no-backface  jupiter-donut-letter-spacing-2 jupiter-donut-inline-block\"><span class=\"mk-button--text\">Elaboraci\u00f3n de productos para marcas de terceros<\/span><\/a>\n\n\t\n<\/div>\n\n<div id=\"padding-11\" class=\"mk-padding-divider jupiter-donut-  jupiter-donut-clearfix\"><\/div>\n\n\n\t<div  class=\"wpb_single_image wpb_content_element vc_align_center\">\n\t\t\n\t\t<figure class=\"wpb_wrapper vc_figure\">\n\t\t\t<div class=\"vc_single_image-wrapper   vc_box_border_grey\"><img loading=\"lazy\" decoding=\"async\" class=\"vc_single_image-img \" src=\"https:\/\/biosasun.eu\/wp-content\/uploads\/2025\/12\/servicios_v7-897x130.jpg\" width=\"897\" height=\"130\" alt=\"\" title=\"\" \/><\/div>\n\t\t<\/figure>\n\t<\/div>\n<\/div>\n<\/div>\n            <div class=\"clearboth\"><\/div>\n        <\/div>\n\n\n\t\t\t\n\t\t\t\n\t\t\t\n\t\t<div class=\"clearboth\"><\/div>\n\t<\/div>\n<\/div>\n<div class=\"vc_row-full-width vc_clearfix\"><\/div>\n\n\n<div class=\"vc_col-sm-12 wpb_column column_container  jupiter-donut- _ jupiter-donut-height-full\">\n\t<\/div>\n\n<div class=\"mk-page-section-wrapper\" data-mk-full-width=\"true\" data-mk-full-width-init=\"true\" data-mk-stretch-content=\"true\">\n\t<div id=\"redes-sociales\" class=\"mk-page-section self-hosted   full_layout full-width-13 js-el js-master-row jupiter-donut-   \"    data-intro-effect=\"false\">\n\n\t\t\t\n\t\t\t<div class=\"mk-page-section-inner\">\n\t\t\t\t\n\n\n<div class=\"mk-video-color-mask\"><\/div>\n\n\t\t\t\t\n\t\t\t\t\t\t\t<\/div>\n\n\t\t\t\n        <div class=\"page-section-content vc_row-fluid mk-grid \" >\n            <div class=\"mk-padding-wrapper wpb_row\">\n<div class=\"vc_col-sm-12 wpb_column column_container  jupiter-donut- _ jupiter-donut-height-full\">\n\t\n<div id=\"padding-15\" class=\"mk-padding-divider jupiter-donut-  jupiter-donut-clearfix\"><\/div>\n\n\n<span id=\"fancy-title-16\" class=\"mk-fancy-title  simple-style jupiter-donut-  color-single\">\n\t<span>\n\t\t\t\t<p>S\u00edguenos en redes sociales<\/p>\n\t\t\t<\/span>\n<\/span>\n<div class=\"clearboth\"><\/div>\n\n\n\n\n\n<div class=\"wpb_row vc_inner vc_row vc_row-fluid jupiter-donut-   attched-false   \">\n\t\t\t<div class=\"wpb_column vc_column_container vc_col-sm-3\"><div class=\"vc_column-inner\"><div class=\"wpb_wrapper\">\n<span id=\"fancy-title-17\" class=\"mk-fancy-title  simple-style jupiter-donut-  color-single\">\n\t<span>\n\t\t\t\t<p><a href=\"https:\/\/www.instagram.com\/biosasun\" target=\"_blank\" rel=\"noopener nofollow\"><i class=\"fa-brands fa-instagram\"><\/i><span style=\"display: none;\">.<\/span><\/a><\/p>\n\t\t\t<\/span>\n<\/span>\n<div class=\"clearboth\"><\/div>\n\n\n\n\n<span id=\"fancy-title-18\" class=\"mk-fancy-title  simple-style jupiter-donut-  color-single\">\n\t<span>\n\t\t\t\t<p>Instagram<\/p>\n\t\t\t<\/span>\n<\/span>\n<div class=\"clearboth\"><\/div>\n\n\n\n<\/div><\/div><\/div><div class=\"wpb_column vc_column_container vc_col-sm-3\"><div class=\"vc_column-inner\"><div class=\"wpb_wrapper\">\n<span id=\"fancy-title-19\" class=\"mk-fancy-title  simple-style jupiter-donut-  color-single\">\n\t<span>\n\t\t\t\t<p><a href=\"https:\/\/www.facebook.com\/biosasun\" target=\"_blank\" rel=\"noopener nofollow\"><i class=\"fa-brands fa-facebook\"><\/i><span style=\"display: none;\">.<\/span><\/a><\/p>\n\t\t\t<\/span>\n<\/span>\n<div class=\"clearboth\"><\/div>\n\n\n\n\n<span id=\"fancy-title-20\" class=\"mk-fancy-title  simple-style jupiter-donut-  color-single\">\n\t<span>\n\t\t\t\t<p>Facebook<\/p>\n\t\t\t<\/span>\n<\/span>\n<div class=\"clearboth\"><\/div>\n\n\n\n<\/div><\/div><\/div><div class=\"wpb_column vc_column_container vc_col-sm-3\"><div class=\"vc_column-inner\"><div class=\"wpb_wrapper\">\n<span id=\"fancy-title-21\" class=\"mk-fancy-title  simple-style jupiter-donut-  color-single\">\n\t<span>\n\t\t\t\t<p><a href=\"https:\/\/www.youtube.com\/@Allotarra\" target=\"_blank\" rel=\"noopener nofollow\"><i class=\"fa-brands fa-youtube\"><\/i><span style=\"display: none;\">.<\/span><\/a><\/p>\n\t\t\t<\/span>\n<\/span>\n<div class=\"clearboth\"><\/div>\n\n\n\n\n<span id=\"fancy-title-22\" class=\"mk-fancy-title  simple-style jupiter-donut-  color-single\">\n\t<span>\n\t\t\t\t<p>YouTube<\/p>\n\t\t\t<\/span>\n<\/span>\n<div class=\"clearboth\"><\/div>\n\n\n\n<\/div><\/div><\/div><div class=\"wpb_column vc_column_container vc_col-sm-3\"><div class=\"vc_column-inner\"><div class=\"wpb_wrapper\">\n<span id=\"fancy-title-23\" class=\"mk-fancy-title  simple-style jupiter-donut-  color-single\">\n\t<span>\n\t\t\t\t<p><a href=\"https:\/\/es.linkedin.com\/company\/biosasun-sa\" target=\"_blank\" rel=\"noopener nofollow\"><i class=\"fa-brands fa-linkedin\"><\/i><span style=\"display: none;\">.<\/span><\/a><\/p>\n\t\t\t<\/span>\n<\/span>\n<div class=\"clearboth\"><\/div>\n\n\n\n\n<span id=\"fancy-title-24\" class=\"mk-fancy-title  simple-style jupiter-donut-  color-single\">\n\t<span>\n\t\t\t\t<p>Linkedin<\/p>\n\t\t\t<\/span>\n<\/span>\n<div class=\"clearboth\"><\/div>\n\n\n\n<\/div><\/div><\/div>\t<\/div>\n<div id=\"divider-25\" class=\"mk-divider  jupiter-donut-  custom-width center thick_solid  \">\n\n\t\t\t<div class=\"divider-inner\"><\/div>\n\t\n<\/div>\n<div class=\"clearboth\"><\/div>\n\n<div id=\"padding-26\" class=\"mk-padding-divider jupiter-donut-  jupiter-donut-clearfix\"><\/div>\n\n<\/div>\n<\/div>\n            <div class=\"clearboth\"><\/div>\n        <\/div>\n\n\n\t\t\t\n\t\t\t\n\t\t\t\n\t\t<div class=\"clearboth\"><\/div>\n\t<\/div>\n<\/div>\n<div class=\"vc_row-full-width vc_clearfix\"><\/div>\n\n\n<div class=\"mk-page-section-wrapper\" data-mk-full-width=\"true\" data-mk-full-width-init=\"true\" data-mk-stretch-content=\"true\">\n\t<div id=\"redes-sociales\" class=\"mk-page-section self-hosted   full_layout full-width-27 js-el js-master-row jupiter-donut-   \"    data-intro-effect=\"false\">\n\n\t\t\t\n\t\t\t<div class=\"mk-page-section-inner\">\n\t\t\t\t\n\n\n<div class=\"mk-video-color-mask\"><\/div>\n\n\t\t\t\t\n\t\t\t\t\t\t\t<\/div>\n\n\t\t\t\n        <div class=\"page-section-content vc_row-fluid mk-grid \" >\n            <div class=\"mk-padding-wrapper wpb_row\">\n<div class=\"vc_col-sm-12 wpb_column column_container  jupiter-donut- _ jupiter-donut-height-full\">\n\t\n<div id=\"padding-29\" class=\"mk-padding-divider jupiter-donut-  jupiter-donut-clearfix\"><\/div>\n\n\n<span id=\"fancy-title-30\" class=\"mk-fancy-title  simple-style jupiter-donut-  color-single\">\n\t<span>\n\t\t\t\t<p><strong>\u00aeBiosasun \u00aeOleohealth \u00aeBiosasun Gourmet<br \/>\n<\/strong>Ctra. Allo-Arroniz Km1 CP 31263 Dicastillo (Navarra)<\/p>\n<p><i class=\"fas fa-phone-alt\" style=\"color: #758e42;\"><\/i><a href=\"tel:+34\">+34 647 922 945<\/a> | <a href=\"https:\/\/biosasun.eu\/contacto\">Cont\u00e1ctenos <\/a> <i class=\"fas fa-envelope\" style=\"color: #758e42;\"><\/i> <a href=\"mailto:biosasun@biosasun.eu\" rel=\"noopener\">biosasun@biosasun.eu<\/a><\/p>\n\t\t\t<\/span>\n<\/span>\n<div class=\"clearboth\"><\/div>\n\n\n\n<\/div>\n<\/div>\n            <div class=\"clearboth\"><\/div>\n        <\/div>\n\n\n\t\t\t\n\t\t\t\n\t\t\t\n\t\t<div class=\"clearboth\"><\/div>\n\t<\/div>\n<\/div>\n<div class=\"vc_row-full-width vc_clearfix\"><\/div>\n\n\n<\/section>","protected":false},"excerpt":{"rendered":"Servicios E-COnsultor\u00eda Acompa\u00f1amiento en Proyectos de I+D+i Elaboraci\u00f3n de productos para marcas de terceros S\u00edguenos en redes sociales . Instagram . Facebook . YouTube . Linkedin \u00aeBiosasun \u00aeOleohealth \u00aeBiosasun Gourmet Ctra. Allo-Arroniz Km1 CP 31263 Dicastillo (Navarra) +34 647 922 945 | Cont\u00e1ctenos biosasun@biosasun.eu","protected":false},"author":3,"featured_media":0,"parent":0,"menu_order":0,"comment_status":"closed","ping_status":"closed","template":"","meta":{"footnotes":""},"class_list":["post-4708","page","type-page","status-publish","hentry"],"aioseo_notices":[],"_links":{"self":[{"href":"https:\/\/biosasun.eu\/es_es\/wp-json\/wp\/v2\/pages\/4708","targetHints":{"allow":["GET"]}}],"collection":[{"href":"https:\/\/biosasun.eu\/es_es\/wp-json\/wp\/v2\/pages"}],"about":[{"href":"https:\/\/biosasun.eu\/es_es\/wp-json\/wp\/v2\/types\/page"}],"author":[{"embeddable":true,"href":"https:\/\/biosasun.eu\/es_es\/wp-json\/wp\/v2\/users\/3"}],"replies":[{"embeddable":true,"href":"https:\/\/biosasun.eu\/es_es\/wp-json\/wp\/v2\/comments?post=4708"}],"version-history":[{"count":35,"href":"https:\/\/biosasun.eu\/es_es\/wp-json\/wp\/v2\/pages\/4708\/revisions"}],"predecessor-version":[{"id":4829,"href":"https:\/\/biosasun.eu\/es_es\/wp-json\/wp\/v2\/pages\/4708\/revisions\/4829"}],"wp:attachment":[{"href":"https:\/\/biosasun.eu\/es_es\/wp-json\/wp\/v2\/media?parent=4708"}],"curies":[{"name":"wp","href":"https:\/\/api.w.org\/{rel}","templated":true}]}}