{"id":4836,"date":"2026-02-09T10:02:14","date_gmt":"2026-02-09T10:02:14","guid":{"rendered":"https:\/\/biosasun.kalmadigital.com\/?page_id=4836"},"modified":"2026-04-15T08:49:19","modified_gmt":"2026-04-15T08:49:19","slug":"notas-de-prensa-relacionadas-con-biosasun","status":"publish","type":"page","link":"https:\/\/biosasun.eu\/es_es\/notas-de-prensa-relacionadas-con-biosasun\/","title":{"rendered":"Notas de prensa relacionadas con Biosasun"},"content":{"rendered":"<section class=\"wpb-content-wrapper\">\n<div class=\"mk-page-section-wrapper\" data-mk-full-width=\"true\" data-mk-full-width-init=\"true\" data-mk-stretch-content=\"true\">\n\t<div id=\"binafie\" class=\"mk-page-section self-hosted   full_layout full-width-1 js-el js-master-row jupiter-donut-   \"    data-intro-effect=\"false\">\n\n\t\t\t\n\t\t\t<div class=\"mk-page-section-inner\">\n\t\t\t\t\n\n\n<div class=\"mk-video-color-mask\"><\/div>\n\n\t\t\t\t\n\t\t\t\t\t\t\t<\/div>\n\n\t\t\t\n        <div class=\"page-section-content vc_row-fluid mk-grid \" >\n            <div class=\"mk-padding-wrapper wpb_row\">\n<div class=\"vc_col-sm-3 wpb_column column_container  jupiter-donut- _ jupiter-donut-height-full\">\n\t<\/div>\n\n<div class=\"vc_col-sm-9 wpb_column column_container  jupiter-donut- _ jupiter-donut-height-full\">\n\t\n<h1 id=\"fancy-title-4\" class=\"mk-fancy-title  simple-style jupiter-donut-  color-single\">\n\t<span>\n\t\t\t\t<p><span style=\"color: #777777;\">Notas de prensa relacionadas con Biosasun<\/span><\/p>\n\t\t\t<\/span>\n<\/h1>\n<div class=\"clearboth\"><\/div>\n\n\n\n<\/div>\n<\/div>\n            <div class=\"clearboth\"><\/div>\n        <\/div>\n\n\n\t\t\t\n\t\t\t\n\t\t\t\n\t\t<div class=\"clearboth\"><\/div>\n\t<\/div>\n<\/div>\n<div class=\"vc_row-full-width vc_clearfix\"><\/div>\n\n\n<div class=\"mk-page-section-wrapper\" data-mk-full-width=\"true\" data-mk-full-width-init=\"true\" data-mk-stretch-content=\"true\">\n\t<div id=\"binafie\" class=\"mk-page-section self-hosted   full_layout full-width-5 js-el js-master-row jupiter-donut-   \"    data-intro-effect=\"false\">\n\n\t\t\t\n\t\t\t<div class=\"mk-page-section-inner\">\n\t\t\t\t\n\n\n<div class=\"mk-video-color-mask\"><\/div>\n\n\t\t\t\t\n\t\t\t\t\t\t\t<\/div>\n\n\t\t\t\n        <div class=\"page-section-content vc_row-fluid mk-grid \" >\n            <div class=\"mk-padding-wrapper wpb_row\">\n<div class=\"vc_col-sm-3 wpb_column column_container  jupiter-donut- _ jupiter-donut-height-full\">\n\t\n\t<div  class=\"wpb_single_image wpb_content_element vc_align_right  wpb_animate_when_almost_visible wpb_slideInLeft slideInLeft\">\n\t\t\n\t\t<figure class=\"wpb_wrapper vc_figure\">\n\t\t\t<div class=\"vc_single_image-wrapper   vc_box_border_grey\"><img loading=\"lazy\" decoding=\"async\" class=\"vc_single_image-img \" src=\"https:\/\/biosasun.eu\/wp-content\/uploads\/2026\/02\/notasv2-50x50.png\" width=\"50\" height=\"50\" alt=\"Notas de prensa relacionadas con Biosasun\" title=\"Notas de prensa relacionadas con Biosasun\" \/><\/div>\n\t\t<\/figure>\n\t<\/div>\n<\/div>\n\n<div class=\"vc_col-sm-9 wpb_column column_container  jupiter-donut- _ jupiter-donut-height-full\">\n\t\n<span id=\"fancy-title-8\" class=\"mk-fancy-title  simple-style jupiter-donut-  color-single\">\n\t<span>\n\t\t\t\t<p style=\"text-align: justify;\"><a href=\"https:\/\/www.redpac.es\/revista\/2026primavera\/pdf\/cadena.pdf\" target=\"_blank\" rel=\"noopener\"><span style=\"color: #758e42;\">Cadena de Valor. Birbizi, desechos de la agroindustria como base de<br \/>\nnuevos alimentos saludables<\/span> &gt;Originalmente en castellano.<\/a> <span style=\"color: #777777;\">1\/04\/26<\/span><\/p>\n\t\t\t<\/span>\n<\/span>\n<div class=\"clearboth\"><\/div>\n\n\n\n<div class=\"vc_separator wpb_content_element vc_separator_align_center vc_sep_width_100 vc_sep_pos_align_center vc_separator_no_text vc_sep_color_grey\" ><span class=\"vc_sep_holder vc_sep_holder_l\"><span class=\"vc_sep_line\"><\/span><\/span><span class=\"vc_sep_holder vc_sep_holder_r\"><span class=\"vc_sep_line\"><\/span><\/span>\n<\/div><\/div>\n<\/div>\n            <div class=\"clearboth\"><\/div>\n        <\/div>\n\n\n\t\t\t\n\t\t\t\n\t\t\t\n\t\t<div class=\"clearboth\"><\/div>\n\t<\/div>\n<\/div>\n<div class=\"vc_row-full-width vc_clearfix\"><\/div>\n\n\n<div class=\"mk-page-section-wrapper\" data-mk-full-width=\"true\" data-mk-full-width-init=\"true\" data-mk-stretch-content=\"true\">\n\t<div id=\"binafie\" class=\"mk-page-section self-hosted   full_layout full-width-9 js-el js-master-row jupiter-donut-   \"    data-intro-effect=\"false\">\n\n\t\t\t\n\t\t\t<div class=\"mk-page-section-inner\">\n\t\t\t\t\n\n\n<div class=\"mk-video-color-mask\"><\/div>\n\n\t\t\t\t\n\t\t\t\t\t\t\t<\/div>\n\n\t\t\t\n        <div class=\"page-section-content vc_row-fluid mk-grid \" >\n            <div class=\"mk-padding-wrapper wpb_row\">\n<div class=\"vc_col-sm-3 wpb_column column_container  jupiter-donut- _ jupiter-donut-height-full\">\n\t\n\t<div  class=\"wpb_single_image wpb_content_element vc_align_right  wpb_animate_when_almost_visible wpb_slideInLeft slideInLeft\">\n\t\t\n\t\t<figure class=\"wpb_wrapper vc_figure\">\n\t\t\t<div class=\"vc_single_image-wrapper   vc_box_border_grey\"><img loading=\"lazy\" decoding=\"async\" class=\"vc_single_image-img \" src=\"https:\/\/biosasun.eu\/wp-content\/uploads\/2026\/02\/notasv2-50x50.png\" width=\"50\" height=\"50\" alt=\"Notas de prensa relacionadas con Biosasun\" title=\"Notas de prensa relacionadas con Biosasun\" \/><\/div>\n\t\t<\/figure>\n\t<\/div>\n<\/div>\n\n<div class=\"vc_col-sm-9 wpb_column column_container  jupiter-donut- _ jupiter-donut-height-full\">\n\t\n<span id=\"fancy-title-12\" class=\"mk-fancy-title  simple-style jupiter-donut-  color-single\">\n\t<span>\n\t\t\t\t<p style=\"text-align: justify;\"><a href=\"https:\/\/euskalirratiak.eus\/aktualitatea\/edabeen-etxea-sortuko-dute-azkaraten\" target=\"_blank\" rel=\"noopener\"><span style=\"color: #758e42;\">Crear\u00e1n una casa de bebidas en Azkarat, un espacio para productores de bebidas<\/span> &gt;Originalmente en euskera.<\/a> <span style=\"color: #777777;\">6\/02\/26<\/span><\/p>\n\t\t\t<\/span>\n<\/span>\n<div class=\"clearboth\"><\/div>\n\n\n\n<div class=\"vc_separator wpb_content_element vc_separator_align_center vc_sep_width_100 vc_sep_pos_align_center vc_separator_no_text vc_sep_color_grey\" ><span class=\"vc_sep_holder vc_sep_holder_l\"><span class=\"vc_sep_line\"><\/span><\/span><span class=\"vc_sep_holder vc_sep_holder_r\"><span class=\"vc_sep_line\"><\/span><\/span>\n<\/div><\/div>\n<\/div>\n            <div class=\"clearboth\"><\/div>\n        <\/div>\n\n\n\t\t\t\n\t\t\t\n\t\t\t\n\t\t<div class=\"clearboth\"><\/div>\n\t<\/div>\n<\/div>\n<div class=\"vc_row-full-width vc_clearfix\"><\/div>\n\n\n<div class=\"mk-page-section-wrapper\" data-mk-full-width=\"true\" data-mk-full-width-init=\"true\" data-mk-stretch-content=\"true\">\n\t<div id=\"binafie\" class=\"mk-page-section self-hosted   full_layout full-width-13 js-el js-master-row jupiter-donut-   \"    data-intro-effect=\"false\">\n\n\t\t\t\n\t\t\t<div class=\"mk-page-section-inner\">\n\t\t\t\t\n\n\n<div class=\"mk-video-color-mask\"><\/div>\n\n\t\t\t\t\n\t\t\t\t\t\t\t<\/div>\n\n\t\t\t\n        <div class=\"page-section-content vc_row-fluid mk-grid \" >\n            <div class=\"mk-padding-wrapper wpb_row\">\n<div class=\"vc_col-sm-3 wpb_column column_container  jupiter-donut- _ jupiter-donut-height-full\">\n\t\n\t<div  class=\"wpb_single_image wpb_content_element vc_align_right  wpb_animate_when_almost_visible wpb_slideInLeft slideInLeft\">\n\t\t\n\t\t<figure class=\"wpb_wrapper vc_figure\">\n\t\t\t<div class=\"vc_single_image-wrapper   vc_box_border_grey\"><img loading=\"lazy\" decoding=\"async\" class=\"vc_single_image-img \" src=\"https:\/\/biosasun.eu\/wp-content\/uploads\/2026\/02\/notasv2-50x50.png\" width=\"50\" height=\"50\" alt=\"Notas de prensa relacionadas con Biosasun\" title=\"Notas de prensa relacionadas con Biosasun\" \/><\/div>\n\t\t<\/figure>\n\t<\/div>\n<\/div>\n\n<div class=\"vc_col-sm-9 wpb_column column_container  jupiter-donut- _ jupiter-donut-height-full\">\n\t\n<span id=\"fancy-title-16\" class=\"mk-fancy-title  simple-style jupiter-donut-  color-single\">\n\t<span>\n\t\t\t\t<p style=\"text-align: justify;\"><a href=\"https:\/\/www.noticiasdenavarra.com\/navarra\/2026\/01\/26\/batido-proteico-km-0-10620742.html\" target=\"_blank\" rel=\"noopener\"><span style=\"color: #758e42;\">La Granja Escuela Ultzama produce, a partir del lactosuero que se obtiene elaborando queso, una bebida alta en prote\u00ednas El producto sirve, adem\u00e1s, para tratar las \u00falceras por presi\u00f3n de ancianos.<\/span> &gt;Originalmente en castellano.<\/a> <span style=\"color: #777777;\">26\/01\/26<\/span><\/p>\n\t\t\t<\/span>\n<\/span>\n<div class=\"clearboth\"><\/div>\n\n\n\n<div class=\"vc_separator wpb_content_element vc_separator_align_center vc_sep_width_100 vc_sep_pos_align_center vc_separator_no_text vc_sep_color_grey\" ><span class=\"vc_sep_holder vc_sep_holder_l\"><span class=\"vc_sep_line\"><\/span><\/span><span class=\"vc_sep_holder vc_sep_holder_r\"><span class=\"vc_sep_line\"><\/span><\/span>\n<\/div><\/div>\n<\/div>\n            <div class=\"clearboth\"><\/div>\n        <\/div>\n\n\n\t\t\t\n\t\t\t\n\t\t\t\n\t\t<div class=\"clearboth\"><\/div>\n\t<\/div>\n<\/div>\n<div class=\"vc_row-full-width vc_clearfix\"><\/div>\n\n\n<div class=\"vc_col-sm-12 wpb_column column_container  jupiter-donut- _ jupiter-donut-height-full\">\n\t<\/div>\n\n<\/section>","protected":false},"excerpt":{"rendered":"Notas de prensa relacionadas con Biosasun Cadena de Valor. Birbizi, desechos de la agroindustria como base de nuevos alimentos saludables &gt;Originalmente en castellano. 1\/04\/26 Crear\u00e1n una casa de bebidas en Azkarat, un espacio para productores de bebidas &gt;Originalmente en euskera. 6\/02\/26 La Granja Escuela Ultzama produce, a partir del lactosuero que se obtiene elaborando queso, [...]","protected":false},"author":3,"featured_media":0,"parent":0,"menu_order":0,"comment_status":"closed","ping_status":"closed","template":"","meta":{"footnotes":""},"class_list":["post-4836","page","type-page","status-publish","hentry"],"aioseo_notices":[],"_links":{"self":[{"href":"https:\/\/biosasun.eu\/es_es\/wp-json\/wp\/v2\/pages\/4836","targetHints":{"allow":["GET"]}}],"collection":[{"href":"https:\/\/biosasun.eu\/es_es\/wp-json\/wp\/v2\/pages"}],"about":[{"href":"https:\/\/biosasun.eu\/es_es\/wp-json\/wp\/v2\/types\/page"}],"author":[{"embeddable":true,"href":"https:\/\/biosasun.eu\/es_es\/wp-json\/wp\/v2\/users\/3"}],"replies":[{"embeddable":true,"href":"https:\/\/biosasun.eu\/es_es\/wp-json\/wp\/v2\/comments?post=4836"}],"version-history":[{"count":37,"href":"https:\/\/biosasun.eu\/es_es\/wp-json\/wp\/v2\/pages\/4836\/revisions"}],"predecessor-version":[{"id":5082,"href":"https:\/\/biosasun.eu\/es_es\/wp-json\/wp\/v2\/pages\/4836\/revisions\/5082"}],"wp:attachment":[{"href":"https:\/\/biosasun.eu\/es_es\/wp-json\/wp\/v2\/media?parent=4836"}],"curies":[{"name":"wp","href":"https:\/\/api.w.org\/{rel}","templated":true}]}}