{"id":4880,"date":"2026-02-11T12:15:51","date_gmt":"2026-02-11T12:15:51","guid":{"rendered":"https:\/\/biosasun.kalmadigital.com\/?page_id=4880"},"modified":"2026-02-11T12:59:20","modified_gmt":"2026-02-11T12:59:20","slug":"los-polifenoles","status":"publish","type":"page","link":"https:\/\/biosasun.eu\/es_es\/los-polifenoles\/","title":{"rendered":"Los Polifenoles y el aceite de Oliva"},"content":{"rendered":"<section class=\"wpb-content-wrapper\">\n<div class=\"mk-page-section-wrapper\" data-mk-full-width=\"true\" data-mk-full-width-init=\"true\" data-mk-stretch-content=\"true\">\n\t<div id=\"page-section-1\" class=\"mk-page-section self-hosted   full_layout full-width-1 js-el js-master-row jupiter-donut-   \"    data-intro-effect=\"false\">\n\n\t\t\t\n\t\t\t<div class=\"mk-page-section-inner\">\n\t\t\t\t\n\n\n<div class=\"mk-video-color-mask\"><\/div>\n\n\t\t\t\t\n\t\t\t\t\t\t\t<\/div>\n\n\t\t\t\n        <div class=\"page-section-content vc_row-fluid mk-grid \" >\n            <div class=\"mk-padding-wrapper wpb_row\">\n<div class=\"vc_col-sm-6 wpb_column column_container  jupiter-donut- _ jupiter-donut-height-full\">\n\t\n\t<div  class=\"wpb_single_image wpb_content_element vc_align_center  wpb_animate_when_almost_visible wpb_bounceInDown bounceInDown\">\n\t\t\n\t\t<figure class=\"wpb_wrapper vc_figure\">\n\t\t\t<div class=\"vc_single_image-wrapper   vc_box_border_grey\"><img loading=\"lazy\" decoding=\"async\" class=\"vc_single_image-img \" src=\"https:\/\/biosasun.eu\/wp-content\/uploads\/2025\/09\/olivas-2.jpg\" width=\"850\" height=\"566\" alt=\"Polifenoles\" title=\"\" \/><\/div>\n\t\t<\/figure>\n\t<\/div>\n<\/div>\n\n<div class=\"vc_col-sm-6 wpb_column column_container  jupiter-donut- _ jupiter-donut-height-full\">\n\t\n<h1 id=\"fancy-title-4\" class=\"mk-fancy-title  simple-style jupiter-donut-  color-single\">\n\t<span>\n\t\t\t\t<p style=\"text-align: left;\">Los polifenoles, qu\u00e9 son y d\u00f3nde se encuentran<\/p>\n\t\t\t<\/span>\n<\/h1>\n<div class=\"clearboth\"><\/div>\n\n\n\n\n<h3 id=\"fancy-title-5\" class=\"mk-fancy-title  simple-style jupiter-donut-  color-single\">\n\t<span>\n\t\t\t\t<p style=\"text-align: justify;\">Los polifenoles son compuestos naturales bioactivos, con capacidad antioxidante, que han despertado un gran inter\u00e9s a nivel nutricional por sus acciones, no solo en estado de salud, sino en la prevenci\u00f3n de las alteraciones funcionales y estructurales de diversas enfermedades. Los polifenoles se encuentran, entre otras especies vegetales, en las hojas y fruto del olivo de manera, que siguiendo un adecuado proceso de elaboraci\u00f3n pueden estar presentes en el aceite.<\/p>\n\t\t\t<\/span>\n<\/h3>\n<div class=\"clearboth\"><\/div>\n\n\n\n<div class=\"vc_separator wpb_content_element vc_separator_align_center vc_sep_width_100 vc_sep_pos_align_center vc_separator_no_text vc_sep_color_grey\" ><span class=\"vc_sep_holder vc_sep_holder_l\"><span class=\"vc_sep_line\"><\/span><\/span><span class=\"vc_sep_holder vc_sep_holder_r\"><span class=\"vc_sep_line\"><\/span><\/span>\n<\/div><\/div>\n<\/div>\n            <div class=\"clearboth\"><\/div>\n        <\/div>\n\n\n\t\t\t\n\t\t\t\n\t\t\t\n\t\t<div class=\"clearboth\"><\/div>\n\t<\/div>\n<\/div>\n<div class=\"vc_row-full-width vc_clearfix\"><\/div>\n\n\n<div class=\"mk-page-section-wrapper\" data-mk-full-width=\"true\" data-mk-full-width-init=\"true\" data-mk-stretch-content=\"true\">\n\t<div id=\"page-section-6\" class=\"mk-page-section self-hosted   full_layout full-width-6 js-el js-master-row jupiter-donut-   \"    data-intro-effect=\"false\">\n\n\t\t\t\n\t\t\t<div class=\"mk-page-section-inner\">\n\t\t\t\t\n\n\n<div class=\"mk-video-color-mask\"><\/div>\n\n\t\t\t\t\n\t\t\t\t\t\t\t<\/div>\n\n\t\t\t\n        <div class=\"page-section-content vc_row-fluid mk-grid \" >\n            <div class=\"mk-padding-wrapper wpb_row\">\n<div class=\"vc_col-sm-6 wpb_column column_container  jupiter-donut- _ jupiter-donut-height-full\">\n\t\n<h1 id=\"fancy-title-8\" class=\"mk-fancy-title  simple-style jupiter-donut-  color-single\">\n\t<span>\n\t\t\t\t<p style=\"text-align: left;\"><span style=\"color: #758e42;\">El aceite de Oliva Virgen Extra, beneficios \u00fanicos<\/span><\/p>\n\t\t\t<\/span>\n<\/h1>\n<div class=\"clearboth\"><\/div>\n\n\n\n\n<h1 id=\"fancy-title-9\" class=\"mk-fancy-title  simple-style jupiter-donut-  color-single\">\n\t<span>\n\t\t\t\t<p style=\"text-align: left;\">Medicina natural<\/p>\n\t\t\t<\/span>\n<\/h1>\n<div class=\"clearboth\"><\/div>\n\n\n\n<\/div>\n\n<div class=\"vc_col-sm-6 wpb_column column_container  jupiter-donut- _ jupiter-donut-height-full\">\n\t\n<h3 id=\"fancy-title-11\" class=\"mk-fancy-title  simple-style jupiter-donut-  color-single\">\n\t<span>\n\t\t\t\t<p style=\"text-align: justify;\">Los polifenoles son compuestos naturales bioactivos, con capacidad antioxidante, que han despertado un gran inter\u00e9s a nivel nutricional por sus acciones, no solo en estado de salud, sino en la prevenci\u00f3n de las alteraciones funcionales y estructurales de diversas enfermedades. Los polifenoles se encuentran, entre otras especies vegetales, en las hojas y fruto del olivo de manera, que siguiendo un adecuado proceso de elaboraci\u00f3n pueden estar presentes en el aceite.<\/p>\n\t\t\t<\/span>\n<\/h3>\n<div class=\"clearboth\"><\/div>\n\n\n\n<div class=\"vc_separator wpb_content_element vc_separator_align_center vc_sep_width_100 vc_sep_pos_align_center vc_separator_no_text vc_sep_color_grey\" ><span class=\"vc_sep_holder vc_sep_holder_l\"><span class=\"vc_sep_line\"><\/span><\/span><span class=\"vc_sep_holder vc_sep_holder_r\"><span class=\"vc_sep_line\"><\/span><\/span>\n<\/div><\/div>\n<\/div>\n            <div class=\"clearboth\"><\/div>\n        <\/div>\n\n\n\t\t\t\n\t\t\t\n\t\t\t\n\t\t<div class=\"clearboth\"><\/div>\n\t<\/div>\n<\/div>\n<div class=\"vc_row-full-width vc_clearfix\"><\/div>\n\n\n<div class=\"mk-page-section-wrapper\" data-mk-full-width=\"true\" data-mk-full-width-init=\"true\" data-mk-stretch-content=\"true\">\n\t<div id=\"page-section-12\" class=\"mk-page-section self-hosted   full_layout full-width-12 js-el js-master-row jupiter-donut-   \"    data-intro-effect=\"false\">\n\n\t\t\t\n\t\t\t<div class=\"mk-page-section-inner\">\n\t\t\t\t\n\n\n<div class=\"mk-video-color-mask\"><\/div>\n\n\t\t\t\t\n\t\t\t\t\t\t\t<\/div>\n\n\t\t\t\n        <div class=\"page-section-content vc_row-fluid mk-grid \" >\n            <div class=\"mk-padding-wrapper wpb_row\">\n<div class=\"vc_col-sm-6 wpb_column column_container  jupiter-donut- _ jupiter-donut-height-full\">\n\t\n<h1 id=\"fancy-title-14\" class=\"mk-fancy-title  simple-style jupiter-donut-  color-single\">\n\t<span>\n\t\t\t\t<p style=\"text-align: left;\"><span style=\"color: #758e42;\">Los polifenoles, grandes aliados para nuestra salud<\/span><\/p>\n\t\t\t<\/span>\n<\/h1>\n<div class=\"clearboth\"><\/div>\n\n\n\n\n<h1 id=\"fancy-title-15\" class=\"mk-fancy-title  simple-style jupiter-donut-  color-single\">\n\t<span>\n\t\t\t\t<p style=\"text-align: left;\">Haz que tu alimento sea tu medicina<\/p>\n\t\t\t<\/span>\n<\/h1>\n<div class=\"clearboth\"><\/div>\n\n\n\n<\/div>\n\n<div class=\"vc_col-sm-6 wpb_column column_container  jupiter-donut- _ jupiter-donut-height-full\">\n\t\n<h3 id=\"fancy-title-17\" class=\"mk-fancy-title  simple-style jupiter-donut-  color-single\">\n\t<span>\n\t\t\t\t<p>Estudios cient\u00edficos han demostrado fundamentalmente acciones antioxidantes, aunque tambi\u00e9n, otras acciones claramente beneficiosas para la salud como:<\/p>\n<ul class=\"list-check\">\n<li>Aumenta la protecci\u00f3n frente a los riesgos cardiovasculares y hep\u00e1ticos por su acci\u00f3n depuradora y su contribuci\u00f3n al aumento del colesterol \u201cbueno\u201d (HDL-colesterol) y la reducci\u00f3n del \u201cmalo\u201d (LDL-colesterol)<\/li>\n<li>Ayuda en la prevenci\u00f3n del deterioro cognitivo y demencia<\/li>\n<li>Contribuye a una mayor supervivencia y longevidad<\/li>\n<li>Protege del riesgo de hipertensi\u00f3n<\/li>\n<li>Puede incrementar la protecci\u00f3n frente a determinados tipos de c\u00e1ncer<\/li>\n<li>Colabora en el mantenimiento de un peso corporal saludable<\/li>\n<li>Presenta acci\u00f3n antibi\u00f3tica y antiviral<\/li>\n<\/ul>\n<p style=\"text-align: justify;\">Comit\u00e9s cient\u00edficos de la EFSA y AECOSAN, autoridades Europea y Espa\u00f1ola respectivamente sobre seguridad alimentaria y nutrici\u00f3n, afirman que este beneficio se obtiene con la toma de 5 mg de polifenoles al d\u00eda.<\/p>\n\t\t\t<\/span>\n<\/h3>\n<div class=\"clearboth\"><\/div>\n\n\n\n<div class=\"vc_separator wpb_content_element vc_separator_align_center vc_sep_width_100 vc_sep_pos_align_center vc_separator_no_text vc_sep_color_grey\" ><span class=\"vc_sep_holder vc_sep_holder_l\"><span class=\"vc_sep_line\"><\/span><\/span><span class=\"vc_sep_holder vc_sep_holder_r\"><span class=\"vc_sep_line\"><\/span><\/span>\n<\/div><\/div>\n<\/div>\n            <div class=\"clearboth\"><\/div>\n        <\/div>\n\n\n\t\t\t\n\t\t\t\n\t\t\t\n\t\t<div class=\"clearboth\"><\/div>\n\t<\/div>\n<\/div>\n<div class=\"vc_row-full-width vc_clearfix\"><\/div>\n\n\n<div class=\"mk-page-section-wrapper\" data-mk-full-width=\"true\" data-mk-full-width-init=\"true\" data-mk-stretch-content=\"true\">\n\t<div id=\"page-section-18\" class=\"mk-page-section self-hosted   full_layout full-width-18 js-el js-master-row jupiter-donut-   \"    data-intro-effect=\"false\">\n\n\t\t\t\n\t\t\t<div class=\"mk-page-section-inner\">\n\t\t\t\t\n\n\n<div class=\"mk-video-color-mask\"><\/div>\n\n\t\t\t\t\n\t\t\t\t\t\t\t<\/div>\n\n\t\t\t\n        <div class=\"page-section-content vc_row-fluid mk-grid \" >\n            <div class=\"mk-padding-wrapper wpb_row\">\n<div class=\"vc_col-sm-6 wpb_column column_container  jupiter-donut- _ jupiter-donut-height-full\">\n\t\n<h1 id=\"fancy-title-20\" class=\"mk-fancy-title  simple-style jupiter-donut-  color-single\">\n\t<span>\n\t\t\t\t<p style=\"text-align: left;\"><span style=\"color: #758e42;\">El olivo, fuente natural de polifenoles espec\u00edficos<\/span><\/p>\n\t\t\t<\/span>\n<\/h1>\n<div class=\"clearboth\"><\/div>\n\n\n\n\n<h1 id=\"fancy-title-21\" class=\"mk-fancy-title  simple-style jupiter-donut-  color-single\">\n\t<span>\n\t\t\t\t<p style=\"text-align: left;\">D\u00e9jate cuidar por la naturaleza<\/p>\n\t\t\t<\/span>\n<\/h1>\n<div class=\"clearboth\"><\/div>\n\n\n\n<\/div>\n\n<div class=\"vc_col-sm-6 wpb_column column_container  jupiter-donut- _ jupiter-donut-height-full\">\n\t\n<h3 id=\"fancy-title-23\" class=\"mk-fancy-title  simple-style jupiter-donut-  color-single\">\n\t<span>\n\t\t\t\t<p>En el aceite de Oliva Virgen Extra, podemos encontrar polifenoles beneficiosos como:<\/p>\n<ul>\n<li>Oleurope\u00edna: compuesto fen\u00f3lico responsable del amargor y picor en la garganta que produce el aceite.<\/li>\n<li>Oleocanthal: compuesto fen\u00f3lico encontrado en ciertos AOVEs. Ha surgido como una nueva mol\u00e9cula terap\u00e9utica con acci\u00f3n farmacol\u00f3gica relevante.<\/li>\n<\/ul>\n<p style=\"text-align: justify;\">Para poder mantener todas las propiedades beneficiosas, y un alto nivel de polifenoles, <strong>Biosasun<\/strong> recolecta el fruto en su momento id\u00f3neo, y mantiene un riguroso sistema de elaboraci\u00f3n. El aceite de oliva <strong>Oleohealth<\/strong>, aporta lo mejor de la naturaleza, adem\u00e1s, al ser Ecol\u00f3gico, no contiene ninguna sustancia t\u00f3xica.<\/p>\n\t\t\t<\/span>\n<\/h3>\n<div class=\"clearboth\"><\/div>\n\n\n\n<\/div>\n<\/div>\n            <div class=\"clearboth\"><\/div>\n        <\/div>\n\n\n\t\t\t\n\t\t\t\n\t\t\t\n\t\t<div class=\"clearboth\"><\/div>\n\t<\/div>\n<\/div>\n<div class=\"vc_row-full-width vc_clearfix\"><\/div>\n\n\n<\/section>","protected":false},"excerpt":{"rendered":"Los polifenoles, qu\u00e9 son y d\u00f3nde se encuentran Los polifenoles son compuestos naturales bioactivos, con capacidad antioxidante, que han despertado un gran inter\u00e9s a nivel nutricional por sus acciones, no solo en estado de salud, sino en la prevenci\u00f3n de las alteraciones funcionales y estructurales de diversas enfermedades. Los polifenoles se encuentran, entre otras especies [...]","protected":false},"author":3,"featured_media":0,"parent":0,"menu_order":0,"comment_status":"closed","ping_status":"closed","template":"","meta":{"footnotes":""},"class_list":["post-4880","page","type-page","status-publish","hentry"],"aioseo_notices":[],"_links":{"self":[{"href":"https:\/\/biosasun.eu\/es_es\/wp-json\/wp\/v2\/pages\/4880","targetHints":{"allow":["GET"]}}],"collection":[{"href":"https:\/\/biosasun.eu\/es_es\/wp-json\/wp\/v2\/pages"}],"about":[{"href":"https:\/\/biosasun.eu\/es_es\/wp-json\/wp\/v2\/types\/page"}],"author":[{"embeddable":true,"href":"https:\/\/biosasun.eu\/es_es\/wp-json\/wp\/v2\/users\/3"}],"replies":[{"embeddable":true,"href":"https:\/\/biosasun.eu\/es_es\/wp-json\/wp\/v2\/comments?post=4880"}],"version-history":[{"count":16,"href":"https:\/\/biosasun.eu\/es_es\/wp-json\/wp\/v2\/pages\/4880\/revisions"}],"predecessor-version":[{"id":4897,"href":"https:\/\/biosasun.eu\/es_es\/wp-json\/wp\/v2\/pages\/4880\/revisions\/4897"}],"wp:attachment":[{"href":"https:\/\/biosasun.eu\/es_es\/wp-json\/wp\/v2\/media?parent=4880"}],"curies":[{"name":"wp","href":"https:\/\/api.w.org\/{rel}","templated":true}]}}