{"id":247,"date":"2023-07-09T12:22:51","date_gmt":"2023-07-09T12:22:51","guid":{"rendered":"https:\/\/kalmadigital.com\/?page_id=247"},"modified":"2025-09-29T21:40:22","modified_gmt":"2025-09-29T21:40:22","slug":"politica-de-cookies","status":"publish","type":"page","link":"https:\/\/biosasun.eu\/eu\/politica-de-cookies\/","title":{"rendered":"Cookien politika"},"content":{"rendered":"<h4>1.- Zer da cookie bat?<\/h4>\n<p>Cookie bat zure ordenagailura deskargatzen den fitxategi bat da, webgune jakin batzuetara sartzean. Cookieek, besteak beste, webgune bati aukera ematen diote erabiltzaile baten nabigazio-ohiturei buruzko informazioa gordetzeko eta berreskuratzeko; informazio horren eta ordenagailuaren erabileraren arabera, erabil daitezke erabiltzailea identifikatzeko. Erabiltzailearen nabigatzaileak cookieak disko gogorrean soilik gordetzen ditu saioaren iraupen osoan, memoria-espazio minimoa hartuz eta ordenagailua kaltetu gabe. Cookiek ez dute inolako informazio pertsonal zehatzik gordetzen, eta gehienak nabigatzailearen saioaren amaieran disko gogorrean ezabatzen dira (saioko cookieak deiturikoak). Nabigatzaile gehienek cookieak lehenetsita onartzen dituzte eta, hala ere, segurtasun-ezarpenetan aldi baterako edo gordeak dauden cookieak onartzea edo ukatzea ahalbidetzen dute.<\/p>\n<hr class=\"no_line\" \/>\n<h4>2.- Zergatik erabiltzen ditu BIOSASUNek cookieak?<\/h4>\n<p>Beharrezko cookieek webgunea erabilgarria bihurtzen laguntzen dute, oinarrizko funtzioak ahalbidetuz, hala nola orrien nabigazioa eta webguneko eremu seguruetarako sarbidea. Webguneak ezin du behar bezala funtzionatu cookie hauek gabe.<br \/>\nCookieak zure erabiltzaile-esperientzia hobetzeko erabiltzen dira, eta, beraz, gure webguneak funtzionatzeko moduaren zati garrantzitsua dira. Beste helburu batzuen artean, nabigatzean erabiltzen duzun hizkuntza gogoratzeko eta etorkizuneko bisitetan ere erabiltzeko erabil daitezke.<\/p>\n<hr class=\"no_line\" \/>\n<h4>3.- Zer informazio gordetzen du cookie batek?<\/h4>\n<p>Cookie batek normalean gordetzen duen informazioa ez da informazio sentikorra; ez ditu gordetzen, besteak beste, banku-datuak edo nazio-identitate-txartelaren zenbakiak. Erabiltzailea pertsona gisa ez da identifikatzen; ordea, web zerbitzariak web arakatzailearekin lotzen du.<\/p>\n<hr class=\"no_line\" \/>\n<h4>4.- Zer motatako cookieak daude?<\/h4>\n<p><strong>\u2013 Cookie teknikoak:<\/strong>\u00a0Hauek dira cookieak, erabiltzaileak webgune, plataforma edo aplikazio baten barrena nabigatzea eta bertan dauden aukera edo zerbitzu desberdinak erabiltzea ahalbidetzen dutenak, adibidez, trafikoa eta datu-komunikazioa kontrolatzea, saioa identifikatzea, sarbide mugatuko eremuetara sartzea, eskaera batean sartutako elementuak gogoratzea, eskaera baten erosketa-prozesua gauzatzea, ekitaldi batean izena ematea edo parte hartzea, nabigatzean segurtasun-elementuak erabiltzea, bideoen edo soinuen zabalkunderako edukia gordetzea edo sare sozialen bidez edukia partekatzea.<br \/>\n<strong>\u2013 Saioko cookieak:<\/strong>\u00a0Erabiltzailearen saioan zehar datuak biltzen eta gordetzen dituzte, adibidez, webguneko zerbitzuetara sarbidea errazteko. Saioa amaitzean ezabatzen dira.<br \/>\n<strong>\u2013 Pertsonalizazio-cookieak:<\/strong>\u00a0Hauek dira erabiltzaileak zerbitzura sartzeko aukera ematen duten cookieak, erabiltzailearen terminaleko irizpide multzo baten arabera aurrez definitutako ezaugarri orokor batzuekin, hala nola hizkuntza, zerbitzura sartzeko erabiltzen den nabigatzailearen mota, zerbitzura sartzeko erabiltzen den eskualde-konfigurazioa eta abar.<br \/>\n<strong>\u2013 Azterketa-cookieak:<\/strong>\u00a0Hauek dira, guk edo hirugarrenek behar bezala kudeatuta, erabiltzaileen kopurua kuantifikatzeko eta, horrela, eskaintzen den zerbitzuaren erabilera estatistikoki neurtu eta aztertzeko aukera ematen diguten cookieak. Horretarako, gure webgunean egiten duzun nabigazioa aztertzen dugu, eskaintzen dizkizugun produktu edo zerbitzuen eskaintza hobetzeko.<br \/>\n<strong>\u2013 Publizitate cookieak:<\/strong>\u00a0Hauek dira, guk edo hirugarrenek prozesatuta, webguneko iragarki-espazioa ahalik eta eraginkorren kudeatzeko aukera ematen diguten cookieak, iragarkiaren edukia eskatutako zerbitzuaren edukira edo gure webgunea nola erabiltzen duzunera egokituz. Horretarako, zure Interneteko nabigazio-ohiturak aztertu ditzakegu eta zure nabigazio-profilarekin lotutako iragarkiak erakutsi.<br \/>\n<strong>\u2013 Jokabide-publizitate cookieak:<\/strong>\u00a0Cookie hauek argitaratzaileak eskatutako zerbitzua ematen duen webgune, aplikazio edo plataforman txerta ditzakeen iragarki-espazioen kudeaketa eraginkorrena ahalbidetzen dute. Cookie hauek nabigazio-ohiturei etengabe behatuta lortutako erabiltzaileen portaera-informazioa gordetzen dute, eta horri esker profil zehatz bat garatu daiteke profil horretan oinarritutako iragarkiak erakusteko.<\/p>\n<hr class=\"no_line\" \/>\n<h4>5.- Zein dira lehen alderdiko eta hirugarren alderdiko cookieak?<\/h4>\n<p><strong>\u2013 Lehen pertsonarentzako cookieak:<\/strong>\u00a0Hauek dira guk kudeatzen dugun ordenagailu edo domeinu batetik erabiltzaileari bidaltzen zaizkion cookieak.<br \/>\n<strong>\u2013 Hirugarrenen cookieak:\u00a0<\/strong>Hauek Facebook, Twitter, Google eta antzeko zerbitzu edo hornitzaile kanpokoek sortutakoak lirateke.<\/p>\n<hr class=\"no_line\" \/>\n<h4>6.- Webgune honetan zein cookie erabiltzen dira?<\/h4>\n<p>BIOSASUN webguneak bere cookieak erabiltzen ditu, eta, zehazki, saio-cookieak, erabiltzaileak webgunea bisitatzen duen bitartean datuak biltzen eta gordetzen dituztenak.<br \/>\nEra berean, hirugarrenen cookieak erabil ditzake, webgunearen erabilerari buruzko informazioa estatistika-helburuetarako biltzeko eta jarduera honi eta beste Internet zerbitzu batzuei lotutako beste zerbitzu batzuk eskaintzeko.<br \/>\nBere funtzionamendu egokirako beharrezkoak diren cookieetaz gain, Portalak honako cookie hauek erabiltzen ditu:<br \/>\nAzterketa-cookieak: hauek erabiltzaile kopurua kuantifikatzeko aukera ematen digute eta, horrela, eskaintzen den zerbitzuaren erabileraren estatistika-neurketa eta -azterketa egiteko. Horretarako, gure Portalean egiten duzun nabigazioa aztertzen dugu, haren funtzionamenduan hobekuntzak sartzeko eta\/edo eskaintzen diren zerbitzuak hobetzeko. Bereziki, honako azterketa-cookie hauek erabiltzen ditugu:<\/p>\n<ul>\n<li>Google Analytics-eko cookieak. Google Analytics-ek informazioa ematen du, Portaleko edukiekin erabiltzaileek nola elkarreragiten duten neurtzeko aukera ematen diguna.<\/li>\n<\/ul>\n<p>Iturria: Google Inc.<br \/>\nIraupena: 2 urte<br \/>\nInformazio gehiago hemen: https:\/\/developers.google.com\/analytics\/devguides\/collection\/analyticsjs\/cookie-usage?hl=es<\/p>\n<hr class=\"no_line\" \/>\n<h4>7.- Desaktiba daitezke edo ezabatu daitezke cookieak?<\/h4>\n<p>Nahi duzun unetan ukatu dezakezu cookieek biltzen dituzten datu eta informazioen tratamendua, zure Internet nabigatzailearen aukerak konfiguratuz. Zure ordenagailuan instalatutako cookieak onartu, blokeatu (orokorrean edo domeinu jakin baterako) edo ezabatu ditzakezu.<br \/>\nHala ere, honek gure webgunearen nabigazio egokia kaltetu dezake, funtzionalitate batzuk desgaituta egongo liratekeelako eta tresna batzuen bistaratzea oztopatuta egon daitekeelako.<\/p>\n<p>Informazio gehiagorako\u00a0<strong>Sua-txakurra\u00a0<\/strong>Egin klik hemen:<br \/>\n<a href=\"http:\/\/support.mozilla.org\/es\/kb\/cookies-informacion-que-los-sitios-web-guardan-en-#w_configurar-las-cookies\" target=\"\u201d_blank\u201d\">http:\/\/support.mozilla.org\/es\/kb\/cookies-informacion-que-los-sitios-web-guardan-en-#w_configurar-las-cookies<\/a>.<\/p>\n<p>Informazio gehiagorako\u00a0<strong>Kromoa\u00a0<\/strong>Egin klik hemen:<br \/>\n<a href=\"http:\/\/support.google.com\/chrome\/bin\/answer.py?hl=es&amp;answer=95647\" target=\"\u201d_blank\u201d\">http:\/\/support.google.com\/chrome\/bin\/answer.py?hl=es&amp;answer=95647<\/a>.<\/p>\n<p>Informazio gehiagorako\u00a0<strong>Arakatzailea<\/strong>\u00a0Egin klik hemen:<br \/>\n<a href=\"https:\/\/support.microsoft.com\/es-es\/help\/17442\/windows-internet-explorer-delete-manage-cookies\" target=\"\u201d_blank\u201d\">https:\/\/support.microsoft.com\/es-es\/help\/17442\/windows-internet-explorer-delete-manage-cookies<\/a><\/p>\n<p>Informazio gehiagorako\u00a0<strong>Safaria<\/strong>\u00a0Egin klik hemen:<br \/>\n<a href=\"https:\/\/support.apple.com\/es-es\/guide\/safari\/sfri11471\/mac\" target=\"_blank\" rel=\"noopener\">http:\/\/help.opera.com\/Windows\/11.50\/esES\/cookies.html<\/a><\/p>\n<p>Informazio gehiagorako\u00a0<strong>Opera<\/strong>\u00a0Egin klik hemen:<br \/>\n<a href=\"https:\/\/help.opera.com\/en\/latest\/web-preferences\/#cookies\" target=\"_blank\" rel=\"noopener\">http:\/\/help.opera.com\/Windows\/11.50\/esES\/cookies.html<\/a><\/p>\n<hr class=\"no_line\" \/>\n<h4>8.- Webgune hau erabiliz, erabiltzaileak ondorengoarekin berariaz ados dago:\u00a0<em>Gunea,<\/em>\u00a0Goian aipatutako moduan eta helburuetarako bildutako informazioaren tratamendua<\/h4>\n<p>Era berean, onartzen duzu datuen edo informazioaren tratamendua ukatzeko aukera duzula, zure nabigatzailean cookieen erabilera baztertuz egokitzapen egokien bidez. Hala ere, cookieak blokeatzeko aukera horrek ez dizu webgunearen funtzionalitate guztiak osorik erabiltzea ahalbidetuko.\u00a0<em>Webgunea<\/em>.<\/p>","protected":false},"excerpt":{"rendered":"<p>1.- \u00bfQu\u00e9 es una cookie? Una Cookie es un fichero que se descarga en su ordenador al acceder a determinadas p\u00e1ginas web. Las cookies permiten a una p\u00e1gina web, entre otras, almacenar y recuperar informaci\u00f3n sobre los h\u00e1bitos de navegaci\u00f3n de un usuario o de su equipo y, dependiendo de la informaci\u00f3n que contengan y [&hellip;]<\/p>\n","protected":false},"author":1,"featured_media":0,"parent":0,"menu_order":0,"comment_status":"closed","ping_status":"closed","template":"","meta":{"footnotes":""},"class_list":["post-247","page","type-page","status-publish","hentry"],"aioseo_notices":[],"_links":{"self":[{"href":"https:\/\/biosasun.eu\/eu\/wp-json\/wp\/v2\/pages\/247","targetHints":{"allow":["GET"]}}],"collection":[{"href":"https:\/\/biosasun.eu\/eu\/wp-json\/wp\/v2\/pages"}],"about":[{"href":"https:\/\/biosasun.eu\/eu\/wp-json\/wp\/v2\/types\/page"}],"author":[{"embeddable":true,"href":"https:\/\/biosasun.eu\/eu\/wp-json\/wp\/v2\/users\/1"}],"replies":[{"embeddable":true,"href":"https:\/\/biosasun.eu\/eu\/wp-json\/wp\/v2\/comments?post=247"}],"version-history":[{"count":11,"href":"https:\/\/biosasun.eu\/eu\/wp-json\/wp\/v2\/pages\/247\/revisions"}],"predecessor-version":[{"id":3578,"href":"https:\/\/biosasun.eu\/eu\/wp-json\/wp\/v2\/pages\/247\/revisions\/3578"}],"wp:attachment":[{"href":"https:\/\/biosasun.eu\/eu\/wp-json\/wp\/v2\/media?parent=247"}],"curies":[{"name":"WordPress","href":"https:\/\/api.w.org\/{rel}","templated":true}]}}