{"id":4010,"date":"2025-10-12T23:02:09","date_gmt":"2025-10-12T23:02:09","guid":{"rendered":"https:\/\/biosasun.kalmadigital.com\/?page_id=4010"},"modified":"2025-12-24T11:01:15","modified_gmt":"2025-12-24T11:01:15","slug":"instalaciones","status":"publish","type":"page","link":"https:\/\/biosasun.eu\/eu\/instalaciones\/","title":{"rendered":"Instalaciones Biosasun"},"content":{"rendered":"<section class=\"wpb-content-wrapper\">\n<div  data-mk-stretch-content=\"true\" class=\"wpb_row vc_row vc_row-fluid jupiter-donut- mk-fullwidth-false  attched-false     js-master-row  mk-grid\">\n\t\t\t\t\n<div class=\"vc_col-sm-12 wpb_column column_container  jupiter-donut- _ jupiter-donut-height-full\">\n\t\n<h3 id=\"fancy-title-2\" class=\"mk-fancy-title  simple-style jupiter-donut-  color-single\">\n\t<span>\n\t\t\t\t<p style=\"text-align: center;\">Barruan <strong>BIOSASUN<\/strong> Gure instalazioak jasangarriak dira, gure talde osoaren konpromisoaren emaitza, bizitza-zikloaren analisiaren printzipioetan oinarrituta diseinatuak, jaiotik hilobira.<\/p>\n\t\t\t<\/span>\n<\/h3>\n<div class=\"clearboth\"><\/div>\n\n\n\n<div class=\"wpb_video_widget  jupiter-donut-\">\n\t<div class=\"wpb_wrapper\">\n\t\t\t\t<div id=\"video-container-3\" class=\"video-container\" data-id=\"3\" data-source=\"social_hosted\" data-autoplay=\"0\" data-loop=\"0\" data-target=\"lightbox\" itemprop=\"video\" itemtype=\"https:\/\/schema.org\/VideoObject\" >\n\t\t\t<div id=\"video-player-3\" class=\"video-player\">\n\t\t\t<iframe loading=\"lazy\" id=\"iframe-player-3\" data-id=\"3\" title=\"BIOSASUN - ingelesezko azpitituluekin\" width=\"1140\" height=\"641\" src=\"https:\/\/www.youtube.com\/embed\/pfYOwBBDclI?feature=oembed\" frameborder=\"0\" allow=\"accelerometer; autoplay; clipboard-write; encrypted-media; gyroscope; picture-in-picture; web-share\" referrerpolicy=\"strict-origin-when-cross-origin\" allowfullscreen><\/iframe>\t\t\t<\/div>\n\t\t\t\t\t<\/div>\n\t<\/div>\n<\/div>\n\n<div id=\"padding-4\" class=\"mk-padding-divider jupiter-donut-  jupiter-donut-clearfix\"><\/div>\n\n\n<h3 id=\"fancy-title-5\" class=\"mk-fancy-title  simple-style jupiter-donut-  color-single\">\n\t<span>\n\t\t\t\t<p style=\"text-align: center;\">Aisialdirako instalazioak <strong>BIOSASUN<\/strong> Organiko oliba-soroen nekazaritza-ingurune batean kokatuta daude.<\/p>\n\t\t\t<\/span>\n<\/h3>\n<div class=\"clearboth\"><\/div>\n\n\n\n<\/div>\n\t<\/div>\n\n<div class=\"mk-page-section-wrapper\" data-mk-full-width=\"true\" data-mk-full-width-init=\"true\" data-mk-stretch-content=\"true\">\n\t<div id=\"page-section-6\" class=\"mk-page-section self-hosted   full_layout full-width-6 js-el js-master-row jupiter-donut-\"    data-intro-effect=\"false\">\n\n\t\t\t\n\t\t\t<div class=\"mk-page-section-inner\">\n\t\t\t\t\n\n\n<div class=\"mk-video-color-mask\"><\/div>\n\n\t\t\t\t\n\t\t\t\t\t\t\t<\/div>\n\n\t\t\t\n        <div class=\"page-section-content vc_row-fluid mk-grid\" >\n            <div class=\"mk-padding-wrapper wpb_row\">\n<div class=\"vc_col-sm-6 wpb_column column_container  jupiter-donut- _ jupiter-donut-height-full\">\n\t\n\t<div  class=\"wpb_single_image wpb_content_element vc_align_center  wpb_animate_when_almost_visible wpb_bounceInDown bounceInDown\">\n\t\t\n\t\t<figure class=\"wpb_wrapper vc_figure\">\n\t\t\t<div class=\"vc_single_image-wrapper   vc_box_border_grey\"><img loading=\"lazy\" decoding=\"async\" class=\"vc_single_image-img\" src=\"https:\/\/biosasun.eu\/wp-content\/uploads\/2025\/12\/olivos_ecologicos_navarra_v2.jpg\" width=\"720\" height=\"600\" alt=\"50 hect\u00e1reas de olivos ecol\u00f3gicos en Navarra\" title=\"Nafarroan 50 hektareako oliba ekologikoen basoa\" \/><\/div>\n\t\t<\/figure>\n\t<\/div>\n<\/div>\n\n<div class=\"vc_col-sm-6 wpb_column column_container  jupiter-donut- _ jupiter-donut-height-full\">\n\t\n<h1 id=\"fancy-title-9\" class=\"mk-fancy-title  simple-style jupiter-donut-  color-single\">\n\t<span>\n\t\t\t\t<p style=\"text-align: center;\"><span style=\"color: #758e42;\">BIOSASUNek Nafarroan 50 hektareako oliba-soro ekologikoak ditu.<\/span><\/p>\n\t\t\t<\/span>\n<\/h1>\n<div class=\"clearboth\"><\/div>\n\n\n\n\n<h3 id=\"fancy-title-10\" class=\"mk-fancy-title  simple-style jupiter-donut-  color-single\">\n\t<span>\n\t\t\t\t<p style=\"text-align: center;\">Allotarra Elkarte Ekologiko Nekazaritza eta Abeltzaintza Kudeatuta<\/p>\n\t\t\t<\/span>\n<\/h3>\n<div class=\"clearboth\"><\/div>\n\n\n\n\n\t<div  class=\"wpb_single_image wpb_content_element vc_align_center  wpb_animate_when_almost_visible wpb_bounceInDown bounceInDown\">\n\t\t\n\t\t<figure class=\"wpb_wrapper vc_figure\">\n\t\t\t<a href=\"https:\/\/allotarra.eu\/quienes-somos\" target=\"_blank\" class=\"vc_single_image-wrapper   vc_box_border_grey\"><img loading=\"lazy\" decoding=\"async\" class=\"vc_single_image-img\" src=\"https:\/\/biosasun.eu\/wp-content\/uploads\/2025\/10\/logo_allotarra-200x116.png\" width=\"200\" height=\"116\" alt=\"Allotarra\" title=\"Allotarra\" \/><\/a>\n\t\t<\/figure>\n\t<\/div>\n\n<div id=\"padding-11\" class=\"mk-padding-divider jupiter-donut-  jupiter-donut-clearfix\"><\/div>\n\n<\/div>\n<\/div>\n            <div class=\"clearboth\"><\/div>\n        <\/div>\n\n\n\t\t\t\n\t\t\t\n\t\t\t\n\t\t<div class=\"clearboth\"><\/div>\n\t<\/div>\n<\/div>\n<div class=\"vc_row-full-width vc_clearfix\"><\/div>\n\n\n<div class=\"mk-page-section-wrapper\" data-mk-full-width=\"true\" data-mk-full-width-init=\"true\" data-mk-stretch-content=\"true\">\n\t<div id=\"page-section-12\" class=\"mk-page-section self-hosted   full_layout full-width-12 js-el js-master-row jupiter-donut-\"    data-intro-effect=\"false\">\n\n\t\t\t\n\t\t\t<div class=\"mk-page-section-inner\">\n\t\t\t\t\n\n\n<div class=\"mk-video-color-mask\"><\/div>\n\n\t\t\t\t\n\t\t\t\t\t\t\t<\/div>\n\n\t\t\t\n        <div class=\"page-section-content vc_row-fluid mk-grid\" >\n            <div class=\"mk-padding-wrapper wpb_row\">\n<div class=\"vc_col-sm-6 wpb_column column_container  jupiter-donut- _ jupiter-donut-height-full\">\n\t\n<h3 id=\"fancy-title-14\" class=\"mk-fancy-title  simple-style jupiter-donut-  color-single\">\n\t<span>\n\t\t\t\t<p style=\"text-align: justify;\">Guneen instalazioak <strong>BIOSASUN<\/strong> Nafarroako Gobernuak emandako Nekazaritza eta Elikagaien Industrietarako Inbertsio Laguntzari esker, eta EAFRDek Nafarroako 2014\u20132020ko RDParen bidez ko-finantzatuta, eraiki dira.<\/p>\n\t\t\t<\/span>\n<\/h3>\n<div class=\"clearboth\"><\/div>\n\n\n\n<\/div>\n\n<div class=\"vc_col-sm-6 wpb_column column_container  jupiter-donut- _ jupiter-donut-height-full\">\n\t\n\t<div  class=\"wpb_single_image wpb_content_element vc_align_center  wpb_animate_when_almost_visible wpb_bounceInDown bounceInDown\">\n\t\t\n\t\t<figure class=\"wpb_wrapper vc_figure\">\n\t\t\t<div class=\"vc_single_image-wrapper   vc_box_border_grey\"><img loading=\"lazy\" decoding=\"async\" width=\"1024\" height=\"683\" src=\"https:\/\/biosasun.eu\/wp-content\/uploads\/2025\/12\/ayudas_navarra-1024x683.png\" class=\"vc_single_image-img attachment-large\" alt=\"\" title=\"Elikagaien eta nekazaritzako industrietan inbertsioetarako laguntza\" srcset=\"https:\/\/biosasun.eu\/wp-content\/uploads\/2025\/12\/ayudas_navarra-1024x683.png 1024w, https:\/\/biosasun.eu\/wp-content\/uploads\/2025\/12\/ayudas_navarra-300x200.png 300w, https:\/\/biosasun.eu\/wp-content\/uploads\/2025\/12\/ayudas_navarra-768x512.png 768w, https:\/\/biosasun.eu\/wp-content\/uploads\/2025\/12\/ayudas_navarra.png 1536w\" sizes=\"auto, (max-width: 1024px) 100vw, 1024px\" itemprop=\"image\" \/><\/div>\n\t\t<\/figure>\n\t<\/div>\n\n<div id=\"padding-16\" class=\"mk-padding-divider jupiter-donut-  jupiter-donut-clearfix\"><\/div>\n\n<\/div>\n<\/div>\n            <div class=\"clearboth\"><\/div>\n        <\/div>\n\n\n\t\t\t\n\t\t\t\n\t\t\t\n\t\t<div class=\"clearboth\"><\/div>\n\t<\/div>\n<\/div>\n<div class=\"vc_row-full-width vc_clearfix\"><\/div>\n\n\n<\/section>","protected":false},"excerpt":{"rendered":"En BIOSASUN contamos con unas instalaciones sostenibles, fruto del compromiso de todo nuestro equipo, dise\u00f1adas bajo los principios del an\u00e1lisis del ciclo de vida, desde la cuna hasta la tumba. Las Instalaciones de BIOSASUN se ubican en un entorno agr\u00edcola de olivares ecol\u00f3gicos. BIOSASUN dispone de 50 hect\u00e1reas de olivos ecol\u00f3gicos en Navarra GESTIONADOS POR [...]","protected":false},"author":3,"featured_media":0,"parent":0,"menu_order":0,"comment_status":"closed","ping_status":"closed","template":"","meta":{"footnotes":""},"class_list":["post-4010","page","type-page","status-publish","hentry"],"aioseo_notices":[],"_links":{"self":[{"href":"https:\/\/biosasun.eu\/eu\/wp-json\/wp\/v2\/pages\/4010","targetHints":{"allow":["GET"]}}],"collection":[{"href":"https:\/\/biosasun.eu\/eu\/wp-json\/wp\/v2\/pages"}],"about":[{"href":"https:\/\/biosasun.eu\/eu\/wp-json\/wp\/v2\/types\/page"}],"author":[{"embeddable":true,"href":"https:\/\/biosasun.eu\/eu\/wp-json\/wp\/v2\/users\/3"}],"replies":[{"embeddable":true,"href":"https:\/\/biosasun.eu\/eu\/wp-json\/wp\/v2\/comments?post=4010"}],"version-history":[{"count":56,"href":"https:\/\/biosasun.eu\/eu\/wp-json\/wp\/v2\/pages\/4010\/revisions"}],"predecessor-version":[{"id":4707,"href":"https:\/\/biosasun.eu\/eu\/wp-json\/wp\/v2\/pages\/4010\/revisions\/4707"}],"wp:attachment":[{"href":"https:\/\/biosasun.eu\/eu\/wp-json\/wp\/v2\/media?parent=4010"}],"curies":[{"name":"WordPress","href":"https:\/\/api.w.org\/{rel}","templated":true}]}}