{"id":4098,"date":"2025-10-13T09:16:39","date_gmt":"2025-10-13T09:16:39","guid":{"rendered":"https:\/\/biosasun.kalmadigital.com\/?page_id=4098"},"modified":"2025-10-28T11:40:44","modified_gmt":"2025-10-28T11:40:44","slug":"aceite-de-oliva-virgen-extra-infantil","status":"publish","type":"page","link":"https:\/\/biosasun.eu\/eu\/aceite-de-oliva-virgen-extra-infantil\/","title":{"rendered":"Haurrentzako olio birjina extra organikoa"},"content":{"rendered":"<section class=\"wpb-content-wrapper\">\n<div class=\"mk-page-section-wrapper\" data-mk-full-width=\"true\" data-mk-full-width-init=\"true\" data-mk-stretch-content=\"true\">\n\t<div id=\"redes-sociales\" class=\"mk-page-section self-hosted   full_layout full-width-1 js-el js-master-row jupiter-donut-\"    data-intro-effect=\"false\">\n\n\t\t\t\n\t\t\t<div class=\"mk-page-section-inner\">\n\t\t\t\t\n\n\n<div class=\"mk-video-color-mask\"><\/div>\n\n\t\t\t\t\n\t\t\t\t\t\t\t<\/div>\n\n\t\t\t\n        <div class=\"page-section-content vc_row-fluid mk-grid\" >\n            <div class=\"mk-padding-wrapper wpb_row\">\n<div class=\"vc_col-sm-12 wpb_column column_container  jupiter-donut- _ jupiter-donut-height-full\">\n\t\n<div id=\"padding-3\" class=\"mk-padding-divider jupiter-donut-  jupiter-donut-clearfix\"><\/div>\n\n\n<h1 id=\"fancy-title-4\" class=\"mk-fancy-title  simple-style jupiter-donut-  color-single\">\n\t<span>\n\t\t\t\t<p>Haurrentzako olio birjina extra organikoa<\/p>\n\t\t\t<\/span>\n<\/h1>\n<div class=\"clearboth\"><\/div>\n\n\n\n<div id=\"divider-5\" class=\"mk-divider  jupiter-donut-  custom-width center thick_solid\">\n\n\t\t\t<div class=\"divider-inner\"><\/div>\n\t\n<\/div>\n<div class=\"clearboth\"><\/div>\n\n<div id=\"padding-6\" class=\"mk-padding-divider jupiter-donut-  jupiter-donut-clearfix\"><\/div>\n\n<\/div>\n<\/div>\n            <div class=\"clearboth\"><\/div>\n        <\/div>\n\n\n\t\t\t\n\t\t\t\n\t\t\t\n\t\t<div class=\"clearboth\"><\/div>\n\t<\/div>\n<\/div>\n<div class=\"vc_row-full-width vc_clearfix\"><\/div>\n\n\n<div class=\"mk-page-section-wrapper\" data-mk-full-width=\"true\" data-mk-full-width-init=\"true\" data-mk-stretch-content=\"true\">\n\t<div id=\"page-section-7\" class=\"mk-page-section self-hosted   full_layout full-width-7 js-el js-master-row jupiter-donut-\"    data-intro-effect=\"false\">\n\n\t\t\t\n\t\t\t<div class=\"mk-page-section-inner\">\n\t\t\t\t\n\n\n<div class=\"mk-video-color-mask\"><\/div>\n\n\t\t\t\t\n\t\t\t\t\t\t\t<\/div>\n\n\t\t\t\n        <div class=\"page-section-content vc_row-fluid mk-grid\" >\n            <div class=\"mk-padding-wrapper wpb_row\">\n<div class=\"vc_col-sm-6 wpb_column column_container  jupiter-donut- _ jupiter-donut-height-full\">\n\t\n\t<div  class=\"wpb_single_image wpb_content_element vc_align_center  wpb_animate_when_almost_visible wpb_bounceInDown bounceInDown\">\n\t\t\n\t\t<figure class=\"wpb_wrapper vc_figure\">\n\t\t\t<div class=\"vc_single_image-wrapper   vc_box_border_grey\"><img loading=\"lazy\" decoding=\"async\" class=\"vc_single_image-img\" src=\"https:\/\/biosasun.eu\/wp-content\/uploads\/2025\/10\/infantil.jpg\" width=\"550\" height=\"550\" alt=\"Aceite de Oliva Virgen Extra Infantil\" title=\"Haurrentzako oliba-olio birjina ekstra\" \/><\/div>\n\t\t<\/figure>\n\t<\/div>\n\n<div id=\"mk-button-9\" class=\"mk-button-container _ jupiter-donut-relative    jupiter-donut-block jupiter-donut-text-center\">\n\n\t\n\t\t<a href=\"https:\/\/allotarra.eu\/producto\/aceite-de-oliva-virgen-extra-biosasun-infantil\" target=\"_blank\" class=\"mk-button js-smooth-scroll mk-button--dimension-outline mk-button--size-medium mk-button--corner-pointed _ jupiter-donut-relative jupiter-donut-text-center jupiter-donut-font-weight-700 jupiter-donut-no-backface  letter-spacing-1 jupiter-donut-inline-block\"><span class=\"mk-button--text\">Haurrentzako oliba-olio birjina ekstra erosi<\/span><\/a>\n\n\t\n<\/div>\n\n<div id=\"padding-10\" class=\"mk-padding-divider jupiter-donut-  jupiter-donut-clearfix\"><\/div>\n\n<\/div>\n\n<div class=\"vc_col-sm-6 wpb_column column_container  jupiter-donut- _ jupiter-donut-height-full\">\n\t\n<h1 id=\"fancy-title-12\" class=\"mk-fancy-title  simple-style jupiter-donut-  color-single\">\n\t<span>\n\t\t\t\t<p><span style=\"color: #758e42;\">Oliba olio birjina<br \/>\nExtra Organikoa Haurrena<\/span><\/p>\n\t\t\t<\/span>\n<\/h1>\n<div class=\"clearboth\"><\/div>\n\n\n\n\n<h3 id=\"fancy-title-13\" class=\"mk-fancy-title  simple-style jupiter-donut-  color-single\">\n\t<span>\n\t\t\t\t<p><strong><span style=\"color: #777777;\">0,5 litro<\/span><\/strong><\/p>\n\t\t\t<\/span>\n<\/h3>\n<div class=\"clearboth\"><\/div>\n\n\n\n\n<h2 id=\"fancy-title-14\" class=\"mk-fancy-title  simple-style jupiter-donut-  color-single\">\n\t<span>\n\t\t\t\t<p style=\"text-align: justify;\">Haiek baino gehiago dira argiak.\u00a0<strong>Haurtzaroko oliba-olio birjina ekstra onurak<\/strong>, batez ere bizitzaren oinarrizkoena eta garrantzitsuena den etapa dela kontuan hartzen badugu.<\/p>\n<p style=\"text-align: justify;\">Oliba-olio birjina ekstra\u00a0<strong>Umealdia<\/strong>, haurrentzat bereziki garatua izan da. Arbequina oliba gazteetatik soilik egina, olioari zapore leuna eta fruta freskoen usainak ematen dizkio. Bere zaporea haurrentzat oso atsegina da, eta azidotasun baxua (&lt;0,2\u00ba) haientzat ezin hobea bihurtzen du, digestioa laguntzen duelako.<\/p>\n<p>Arbequina barietateak zapore leun eta fruitu-ukitua ematen du.<\/p>\n<p style=\"text-align: justify;\">Oleiko azido eduki handia du, kolesterola saihesten laguntzen duena, eta Oleohealth-eko birjina ekstra olioetan dauden antioxidatzaile naturalak mantentzen ditu. Haurren elikagaietan, pureetan eta antzekoetan gehitzeko olio ezin hobea da, zure lehen errezetetan Mediterraneoko dietaren onurak sartzeko.<\/p>\n<p style=\"text-align: justify;\">Olibaak (Arbequina barietatea) azaroaren erdialdean biltzen dira, heldutasun-maila egokian, heldutasun osoa lortu aurretik, haien usain eta zapore guztiak gordetzeko.<\/p>\n<p style=\"text-align: justify;\">Oleohealth gama osoko olio guztien antzera, ekologikoa eta kalitate bikainekoa da.<\/p>\n\t\t\t<\/span>\n<\/h2>\n<div class=\"clearboth\"><\/div>\n\n\n\n<\/div>\n<\/div>\n            <div class=\"clearboth\"><\/div>\n        <\/div>\n\n\n\t\t\t\n\t\t\t\n\t\t\t\n\t\t<div class=\"clearboth\"><\/div>\n\t<\/div>\n<\/div>\n<div class=\"vc_row-full-width vc_clearfix\"><\/div>\n\n\n<div class=\"mk-page-section-wrapper\" data-mk-full-width=\"true\" data-mk-full-width-init=\"true\" data-mk-stretch-content=\"true\">\n\t<div id=\"page-section-15\" class=\"mk-page-section self-hosted   full_layout full-width-15 js-el js-master-row jupiter-donut-\"    data-intro-effect=\"false\">\n\n\t\t\t\n\t\t\t<div class=\"mk-page-section-inner\">\n\t\t\t\t\n\n\n<div class=\"mk-video-color-mask\"><\/div>\n\n\t\t\t\t\n\t\t\t\t\t\t\t<\/div>\n\n\t\t\t\n        <div class=\"page-section-content vc_row-fluid mk-grid\" >\n            <div class=\"mk-padding-wrapper wpb_row\">\n<div class=\"vc_col-sm-6 wpb_column column_container  jupiter-donut- _ jupiter-donut-height-full\">\n\t\n\t<div  class=\"wpb_single_image wpb_content_element vc_align_right  wpb_animate_when_almost_visible wpb_bounceInDown bounceInDown\">\n\t\t\n\t\t<figure class=\"wpb_wrapper vc_figure\">\n\t\t\t<div class=\"vc_single_image-wrapper   vc_box_border_grey\"><img loading=\"lazy\" decoding=\"async\" class=\"vc_single_image-img\" src=\"https:\/\/biosasun.eu\/wp-content\/uploads\/2025\/10\/logo-eco-e1541580374340.jpg\" width=\"118\" height=\"78\" alt=\"\" title=\"\" \/><\/div>\n\t\t<\/figure>\n\t<\/div>\n\n<div id=\"padding-17\" class=\"mk-padding-divider jupiter-donut-  jupiter-donut-clearfix\"><\/div>\n\n<\/div>\n\n<div class=\"vc_col-sm-6 wpb_column column_container  jupiter-donut- _ jupiter-donut-height-full\">\n\t\n<h3 id=\"fancy-title-19\" class=\"mk-fancy-title  simple-style jupiter-donut-  color-single\">\n\t<span>\n\t\t\t\t<h5>*Ziurtagiri ekologikoa duten osagaiak<\/h5>\n<p>ES-ECO-025-NA<br \/>\nEBko Nekazaritza<\/p>\n\t\t\t<\/span>\n<\/h3>\n<div class=\"clearboth\"><\/div>\n\n\n\n\n<h3 id=\"fancy-title-20\" class=\"mk-fancy-title  simple-style jupiter-donut-  color-single\">\n\t<span>\n\t\t\t\t<p>Osagaien zerrenda eta nutrizio-informazioa<\/p>\n\t\t\t<\/span>\n<\/h3>\n<div class=\"clearboth\"><\/div>\n\n\n\n<\/div>\n<\/div>\n            <div class=\"clearboth\"><\/div>\n        <\/div>\n\n\n\t\t\t\n\t\t\t\n\t\t\t\n\t\t<div class=\"clearboth\"><\/div>\n\t<\/div>\n<\/div>\n<div class=\"vc_row-full-width vc_clearfix\"><\/div>\n\n\n<div class=\"mk-page-section-wrapper\" data-mk-full-width=\"true\" data-mk-full-width-init=\"true\" data-mk-stretch-content=\"true\">\n\t<div id=\"page-section-21\" class=\"mk-page-section self-hosted   full_layout full-width-21 js-el js-master-row jupiter-donut-\"    data-intro-effect=\"false\">\n\n\t\t\t\n\t\t\t<div class=\"mk-page-section-inner\">\n\t\t\t\t\n\n\n<div class=\"mk-video-color-mask\"><\/div>\n\n\t\t\t\t\n\t\t\t\t\t\t\t<\/div>\n\n\t\t\t\n        <div class=\"page-section-content vc_row-fluid mk-grid\" >\n            <div class=\"mk-padding-wrapper wpb_row\">\n<div class=\"vc_col-sm-12 wpb_column column_container  jupiter-donut- _ jupiter-donut-height-full\">\n\t\n\t<div  class=\"wpb_single_image wpb_content_element vc_align_right  wpb_animate_when_almost_visible wpb_bounceInDown bounceInDown\">\n\t\t\n\t\t<figure class=\"wpb_wrapper vc_figure\">\n\t\t\t<div class=\"vc_single_image-wrapper   vc_box_border_grey\"><img loading=\"lazy\" decoding=\"async\" class=\"vc_single_image-img\" src=\"https:\/\/biosasun.eu\/wp-content\/uploads\/2025\/10\/aceite_oliva_extra_500ml_contra-infantil_traz-692x1024._v2.jpg\" width=\"765\" height=\"864\" alt=\"Lista de ingredientes y tabla nutricional\" title=\"Osagaien zerrenda eta nutrizio-informazioa\" \/><\/div>\n\t\t<\/figure>\n\t<\/div>\n<\/div>\n<\/div>\n            <div class=\"clearboth\"><\/div>\n        <\/div>\n\n\n\t\t\t\n\t\t\t\n\t\t\t\n\t\t<div class=\"clearboth\"><\/div>\n\t<\/div>\n<\/div>\n<div class=\"vc_row-full-width vc_clearfix\"><\/div>\n\n\n<div class=\"vc_col-sm-12 wpb_column column_container  jupiter-donut- _ jupiter-donut-height-full\">\n\t<\/div>\n\n<\/section>","protected":false},"excerpt":{"rendered":"Aceite de Oliva Virgen Extra Ecol\u00f3gico Infantil Comprar aceite de oliva virgen extra infantil Aceite de Oliva Virgen Extra Ecol\u00f3gico Onfantil 0,5 L Son m\u00e1s que evidentes\u00a0los beneficios del aceite de oliva virgen extra en la infancia, sobre todo si pensamos que se trata de la etapa base y principal en nuestra vida. El aceite [...]","protected":false},"author":3,"featured_media":0,"parent":0,"menu_order":0,"comment_status":"closed","ping_status":"closed","template":"","meta":{"footnotes":""},"class_list":["post-4098","page","type-page","status-publish","hentry"],"aioseo_notices":[],"_links":{"self":[{"href":"https:\/\/biosasun.eu\/eu\/wp-json\/wp\/v2\/pages\/4098","targetHints":{"allow":["GET"]}}],"collection":[{"href":"https:\/\/biosasun.eu\/eu\/wp-json\/wp\/v2\/pages"}],"about":[{"href":"https:\/\/biosasun.eu\/eu\/wp-json\/wp\/v2\/types\/page"}],"author":[{"embeddable":true,"href":"https:\/\/biosasun.eu\/eu\/wp-json\/wp\/v2\/users\/3"}],"replies":[{"embeddable":true,"href":"https:\/\/biosasun.eu\/eu\/wp-json\/wp\/v2\/comments?post=4098"}],"version-history":[{"count":13,"href":"https:\/\/biosasun.eu\/eu\/wp-json\/wp\/v2\/pages\/4098\/revisions"}],"predecessor-version":[{"id":4483,"href":"https:\/\/biosasun.eu\/eu\/wp-json\/wp\/v2\/pages\/4098\/revisions\/4483"}],"wp:attachment":[{"href":"https:\/\/biosasun.eu\/eu\/wp-json\/wp\/v2\/media?parent=4098"}],"curies":[{"name":"WordPress","href":"https:\/\/api.w.org\/{rel}","templated":true}]}}