{"id":4189,"date":"2025-10-19T08:44:40","date_gmt":"2025-10-19T08:44:40","guid":{"rendered":"https:\/\/biosasun.kalmadigital.com\/?page_id=4189"},"modified":"2025-12-23T20:33:34","modified_gmt":"2025-12-23T20:33:34","slug":"conoce-biosasun-oleohealth","status":"publish","type":"page","link":"https:\/\/biosasun.eu\/eu\/conoce-biosasun-oleohealth\/","title":{"rendered":"Conoce Biosasun Oleohealth"},"content":{"rendered":"<section class=\"wpb-content-wrapper\">\n<div class=\"mk-page-section-wrapper\" data-mk-full-width=\"true\" data-mk-full-width-init=\"true\" data-mk-stretch-content=\"true\">\n\t<div id=\"redes-sociales\" class=\"mk-page-section self-hosted   full_layout full-width-1 js-el js-master-row jupiter-donut-\"    data-intro-effect=\"false\">\n\n\t\t\t\n\t\t\t<div class=\"mk-page-section-inner\">\n\t\t\t\t\n\n\n<div class=\"mk-video-color-mask\"><\/div>\n\n\t\t\t\t\n\t\t\t\t\t\t\t<\/div>\n\n\t\t\t\n        <div class=\"page-section-content vc_row-fluid mk-grid\" >\n            <div class=\"mk-padding-wrapper wpb_row\">\n<div class=\"vc_col-sm-12 wpb_column column_container  jupiter-donut- _ jupiter-donut-height-full\">\n\t\n<div id=\"padding-3\" class=\"mk-padding-divider jupiter-donut-  jupiter-donut-clearfix\"><\/div>\n\n\n<h1 id=\"fancy-title-4\" class=\"mk-fancy-title  simple-style jupiter-donut-  color-single\">\n\t<span>\n\t\t\t\t<p>Biosasun oliba-oliotik eta oliba-olioaren industriako beste azpiproduktu batzuetatik eratorritako aplikazio onuragarrietan ikerketa, esperientzia eta kalitatearen sinonimoa da.<\/p>\n\t\t\t<\/span>\n<\/h1>\n<div class=\"clearboth\"><\/div>\n\n\n\n\n<h1 id=\"fancy-title-5\" class=\"mk-fancy-title  simple-style jupiter-donut-  color-single\">\n\t<span>\n\t\t\t\t<p style=\"text-align: justify;\"><span style=\"color: #758e42;\">Barruan <strong>BIOSASUN<\/strong> Oliba-olioak eta beste oliba-deribatuek gorputzari eskaintzen dizkioten propietate anitz eta osagai ugarien gainean oinarrituta, kalitate handieneko produktuak ekoiztera konprometituta gaude.<\/span><\/p>\n\t\t\t<\/span>\n<\/h1>\n<div class=\"clearboth\"><\/div>\n\n\n\n\n<h4 id=\"fancy-title-6\" class=\"mk-fancy-title  simple-style jupiter-donut-  color-single\">\n\t<span>\n\t\t\t\t<p><strong>Gure ardura da pertsonen osasuna, ingurumena eta biodibertsitatea.<\/strong><\/p>\n\t\t\t<\/span>\n<\/h4>\n<div class=\"clearboth\"><\/div>\n\n\n\n<div class=\"wpb_video_widget  jupiter-donut-\">\n\t<div class=\"wpb_wrapper\">\n\t\t\t\t<div id=\"video-container-7\" class=\"video-container mk-aspect-ratio\" data-id=\"7\" data-source=\"self_hosted\" data-autoplay=\"1\" data-loop=\"1\" data-target=\"lightbox\" itemprop=\"video\" itemtype=\"https:\/\/schema.org\/VideoObject\" >\n\t\t\t<div id=\"video-player-7\" class=\"video-player\">\n\t\t\t\t\t\t<video id=\"video-player-7\" data-id=\"7\" poster=\"\" preload=\"auto\"  muted loop>\n\t\t\t\t\t\t\t\t\t<source type=\"video\/mp4\" src=\"https:\/\/biosasun.eu\/wp-content\/uploads\/2025\/10\/oleohealth-ivel_v2-1.mp4\" \/>\n\t\t\t\t\t\t\t<\/video>\n\t\t\t\t\t\t<\/div>\n\t\t\t\t\t<\/div>\n\t<\/div>\n<\/div>\n\n<div id=\"padding-8\" class=\"mk-padding-divider jupiter-donut-  jupiter-donut-clearfix\"><\/div>\n\n\n<h2 id=\"fancy-title-9\" class=\"mk-fancy-title  simple-style jupiter-donut-  color-single\">\n\t<span>\n\t\t\t\t<p style=\"text-align: justify;\"><span dir=\"auto\" style=\"vertical-align: inherit;\"><span dir=\"auto\" style=\"vertical-align: inherit;\"><strong>BIOSASUN<\/strong> Gainza de Allo anaia-arrebek (Rita, Eusebio eta Eduardo) gidatutako familia-negozio-proiektu bat da, 1989an hasi zena oliba-zuhaitzak CPAEN ziurtagiriaren pean nekazaritza ekologikoko metodoekin lantzen. 1992an, Arr\u00f3niz oliba-barietatearen lehen oliba-olio birjina ekstra ekologikoa ekoitzi zuten, kalitatearekiko eta jasangarritasunarekiko konpromisoaren oinarriak ezarriz.<\/span><\/span><\/p>\n<p style=\"text-align: justify;\"><strong>BIOSASUN<\/strong> da sinonimo <strong>ikerketa<\/strong>, <strong>esperientzia<\/strong> y <strong>kalitate<\/strong> Oliba-olioaren, oliba-polifenolen eta trufetan aurkitzen diren beste antioxidatzaile batzuen onuragarri aplikazioetan.<\/p>\n<p style=\"text-align: justify;\">Barruan <strong>BIOSASUN<\/strong> Konprometituta gaude <strong>Kalitate goreneko produktuen ekoizpena<\/strong> Oliba-olioak eta beste oliba- eta trufa-deribatuek gorputzari eskaintzen dizkioten propietate anitz eta osagai ugariez egina.<\/p>\n<p style=\"text-align: justify;\">2001ean sortu ginen ekologia munduko profesional talde baten interesa esker. Urteetako lan gogor eta oliba-zuhaitzen, oliba-olioaren eta, bereziki, bere osagai preziatuenetako bat den polifenolen ezagutza zabaltzearen ondoren, gure markak garatu genituen. <strong>BIOSASUN<\/strong> y <strong>Olioosasun<\/strong>.<\/p>\n<p style=\"text-align: justify;\">2016an, ...aren sektorean sartu ginen <strong>alkohola gabeko edariak<\/strong> garatzen <strong>fermentatutako probiotiko edariak<\/strong> Zapore desberdinetan: limoia, menta-jengibre, hibiskoa, kokosa, mango, Earl Grey tea (kombucha)... horietako batzuk gure oliba-zukuko polifenolekin.<\/p>\n<p style=\"text-align: justify;\">2022an, mundua elkartu genuen <strong>Oliba-zuhaitzaren eta trufa-ustiatzearen nekazaritza<\/strong> sortarazten <strong>BIOOSASUN GOZAGARRIA<\/strong>, polifenolen onurak \u2014oliba-zuhaitzetik datozen antioxidatzaileak\u2014 eta onddo preziatu honen usain intentsu baina fin, anitza eta aldagarria uztartzen dituena, edozein plateren zaporea indartzeko gai dena. Balioaren aldean <strong>trufa freskoa<\/strong> gehitu dugu hori <strong>lehorritako onddoak eta perretxikoak<\/strong>, eta haietatik eratorritako produktuak, hala nola trufa-infusiozko olioa, balsamiko-ozpina, sagardo-ozpina eta gatza merkaturatzea, trufa-saltsak, trufa-infusiozko piquillo-piperraren saltsa, trufa-infusiozko piquillo-piperraren marmeladak eta eztia-marmeladak, etab.<\/p>\n\t\t\t<\/span>\n<\/h2>\n<div class=\"clearboth\"><\/div>\n\n\n\n\n<div id=\"padding-10\" class=\"mk-padding-divider jupiter-donut-  jupiter-donut-clearfix\"><\/div>\n\n\n<h3 id=\"fancy-title-11\" class=\"mk-fancy-title  simple-style jupiter-donut-  color-single\">\n\t<span>\n\t\t\t\t<p><strong>Elkarrekin bizitza osasuntsuagoa sustatzeko tokiko kirol-klubeekin lankidetzan aritzen gara.<\/strong><\/p>\n\t\t\t<\/span>\n<\/h3>\n<div class=\"clearboth\"><\/div>\n\n\n\n\n\t<div  class=\"wpb_single_image wpb_content_element vc_align_center  wpb_animate_when_almost_visible wpb_bounceInDown bounceInDown\">\n\t\t\n\t\t<figure class=\"wpb_wrapper vc_figure\">\n\t\t\t<div class=\"vc_single_image-wrapper   vc_box_border_grey\"><img loading=\"lazy\" decoding=\"async\" class=\"vc_single_image-img\" src=\"https:\/\/biosasun.eu\/wp-content\/uploads\/2025\/10\/biosasun-con-el-deporte.png\" width=\"1024\" height=\"674\" alt=\"Biosasun: Aceites y Bebidas apoyando a nuestro Deporte\" title=\"Biosasun: Kirolari laguntzen dioten olioak eta edariak\" \/><\/div>\n\t\t<\/figure>\n\t<\/div>\n\n<h3 id=\"fancy-title-12\" class=\"mk-fancy-title  simple-style jupiter-donut-  color-single\">\n\t<span>\n\t\t\t\t<p style=\"text-align: center;\"><em><strong>Baskoniako<\/strong><\/em><\/p>\n\t\t\t<\/span>\n<\/h3>\n<div class=\"clearboth\"><\/div>\n\n\n\n\n\t<div  class=\"wpb_single_image wpb_content_element vc_align_center  wpb_animate_when_almost_visible wpb_lightSpeedIn lightSpeedIn\">\n\t\t\n\t\t<figure class=\"wpb_wrapper vc_figure\">\n\t\t\t<a href=\"https:\/\/allotarra.eu\/categoria-producto\/aceites\" target=\"_blank\" class=\"vc_single_image-wrapper   vc_box_border_grey\"><img loading=\"lazy\" decoding=\"async\" class=\"vc_single_image-img\" src=\"https:\/\/biosasun.eu\/wp-content\/uploads\/2025\/10\/logos_transp.v2-scaled-703x100.png\" width=\"703\" height=\"100\" alt=\"Biosasun Oleohealth Gourmet\" title=\"Biosasun Oleohealth Gourmet\" \/><\/a>\n\t\t<\/figure>\n\t<\/div>\n\n<div id=\"padding-13\" class=\"mk-padding-divider jupiter-donut-  jupiter-donut-clearfix\"><\/div>\n\n\n<h4 id=\"fancy-title-14\" class=\"mk-fancy-title  simple-style jupiter-donut-  color-single\">\n\t<span>\n\t\t\t\t<p><strong>BIOSASUN<\/strong> Eskutik esku batera doa <strong>ALOTARA<\/strong>, BI ENPRESAK ELKAR OSATZEN DUTENAK, BERRITZEA ETA IKERKETA OLIBEN EKOIZPEN TRADIZIOAREKIN BATUZ SORTZEKO <strong>Osasungarriak diren produktuak,<br \/>\nJasangarria eta kalitate onenekoa<\/strong>.<\/p>\n\t\t\t<\/span>\n<\/h4>\n<div class=\"clearboth\"><\/div>\n\n\n\n\n\t<div  class=\"wpb_single_image wpb_content_element vc_align_center  wpb_animate_when_almost_visible wpb_lightSpeedIn lightSpeedIn\">\n\t\t\n\t\t<figure class=\"wpb_wrapper vc_figure\">\n\t\t\t<a href=\"https:\/\/allotarra.eu\/\" target=\"_blank\" class=\"vc_single_image-wrapper   vc_box_border_grey\"><img loading=\"lazy\" decoding=\"async\" class=\"vc_single_image-img\" src=\"https:\/\/biosasun.eu\/wp-content\/uploads\/2025\/10\/logo_allotarra-200x116.png\" width=\"200\" height=\"116\" alt=\"Allotarra\" title=\"Allotarra\" \/><\/a>\n\t\t<\/figure>\n\t<\/div>\n<\/div>\n<\/div>\n            <div class=\"clearboth\"><\/div>\n        <\/div>\n\n\n\t\t\t\n\t\t\t\n\t\t\t\n\t\t<div class=\"clearboth\"><\/div>\n\t<\/div>\n<\/div>\n<div class=\"vc_row-full-width vc_clearfix\"><\/div>\n\n\n<div class=\"vc_col-sm-12 wpb_column column_container  jupiter-donut- _ jupiter-donut-height-full\">\n\t<\/div>\n\n<div class=\"mk-page-section-wrapper\" data-mk-full-width=\"true\" data-mk-full-width-init=\"true\" data-mk-stretch-content=\"true\">\n\t<div id=\"redes-sociales\" class=\"mk-page-section self-hosted   full_layout full-width-16 js-el js-master-row jupiter-donut-\"    data-intro-effect=\"false\">\n\n\t\t\t\n\t\t\t<div class=\"mk-page-section-inner\">\n\t\t\t\t\n\n\n<div class=\"mk-video-color-mask\"><\/div>\n\n\t\t\t\t\n\t\t\t\t\t\t\t<\/div>\n\n\t\t\t\n        <div class=\"page-section-content vc_row-fluid mk-grid\" >\n            <div class=\"mk-padding-wrapper wpb_row\">\n<div class=\"vc_col-sm-12 wpb_column column_container  jupiter-donut- _ jupiter-donut-height-full\">\n\t\n<div id=\"padding-18\" class=\"mk-padding-divider jupiter-donut-  jupiter-donut-clearfix\"><\/div>\n\n\n<span id=\"fancy-title-19\" class=\"mk-fancy-title  simple-style jupiter-donut-  color-single\">\n\t<span>\n\t\t\t\t<p>Jarrai gaitzazu sare sozialetan<\/p>\n\t\t\t<\/span>\n<\/span>\n<div class=\"clearboth\"><\/div>\n\n\n\n\n\n<div class=\"wpb_row vc_inner vc_row vc_row-fluid jupiter-donut-   attched-false\">\n\t\t\t<div class=\"wpb_column vc_column_container vc_col-sm-3\"><div class=\"vc_column-inner\"><div class=\"wpb_wrapper\">\n<span id=\"fancy-title-20\" class=\"mk-fancy-title  simple-style jupiter-donut-  color-single\">\n\t<span>\n\t\t\t\t<p><a href=\"https:\/\/www.instagram.com\/biosasun\" target=\"_blank\" rel=\"noopener nofollow\"><i class=\"fa-brands fa-instagram\"><\/i><span style=\"display: none;\">.<\/span><\/a><\/p>\n\t\t\t<\/span>\n<\/span>\n<div class=\"clearboth\"><\/div>\n\n\n\n\n<span id=\"fancy-title-21\" class=\"mk-fancy-title  simple-style jupiter-donut-  color-single\">\n\t<span>\n\t\t\t\t<p>Instagram<\/p>\n\t\t\t<\/span>\n<\/span>\n<div class=\"clearboth\"><\/div>\n\n\n\n<\/div><\/div><\/div><div class=\"wpb_column vc_column_container vc_col-sm-3\"><div class=\"vc_column-inner\"><div class=\"wpb_wrapper\">\n<span id=\"fancy-title-22\" class=\"mk-fancy-title  simple-style jupiter-donut-  color-single\">\n\t<span>\n\t\t\t\t<p><a href=\"https:\/\/www.facebook.com\/biosasun\" target=\"_blank\" rel=\"noopener nofollow\"><i class=\"fa-brands fa-facebook\"><\/i><span style=\"display: none;\">.<\/span><\/a><\/p>\n\t\t\t<\/span>\n<\/span>\n<div class=\"clearboth\"><\/div>\n\n\n\n\n<span id=\"fancy-title-23\" class=\"mk-fancy-title  simple-style jupiter-donut-  color-single\">\n\t<span>\n\t\t\t\t<p>Facebook<\/p>\n\t\t\t<\/span>\n<\/span>\n<div class=\"clearboth\"><\/div>\n\n\n\n<\/div><\/div><\/div><div class=\"wpb_column vc_column_container vc_col-sm-3\"><div class=\"vc_column-inner\"><div class=\"wpb_wrapper\">\n<span id=\"fancy-title-24\" class=\"mk-fancy-title  simple-style jupiter-donut-  color-single\">\n\t<span>\n\t\t\t\t<p><a href=\"https:\/\/www.youtube.com\/@Allotarra\" target=\"_blank\" rel=\"noopener nofollow\"><i class=\"fa-brands fa-youtube\"><\/i><span style=\"display: none;\">.<\/span><\/a><\/p>\n\t\t\t<\/span>\n<\/span>\n<div class=\"clearboth\"><\/div>\n\n\n\n\n<span id=\"fancy-title-25\" class=\"mk-fancy-title  simple-style jupiter-donut-  color-single\">\n\t<span>\n\t\t\t\t<p>YouTube<\/p>\n\t\t\t<\/span>\n<\/span>\n<div class=\"clearboth\"><\/div>\n\n\n\n<\/div><\/div><\/div><div class=\"wpb_column vc_column_container vc_col-sm-3\"><div class=\"vc_column-inner\"><div class=\"wpb_wrapper\">\n<span id=\"fancy-title-26\" class=\"mk-fancy-title  simple-style jupiter-donut-  color-single\">\n\t<span>\n\t\t\t\t<p><a href=\"https:\/\/es.linkedin.com\/company\/biosasun-sa\" target=\"_blank\" rel=\"noopener nofollow\"><i class=\"fa-brands fa-linkedin\"><\/i><span style=\"display: none;\">.<\/span><\/a><\/p>\n\t\t\t<\/span>\n<\/span>\n<div class=\"clearboth\"><\/div>\n\n\n\n\n<span id=\"fancy-title-27\" class=\"mk-fancy-title  simple-style jupiter-donut-  color-single\">\n\t<span>\n\t\t\t\t<p>LinkedIn<\/p>\n\t\t\t<\/span>\n<\/span>\n<div class=\"clearboth\"><\/div>\n\n\n\n<\/div><\/div><\/div>\t<\/div>\n<div id=\"divider-28\" class=\"mk-divider  jupiter-donut-  custom-width center thick_solid\">\n\n\t\t\t<div class=\"divider-inner\"><\/div>\n\t\n<\/div>\n<div class=\"clearboth\"><\/div>\n\n<div id=\"padding-29\" class=\"mk-padding-divider jupiter-donut-  jupiter-donut-clearfix\"><\/div>\n\n<\/div>\n<\/div>\n            <div class=\"clearboth\"><\/div>\n        <\/div>\n\n\n\t\t\t\n\t\t\t\n\t\t\t\n\t\t<div class=\"clearboth\"><\/div>\n\t<\/div>\n<\/div>\n<div class=\"vc_row-full-width vc_clearfix\"><\/div>\n\n\n<\/section>","protected":false},"excerpt":{"rendered":"Biosasun es sin\u00f3nimo de investigaci\u00f3n, experiencia y calidad en las aplicaciones beneficiosas procedentes del aceite de oliva, y otros subproductos de la industria oleica. En BIOSASUN estamos comprometidos en la elaboraci\u00f3n de productos de la m\u00e1xima calidad, a partir de las m\u00faltiples propiedades y numerosos componentes, que el aceite, y otros derivados del olivo, aportan [...]","protected":false},"author":3,"featured_media":0,"parent":0,"menu_order":0,"comment_status":"closed","ping_status":"closed","template":"","meta":{"footnotes":""},"class_list":["post-4189","page","type-page","status-publish","hentry"],"aioseo_notices":[],"_links":{"self":[{"href":"https:\/\/biosasun.eu\/eu\/wp-json\/wp\/v2\/pages\/4189","targetHints":{"allow":["GET"]}}],"collection":[{"href":"https:\/\/biosasun.eu\/eu\/wp-json\/wp\/v2\/pages"}],"about":[{"href":"https:\/\/biosasun.eu\/eu\/wp-json\/wp\/v2\/types\/page"}],"author":[{"embeddable":true,"href":"https:\/\/biosasun.eu\/eu\/wp-json\/wp\/v2\/users\/3"}],"replies":[{"embeddable":true,"href":"https:\/\/biosasun.eu\/eu\/wp-json\/wp\/v2\/comments?post=4189"}],"version-history":[{"count":67,"href":"https:\/\/biosasun.eu\/eu\/wp-json\/wp\/v2\/pages\/4189\/revisions"}],"predecessor-version":[{"id":4664,"href":"https:\/\/biosasun.eu\/eu\/wp-json\/wp\/v2\/pages\/4189\/revisions\/4664"}],"wp:attachment":[{"href":"https:\/\/biosasun.eu\/eu\/wp-json\/wp\/v2\/media?parent=4189"}],"curies":[{"name":"WordPress","href":"https:\/\/api.w.org\/{rel}","templated":true}]}}