{"id":4674,"date":"2025-12-23T21:15:44","date_gmt":"2025-12-23T21:15:44","guid":{"rendered":"https:\/\/biosasun.kalmadigital.com\/?page_id=4674"},"modified":"2025-12-23T21:32:06","modified_gmt":"2025-12-23T21:32:06","slug":"e-consultoria","status":"publish","type":"page","link":"https:\/\/biosasun.eu\/eu\/e-consultoria\/","title":{"rendered":"E-Aholkularitza"},"content":{"rendered":"<section class=\"wpb-content-wrapper\">\n<div class=\"mk-page-section-wrapper\" data-mk-full-width=\"true\" data-mk-full-width-init=\"true\" data-mk-stretch-content=\"true\">\n\t<div id=\"redes-sociales\" class=\"mk-page-section self-hosted   full_layout full-width-1 js-el js-master-row jupiter-donut-\"    data-intro-effect=\"false\">\n\n\t\t\t\n\t\t\t<div class=\"mk-page-section-inner\">\n\t\t\t\t\n\n\n<div class=\"mk-video-color-mask\"><\/div>\n\n\t\t\t\t\n\t\t\t\t\t\t\t<\/div>\n\n\t\t\t\n        <div class=\"page-section-content vc_row-fluid mk-grid\" >\n            <div class=\"mk-padding-wrapper wpb_row\">\n<div class=\"vc_col-sm-12 wpb_column column_container  jupiter-donut- _ jupiter-donut-height-full\">\n\t\n<div id=\"padding-3\" class=\"mk-padding-divider jupiter-donut-  jupiter-donut-clearfix\"><\/div>\n\n\n<h1 id=\"fancy-title-4\" class=\"mk-fancy-title  simple-style jupiter-donut-  color-single\">\n\t<span>\n\t\t\t\t<p>Aholkularitza Estrategiko eta Jasangarria (E-Aholkularitza)<\/p>\n\t\t\t<\/span>\n<\/h1>\n<div class=\"clearboth\"><\/div>\n\n\n\n<div id=\"divider-5\" class=\"mk-divider  jupiter-donut-  custom-width center thick_solid\">\n\n\t\t\t<div class=\"divider-inner\"><\/div>\n\t\n<\/div>\n<div class=\"clearboth\"><\/div>\n\n<div id=\"padding-6\" class=\"mk-padding-divider jupiter-donut-  jupiter-donut-clearfix\"><\/div>\n\n<\/div>\n<\/div>\n            <div class=\"clearboth\"><\/div>\n        <\/div>\n\n\n\t\t\t\n\t\t\t\n\t\t\t\n\t\t<div class=\"clearboth\"><\/div>\n\t<\/div>\n<\/div>\n<div class=\"vc_row-full-width vc_clearfix\"><\/div>\n\n\n<div class=\"mk-page-section-wrapper\" data-mk-full-width=\"true\" data-mk-full-width-init=\"true\" data-mk-stretch-content=\"true\">\n\t<div id=\"page-section-7\" class=\"mk-page-section self-hosted   full_layout full-width-7 js-el js-master-row jupiter-donut-\"    data-intro-effect=\"false\">\n\n\t\t\t\n\t\t\t<div class=\"mk-page-section-inner\">\n\t\t\t\t\n\n\n<div class=\"mk-video-color-mask\"><\/div>\n\n\t\t\t\t\n\t\t\t\t\t\t\t<\/div>\n\n\t\t\t\n        <div class=\"page-section-content vc_row-fluid mk-grid\" >\n            <div class=\"mk-padding-wrapper wpb_row\">\n<div class=\"vc_col-sm-12 wpb_column column_container  jupiter-donut- _ jupiter-donut-height-full\">\n\t\n<h3 id=\"fancy-title-9\" class=\"mk-fancy-title  simple-style jupiter-donut-  color-single\">\n\t<span>\n\t\t\t\t<p><strong>1-Aholkularitza estrategiko eta jasangarria (E-Aholkularitza)<\/strong><\/p>\n<p style=\"text-align: justify;\">Barruan <strong>BIOSASUN<\/strong> Hazkunde arduratsua, lehiakortasuna hobetzea eta araudi-betetzea bilatzen duten enpresentzat aholkularitza estrategiko eta jasangarriko zerbitzuak eskaintzen ditugu. Malgutasunez lan egiten dugu, urrunetik barne, erakunde bakoitzaren eta bere industriaren beharretara egokituz. Gure ikuspegiak negozio-estrategia, kalitatea, ingurumena, segurtasuna eta jasangarritasuna integratzen ditu, egungo legediarekin bat datozen irtenbide praktikoak eskainiz.<\/p>\n<p><strong>2-Enpresa Kudeaketa Aholkularitza<\/strong><\/p>\n<p style=\"text-align: justify;\">Enpresei laguntzen diegu beren negozio-estrategia definitzen eta garatzen ikuspegi global eta jasangarri batetik. Erakundearen barne eta kanpo testuingurua aztertzen dugu negozio-aukerak, arriskuak, lehiakortasun-abantailak eta hobekuntza-eremuak identifikatzeko. Gure bezeroei laguntzen diegu erabaki estrategikoak hartzen, berrikuntza, dibertsifikazioa eta hazkunde ordenatua sustatuz, beti merkatuarekin, teknologiarekin eta egungo joerekin lerrokatuta.<\/p>\n<p><strong>3-Kalitate Kudeaketako Aholkularitza<\/strong><\/p>\n<p style=\"text-align: justify;\">Kalitate kudeaketako aholkularitza zerbitzuak eskaintzen ditugu, ziurtatutako kudeaketa sistemen ezarpen, mantentze eta hobekuntzan oinarrituta. Enpresei kalitatea beren prozesuetan integratzen, eragiketa-eraginkortasuna hobetzen eta bezeroen eta gobernu-agentzien konfiantza indartzen laguntzen diegu. Gure laguntzak kalitate-estandar onartuetara egokitzea errazten du eta enpresei barne eta kanpoko auditoriei konfiantzaz aurre egiteko aukera ematen die.<\/p>\n<p><strong>4-Ingurumen aholkularitza eta legezko betetzea<\/strong><\/p>\n<p style=\"text-align: justify;\">Ingurumen-kudeaketan eta beren jarduerei aplikatzen zaien ingurumen-legedia betetzen laguntzen diegu enpresei. Ingurumen-kudeaketa sistemetarako, administrazio-prozeduretarako, ingurumen-monitorizaziorako eta legezko betekizunak betetzeko aholkularitza-zerbitzuak eskaintzen ditugu. Gainera, salgai arriskutsuen garraiorako segurtasun-aholkulari zerbitzuak eskaintzen ditugu, erakundeei modu seguruan, legalki eta ingurumenarekiko arduratsuan jarduten lagunduz.<\/p>\n<p><strong>5-Laneko Arriskuen Prebentzioko aholkularitza<\/strong><\/p>\n<p style=\"text-align: justify;\">Laneko arriskuen prebentziorako aholkularitza zerbitzuak eskaintzen ditugu, lan-ingurune seguru eta araudiak betetzen dituztenak sortzera bideratuak. Laneko osasun eta segurtasun kudeaketa sistemak ezartzen eta mantentzen laguntzen dugu, prebentzioa enpresaren kulturan integratuz. Gure ikuspegiak arriskuak murrizten ditu, barne antolaketa hobetzen du eta langileen segurtasunarekiko konpromisoa indartzen du.<\/p>\n<p><strong>6-Elikagaien Segurtasuneko Aholkularitza<\/strong><\/p>\n<p style=\"text-align: justify;\">Elikagaien sektoreko enpresentzako elikagaien segurtasun aholkularitza espezializatua eskaintzen dugu. Elikagaien segurtasuna, arriskuen kontrola eta merkatu estandarrak betetzea bermatzen dituzten kudeaketa sistemen ezarpena eta hobekuntza laguntzen dugu. Gure lanak trazabilitatea, prozesuen fidagarritasuna eta bezeroen eta kontsumitzaileen konfiantza indartzen laguntzen du.<\/p>\n\t\t\t<\/span>\n<\/h3>\n<div class=\"clearboth\"><\/div>\n\n\n\n<\/div>\n<\/div>\n            <div class=\"clearboth\"><\/div>\n        <\/div>\n\n\n\t\t\t\n\t\t\t\n\t\t\t\n\t\t<div class=\"clearboth\"><\/div>\n\t<\/div>\n<\/div>\n<div class=\"vc_row-full-width vc_clearfix\"><\/div>\n\n\n<div class=\"vc_col-sm-12 wpb_column column_container  jupiter-donut- _ jupiter-donut-height-full\">\n\t<\/div>\n\n<\/section>","protected":false},"excerpt":{"rendered":"Consultor\u00eda Estrat\u00e9gica y Sostenible (E-COnsultor\u00eda) 1-Consultor\u00eda Estrat\u00e9gica y Sostenible (E-COnsultor\u00eda) En BIOSASUN ofrecemos un servicio de consultor\u00eda estrat\u00e9gica y sostenible orientado a empresas que buscan crecer de forma responsable, mejorar su competitividad y garantizar el cumplimiento normativo. Trabajamos de forma flexible, tambi\u00e9n a distancia, adapt\u00e1ndonos a las necesidades reales de cada organizaci\u00f3n y a su [...]","protected":false},"author":3,"featured_media":0,"parent":0,"menu_order":0,"comment_status":"closed","ping_status":"closed","template":"","meta":{"footnotes":""},"class_list":["post-4674","page","type-page","status-publish","hentry"],"aioseo_notices":[],"_links":{"self":[{"href":"https:\/\/biosasun.eu\/eu\/wp-json\/wp\/v2\/pages\/4674","targetHints":{"allow":["GET"]}}],"collection":[{"href":"https:\/\/biosasun.eu\/eu\/wp-json\/wp\/v2\/pages"}],"about":[{"href":"https:\/\/biosasun.eu\/eu\/wp-json\/wp\/v2\/types\/page"}],"author":[{"embeddable":true,"href":"https:\/\/biosasun.eu\/eu\/wp-json\/wp\/v2\/users\/3"}],"replies":[{"embeddable":true,"href":"https:\/\/biosasun.eu\/eu\/wp-json\/wp\/v2\/comments?post=4674"}],"version-history":[{"count":5,"href":"https:\/\/biosasun.eu\/eu\/wp-json\/wp\/v2\/pages\/4674\/revisions"}],"predecessor-version":[{"id":4679,"href":"https:\/\/biosasun.eu\/eu\/wp-json\/wp\/v2\/pages\/4674\/revisions\/4679"}],"wp:attachment":[{"href":"https:\/\/biosasun.eu\/eu\/wp-json\/wp\/v2\/media?parent=4674"}],"curies":[{"name":"WordPress","href":"https:\/\/api.w.org\/{rel}","templated":true}]}}