{"id":3566,"date":"2025-09-29T21:24:39","date_gmt":"2025-09-29T21:24:39","guid":{"rendered":"https:\/\/biosasun.kalmadigital.com\/?page_id=3566"},"modified":"2025-09-29T21:24:39","modified_gmt":"2025-09-29T21:24:39","slug":"politica-de-privacidad","status":"publish","type":"page","link":"https:\/\/biosasun.eu\/fr\/politica-de-privacidad\/","title":{"rendered":"Politique de confidentialit\u00e9"},"content":{"rendered":"<p>L'objectif de cette politique de confidentialit\u00e9 est d'informer les utilisateurs sur la collecte et le traitement des donn\u00e9es personnelles obtenues par le biais du site web biosasun.eu (ci-apr\u00e8s \u201cle site web\u201d).<\/p>\n<p>BIOSASUN SA respecte les directives du R\u00e8glement (UE) 2016\/679 du Parlement europ\u00e9en et du Conseil du 27 avril 2016 relatif \u00e0 la protection des personnes physiques \u00e0 l'\u00e9gard du traitement des donn\u00e9es \u00e0 caract\u00e8re personnel et \u00e0 la libre circulation de ces donn\u00e9es (GDPR), en veillant \u00e0 tout moment \u00e0 garantir l'utilisation et le traitement corrects des donn\u00e9es personnelles de l'utilisateur.<\/p>\n<hr class=\"no_line\" \/>\n<h4>QUELLES SONT LES DONN\u00c9ES QUE NOUS RECUEILLONS SUR LE SITE WEB ?<\/h4>\n<p>Vous pouvez visiter et utiliser les services du site web sans vous identifier ni r\u00e9v\u00e9ler d'informations personnelles vous concernant. Nous pouvons traiter votre adresse IP, le syst\u00e8me d'exploitation ou le navigateur que vous utilisez, et m\u00eame la dur\u00e9e de votre visite de mani\u00e8re anonyme.<\/p>\n<p>Les seules donn\u00e9es personnelles auxquelles BIOSASUN SA aura acc\u00e8s seront celles que l'utilisateur fournira volontairement lorsqu'il contactera BIOSASUN SA par courrier \u00e9lectronique ou de toute autre mani\u00e8re pr\u00e9vue sur le site web.<\/p>\n<p>Plus pr\u00e9cis\u00e9ment, BIOSASUN SA enregistrera les informations suivantes :<\/p>\n<p>Les donn\u00e9es fournies par le biais du formulaire de contact que l'utilisateur int\u00e9ress\u00e9 par l'obtention d'informations sur nos services ou par tout type de requ\u00eate ou de demande, fournit \u00e0 BIOSASUN SA.<\/p>\n<ul>\n<li><strong>Donn\u00e9es fournies lors de l'envoi de courriers \u00e9lectroniques\u00a0<\/strong>aux adresses \u00e0 identifier sur le site web<\/li>\n<li><strong>Donn\u00e9es fournies en remplissant des formulaires\u00a0<\/strong>o l'utilisation des fonctionnalit\u00e9s offertes \u00e0 tout moment sur le site web.<\/li>\n<\/ul>\n<hr class=\"no_line\" \/>\n<h4>QUELLE EST LA L\u00c9GITIMIT\u00c9 DU TRAITEMENT DE VOS DONN\u00c9ES ?<\/h4>\n<p>La base juridique du traitement est le consentement donn\u00e9 par les utilisateurs en acceptant la pr\u00e9sente politique de confidentialit\u00e9 et les cases correspondantes, ce qui implique qu'ils ont \u00e9t\u00e9 inform\u00e9s et ont express\u00e9ment donn\u00e9 leur consentement au contenu de la clause jointe au formulaire ou \u00e0 l'acceptation de la politique de confidentialit\u00e9.<\/p>\n<hr class=\"no_line\" \/>\n<h4>DANS QUEL BUT TRAITONS-NOUS VOS DONN\u00c9ES PERSONNELLES ?<\/h4>\n<p>Conform\u00e9ment au R\u00e8glement (UE) 2016\/679 du Parlement europ\u00e9en et du Conseil du 27 avril 2016 relatif \u00e0 la protection des personnes physiques \u00e0 l'\u00e9gard du traitement des donn\u00e9es \u00e0 caract\u00e8re personnel et \u00e0 la libre circulation de ces donn\u00e9es (GDPR), nous vous informons que les donn\u00e9es \u00e0 caract\u00e8re personnel que vous nous fournissez volontairement \u00e0 travers les diff\u00e9rents formulaires de saisie pr\u00e9vus \u00e0 cet effet sur le site Web ou tout autre canal de collecte de ces donn\u00e9es seront incluses dans les registres de traitement sous la responsabilit\u00e9 de BIOSASUN SA pour la gestion des donn\u00e9es collect\u00e9es aux fins suivantes :<\/p>\n<ul>\n<li>R\u00e9soudre toutes les questions, demandes ou p\u00e9titions formul\u00e9es<\/li>\n<li>g\u00e9rer le service demand\u00e9, r\u00e9pondre \u00e0 votre demande ou traiter votre demande<\/li>\n<li>Gestion, administration, traitement des formulaires et fourniture des services demand\u00e9s.<\/li>\n<li>Maintenir et g\u00e9rer la relation contractuelle<\/li>\n<li>Maintenir les communications de nature informative que l'entit\u00e9 consid\u00e8re comme int\u00e9ressantes pour vous par tout moyen fourni volontairement et qui traitent de produits et\/ou de services similaires \u00e0 ceux demand\u00e9s. Dans ces cas, uniquement aux fins et utilisations exclusivement n\u00e9cessaires pour lesquelles leurs services ont \u00e9t\u00e9 demand\u00e9s, sans pouvoir les utiliser \u00e0 d'autres fins. Pour tout transfert autre que ceux sp\u00e9cifi\u00e9s ci-dessus, vous serez d\u00fbment inform\u00e9 et vous pourrez exercer votre droit d'opposition \u00e0 tout moment.<\/li>\n<li>Effectuer des analyses et des am\u00e9liorations du site web sur de nouveaux services.<\/li>\n<li>Se d\u00e9sabonner de nos services<\/li>\n<li>Toute autre finalit\u00e9 mentionn\u00e9e dans les formulaires et fonctionnalit\u00e9s propos\u00e9s \u00e0 tout moment par le biais du portail.<\/li>\n<\/ul>\n<hr class=\"no_line\" \/>\n<h4>\u00c0 QUELS DESTINATAIRES VOS DONN\u00c9ES SERONT-ELLES COMMUNIQU\u00c9ES ?<\/h4>\n<p>Les donn\u00e9es collect\u00e9es sont ad\u00e9quates, pertinentes et non excessives au regard de la port\u00e9e et des finalit\u00e9s d\u00e9crites. Vos donn\u00e9es seront trait\u00e9es et stock\u00e9es dans le respect des mesures de s\u00e9curit\u00e9 d\u00e9crites conform\u00e9ment \u00e0 la l\u00e9gislation en vigueur et en garantissant \u00e0 tout moment leur int\u00e9grit\u00e9 et leur confidentialit\u00e9.<br \/>\nVos donn\u00e9es ne seront pas communiqu\u00e9es \u00e0 des tiers, sauf obligation l\u00e9gale, ni partag\u00e9es avec des soci\u00e9t\u00e9s ou entit\u00e9s ext\u00e9rieures \u00e0 BIOSASUN SA. Vous \u00eates inform\u00e9 des transferts possibles de vos donn\u00e9es :<\/p>\n<ul>\n<li>aux organismes publics et priv\u00e9s n\u00e9cessaires \u00e0 l'accomplissement des obligations l\u00e9gales en vertu de la l\u00e9gislation en vigueur<\/li>\n<li>aux professionnels et aux cabinets juridiques, de conseil et\/ou d'audit<\/li>\n<li>aux sous-traitants n\u00e9cessaires \u00e0 l'ex\u00e9cution du contrat de service concern\u00e9<\/li>\n<li>aux entreprises charg\u00e9es de l'assistance et de la maintenance de notre site web<\/li>\n<li>aux entreprises charg\u00e9es de l'assistance et de la maintenance de notre syst\u00e8me informatique.<\/li>\n<li>aux entreprises charg\u00e9es de notre logiciel de gestion de l'assistance et de la maintenance<\/li>\n<li>aux entreprises charg\u00e9es de l'assistance et de la maintenance de nos serveurs et services en nuage.<\/li>\n<li>en cas de transfert international de donn\u00e9es lors de l'utilisation d'applications, ce transfert serait effectu\u00e9 dans le strict respect et avec toutes les garanties n\u00e9cessaires pour se conformer aux politiques europ\u00e9ennes de protection des donn\u00e9es en mati\u00e8re de vie priv\u00e9e.<\/li>\n<li>\u00e0 d'autres soci\u00e9t\u00e9s, entit\u00e9s et collaborateurs \u00e0 des fins administratives et\/ou commerciales, pour la gestion des objectifs d\u00e9crits ci-dessus, pour la prestation de services et la gestion correcte de l'entit\u00e9 et de ses diff\u00e9rentes activit\u00e9s.<\/li>\n<\/ul>\n<p>Dans ce cas, uniquement aux fins et utilisations exclusivement n\u00e9cessaires au d\u00e9veloppement de l'activit\u00e9 pour laquelle leurs services ont \u00e9t\u00e9 requis, sans pouvoir les utiliser \u00e0 d'autres fins. Pour tout transfert autre que ceux sp\u00e9cifi\u00e9s ci-dessus, vous serez d\u00fbment inform\u00e9 et vous pourrez exercer votre droit d'opposition \u00e0 tout moment.<\/p>\n<p>Le consentement est r\u00e9put\u00e9 avoir \u00e9t\u00e9 donn\u00e9 jusqu'\u00e0 ce que vous nous informiez express\u00e9ment de votre r\u00e9vocation du consentement \u00e0 l'une des op\u00e9rations de traitement susmentionn\u00e9es.<br \/>\nVous consentez express\u00e9ment \u00e0 ce que nous vous contactions par tout moyen que vous nous indiquerez volontairement.<\/p>\n<p>L'utilisateur du site Internet est seul responsable de la v\u00e9racit\u00e9 et de l'exactitude des donn\u00e9es fournies, BIOSASUN SA agissant de bonne foi en tant que simple prestataire de services. En cas de fourniture de donn\u00e9es fausses ou de donn\u00e9es de tiers sans leur consentement, BIOSASUN SA se r\u00e9serve le droit de d\u00e9truire imm\u00e9diatement ces donn\u00e9es afin de prot\u00e9ger les droits du ou des propri\u00e9taires de ces donn\u00e9es, exon\u00e9rant BIOSASUN SA de toute responsabilit\u00e9 en cas de non-respect de cette exigence.<\/p>\n<p>BIOSASUN SA s'engage \u00e0 respecter son obligation de secret des donn\u00e9es personnelles et son devoir de les prot\u00e9ger et adoptera toutes les mesures techniques et organisationnelles pour garantir la s\u00e9curit\u00e9 des donn\u00e9es personnelles et \u00e9viter leur alt\u00e9ration, perte, traitement ou acc\u00e8s non autoris\u00e9, en tenant compte de l'\u00e9tat de la technologie, de la nature des donn\u00e9es stock\u00e9es et des risques auxquels elles sont expos\u00e9es, le tout conform\u00e9ment aux dispositions de la r\u00e9glementation.<\/p>\n<hr class=\"no_line\" \/>\n<h4>DONN\u00c9ES SUR LES MINEURS ?<\/h4>\n<p>Nous ne traitons pas les donn\u00e9es des enfants de moins de 14 ans. Par cons\u00e9quent, veuillez vous abstenir de les fournir si vous n'avez pas cet \u00e2ge ou, le cas \u00e9ch\u00e9ant, de fournir les donn\u00e9es de tiers qui n'ont pas l'\u00e2ge susmentionn\u00e9. BIOSASUN SA d\u00e9cline toute responsabilit\u00e9 en cas de non-respect de cette disposition.<\/p>\n<h4>QUELS SONT SES DROITS ?<\/h4>\n<ul>\n<li>Savoir si nous traitons ou non vos donn\u00e9es<\/li>\n<li>Acc\u00e9der \u00e0 leurs donn\u00e9es personnelles<\/li>\n<li>demander la rectification de leurs donn\u00e9es si elles sont inexactes<\/li>\n<li>Demander la suppression de vos donn\u00e9es si elles ne sont plus n\u00e9cessaires aux fins pour lesquelles elles ont \u00e9t\u00e9 collect\u00e9es ou si vous retirez le consentement que vous nous avez donn\u00e9.<\/li>\n<li>Demander la limitation du traitement de vos donn\u00e9es, dans certains cas, auquel cas nous ne les conserverons que conform\u00e9ment \u00e0 la r\u00e9glementation en vigueur.<\/li>\n<li>Pour soumettre vos donn\u00e9es, qui vous seront fournies dans un format structur\u00e9, couramment utilis\u00e9 ou lisible par machine. Si vous le pr\u00e9f\u00e9rez, nous pouvons les envoyer au nouveau responsable que vous aurez d\u00e9sign\u00e9. Ceci n'est valable que dans certains cas<\/li>\n<li>d\u00e9poser une plainte aupr\u00e8s de l'Agence espagnole de protection des donn\u00e9es ou de l'autorit\u00e9 de contr\u00f4le comp\u00e9tente si vous estimez que nous ne vous avons pas trait\u00e9 correctement.<\/li>\n<li>de retirer \u00e0 tout moment leur consentement \u00e0 tout traitement pour lequel ils ont donn\u00e9 leur accord.<\/li>\n<\/ul>\n<p>Si vous modifiez une information, veuillez nous en informer afin que nous puissions la mettre \u00e0 jour.<br \/>\nL'utilisateur du site web peut \u00e0 tout moment exercer ces droits dans les termes \u00e9tablis par la r\u00e9glementation en vigueur, en contactant le responsable du traitement :<\/p>\n<ul>\n<li>par \u00e9crit \u00e0 l'adresse de l'entit\u00e9 : Ctra. Allo-Arroniz Km 1 31263 Dicastillo (Navarra)<\/li>\n<li>Par courrier \u00e9lectronique \u00e0 l'adresse suivante\u00a0\u00a0<a href=\"mailto:biosasun@biosasun.eu\">biosasun@biosasun.eu<\/a><\/li>\n<\/ul>\n<hr class=\"no_line\" \/>\n<h4>VOULEZ-VOUS UN FORMULAIRE POUR EXERCER VOS DROITS ?<\/h4>\n<p>Nous disposons de formulaires pour l'exercice de vos droits, vous pouvez nous les demander par courrier \u00e9lectronique ou, si vous le pr\u00e9f\u00e9rez, vous pouvez utiliser ceux pr\u00e9par\u00e9s par l'Agence espagnole de protection des donn\u00e9es ou par des tiers. Ces formulaires doivent \u00eatre sign\u00e9s \u00e9lectroniquement ou accompagn\u00e9s d'une photocopie du DNI. Si vous repr\u00e9sentez une personne, vous devez joindre une copie de son DNI ou lui faire apposer sa signature \u00e9lectronique.<\/p>\n<hr class=\"no_line\" \/>\n<h4>COMBIEN DE TEMPS FAUT-IL POUR R\u00c9PONDRE \u00c0 VOTRE DEMANDE D'EXERCICE DES DROITS ?<\/h4>\n<p>Cela d\u00e9pend de la loi, mais au maximum un mois \u00e0 compter de votre demande, et deux mois si la question est tr\u00e8s complexe et que nous vous informons que nous avons besoin de plus de temps.<\/p>\n<hr class=\"no_line\" \/>\n<h4>PENDANT COMBIEN DE TEMPS CONSERVERONS-NOUS VOS DONN\u00c9ES PERSONNELLES ?<\/h4>\n<ul>\n<li>Les donn\u00e9es personnelles seront conserv\u00e9es aussi longtemps que vous resterez en contact avec nous.<\/li>\n<li>Une fois dissoci\u00e9es, les donn\u00e9es \u00e0 caract\u00e8re personnel trait\u00e9es pour chaque finalit\u00e9 seront conserv\u00e9es pendant les p\u00e9riodes pr\u00e9vues par la loi, y compris la p\u00e9riode pendant laquelle un juge ou un tribunal peut les exiger conform\u00e9ment au d\u00e9lai de prescription des actions en justice.<\/li>\n<li>Les donn\u00e9es trait\u00e9es sont conserv\u00e9es jusqu'\u00e0 l'expiration des d\u00e9lais l\u00e9gaux susmentionn\u00e9s, s'il existe une obligation l\u00e9gale de les conserver, ou, en l'absence d'un tel d\u00e9lai l\u00e9gal, jusqu'\u00e0 ce que la personne concern\u00e9e demande leur suppression ou r\u00e9voque le consentement accord\u00e9.<\/li>\n<li>Nous conserverons toutes les informations et communications relatives \u00e0 la fourniture de notre service pendant la dur\u00e9e des garanties de service afin de traiter les \u00e9ventuelles r\u00e9clamations.<\/li>\n<li>Une fois les d\u00e9lais susmentionn\u00e9s \u00e9coul\u00e9s, les donn\u00e9es personnelles des utilisateurs peuvent \u00eatre bloqu\u00e9es et conserv\u00e9es par BIOSASUN SA dans le but de r\u00e9pondre \u00e0 d'\u00e9ventuelles responsabilit\u00e9s d\u00e9coulant du traitement et uniquement pendant la p\u00e9riode de prescription de ces responsabilit\u00e9s. Apr\u00e8s cette p\u00e9riode, les donn\u00e9es personnelles seront supprim\u00e9es par BIOSASUN SA.<\/li>\n<\/ul>\n<hr class=\"no_line\" \/>\n<h4>S\u00c9CURIT\u00c9, COOKIES ET ADRESSES IP ?<\/h4>\n<p>Le site Web utilise des techniques de s\u00e9curit\u00e9 de l'information g\u00e9n\u00e9ralement accept\u00e9es dans l'industrie, telles que des pare-feu, des proc\u00e9dures de contr\u00f4le d'acc\u00e8s et des m\u00e9canismes cryptographiques, le tout dans le but d'emp\u00eacher l'acc\u00e8s non autoris\u00e9 aux donn\u00e9es. Pour atteindre ces objectifs, l'utilisateur accepte que le fournisseur obtienne des donn\u00e9es aux fins de l'authentification correspondante des contr\u00f4les d'acc\u00e8s.<\/p>\n<h4>NOTIFICATION D'UNE VIOLATION DE LA S\u00c9CURIT\u00c9 DES DONN\u00c9ES PERSONNELLES<\/h4>\n<p>En cas de violation de la s\u00e9curit\u00e9 des donn\u00e9es \u00e0 caract\u00e8re personnel, \u00e0 moins que cette violation ne soit pas susceptible de constituer un risque pour les droits et libert\u00e9s des personnes physiques, BIOSASUN SA notifie l'Agence espagnole de protection des donn\u00e9es dans les 72 heures suivant la prise de connaissance de l'incident, en d\u00e9crivant la nature de la violation, les cons\u00e9quences possibles qui peuvent en d\u00e9couler et les mesures prises ou propos\u00e9es pour rem\u00e9dier \u00e0 la violation de la s\u00e9curit\u00e9 ; et si possible, les cat\u00e9gories et le nombre approximatif de personnes concern\u00e9es et de donn\u00e9es affect\u00e9es.<\/p>\n<p>De m\u00eame, BIOSASUN SA informe les personnes concern\u00e9es, dans les meilleurs d\u00e9lais, lorsque la violation de la s\u00e9curit\u00e9 des donn\u00e9es \u00e0 caract\u00e8re personnel est susceptible d'engendrer un risque \u00e9lev\u00e9 pour les droits et libert\u00e9s des personnes physiques, en d\u00e9crivant les cons\u00e9quences possibles qui peuvent en d\u00e9couler et les mesures prises ou propos\u00e9es pour rem\u00e9dier \u00e0 la violation de la s\u00e9curit\u00e9.<\/p>\n<hr class=\"no_line\" \/>\n<h4>UTILISATION DE COOKIES ET DU FICHIER D'ACTIVIT\u00c9<\/h4>\n<p>Si nous utilisons d'autres types de cookies qui ne sont pas n\u00e9cessaires, vous pouvez consulter la politique en mati\u00e8re de cookies dans le lien correspondant en haut de notre site web.<br \/>\nLe fournisseur, pour son propre compte ou pour celui d'un tiers charg\u00e9 de fournir des services de mesure, peut utiliser des cookies lorsqu'un utilisateur navigue sur le site web. Les cookies sont des fichiers envoy\u00e9s au navigateur par un serveur web afin d'enregistrer les activit\u00e9s de l'utilisateur pendant son temps de navigation. Les cookies utilis\u00e9s par le site web sont uniquement associ\u00e9s \u00e0 un utilisateur anonyme et \u00e0 son ordinateur, et ne fournissent pas en eux-m\u00eames les donn\u00e9es personnelles de l'utilisateur. Gr\u00e2ce \u00e0 l'utilisation de cookies, le serveur o\u00f9 se trouve le site web peut reconna\u00eetre le navigateur web utilis\u00e9 par l'utilisateur afin de faciliter la navigation, en permettant, par exemple, aux utilisateurs qui se sont pr\u00e9alablement enregistr\u00e9s, d'acc\u00e9der \u00e0 des zones, des services, des promotions ou des concours qui leur sont exclusivement r\u00e9serv\u00e9s, sans avoir \u00e0 s'enregistrer \u00e0 chaque visite. Ils sont \u00e9galement utilis\u00e9s pour mesurer les param\u00e8tres d'audience et de trafic, contr\u00f4ler la progression et le nombre de participations. L'utilisateur a la possibilit\u00e9 de configurer son navigateur pour \u00eatre averti de la r\u00e9ception de cookies et pour emp\u00eacher leur installation sur son ordinateur. Veuillez consulter les instructions et les manuels de votre navigateur pour plus d'informations. Pour utiliser le site Web, il n'est pas n\u00e9cessaire que l'utilisateur autorise l'installation de cookies envoy\u00e9s par le site Web ou le tiers agissant en son nom, m\u00eame s'il est n\u00e9cessaire que l'utilisateur s'identifie en tant que tel dans chacun des services dont la prestation n\u00e9cessite une inscription ou une connexion pr\u00e9alable. Les cookies utilis\u00e9s sur ce site Web sont, en tout \u00e9tat de cause, de nature temporaire, dans le seul but de rendre plus efficace leur transmission ult\u00e9rieure. En aucun cas, les cookies ne seront utilis\u00e9s pour collecter des informations personnelles.<\/p>\n<hr class=\"no_line\" \/>\n<h4>ADRESSES IP<\/h4>\n<p>Les serveurs du site Web peuvent d\u00e9tecter automatiquement l'adresse IP et le nom de domaine utilis\u00e9s par l'utilisateur. Une adresse IP est un num\u00e9ro automatiquement attribu\u00e9 \u00e0 un ordinateur lorsqu'il se connecte \u00e0 Internet. Toutes ces informations sont enregistr\u00e9es dans un fichier d'activit\u00e9 du serveur d\u00fbment enregistr\u00e9 qui permet le traitement ult\u00e9rieur des donn\u00e9es afin d'obtenir des mesures purement statistiques permettant de conna\u00eetre le nombre d'impressions de pages, le nombre de visites effectu\u00e9es sur les services web, l'ordre des visites, le point d'acc\u00e8s, etc.<\/p>","protected":false},"excerpt":{"rendered":"<p>Esta Pol\u00edtica de Privacidad tiene por objeto informar a los usuarios sobre la recogida y tratamiento de los datos personales obtenidos a trav\u00e9s de la web biosasun.eu (en adelante \u201cel Sitio Web\u201d) BIOSASUN SA cumple con las directrices del Reglamento (UE) 2016\/679 del Parlamento Europeo y del Consejo, de 27 de abril de 2016, relativo [&hellip;]<\/p>\n","protected":false},"author":1,"featured_media":0,"parent":0,"menu_order":0,"comment_status":"closed","ping_status":"closed","template":"","meta":{"footnotes":""},"class_list":["post-3566","page","type-page","status-publish","hentry"],"aioseo_notices":[],"_links":{"self":[{"href":"https:\/\/biosasun.eu\/fr\/wp-json\/wp\/v2\/pages\/3566","targetHints":{"allow":["GET"]}}],"collection":[{"href":"https:\/\/biosasun.eu\/fr\/wp-json\/wp\/v2\/pages"}],"about":[{"href":"https:\/\/biosasun.eu\/fr\/wp-json\/wp\/v2\/types\/page"}],"author":[{"embeddable":true,"href":"https:\/\/biosasun.eu\/fr\/wp-json\/wp\/v2\/users\/1"}],"replies":[{"embeddable":true,"href":"https:\/\/biosasun.eu\/fr\/wp-json\/wp\/v2\/comments?post=3566"}],"version-history":[{"count":1,"href":"https:\/\/biosasun.eu\/fr\/wp-json\/wp\/v2\/pages\/3566\/revisions"}],"predecessor-version":[{"id":3567,"href":"https:\/\/biosasun.eu\/fr\/wp-json\/wp\/v2\/pages\/3566\/revisions\/3567"}],"wp:attachment":[{"href":"https:\/\/biosasun.eu\/fr\/wp-json\/wp\/v2\/media?parent=3566"}],"curies":[{"name":"wp","href":"https:\/\/api.w.org\/{rel}","templated":true}]}}