{"id":4189,"date":"2025-10-19T08:44:40","date_gmt":"2025-10-19T08:44:40","guid":{"rendered":"https:\/\/biosasun.kalmadigital.com\/?page_id=4189"},"modified":"2025-12-23T20:33:34","modified_gmt":"2025-12-23T20:33:34","slug":"conoce-biosasun-oleohealth","status":"publish","type":"page","link":"https:\/\/biosasun.eu\/fr\/conoce-biosasun-oleohealth\/","title":{"rendered":"Conoce Biosasun Oleohealth"},"content":{"rendered":"<section class=\"wpb-content-wrapper\">\n<div class=\"mk-page-section-wrapper\" data-mk-full-width=\"true\" data-mk-full-width-init=\"true\" data-mk-stretch-content=\"true\">\n\t<div id=\"redes-sociales\" class=\"mk-page-section self-hosted   full_layout full-width-1 js-el js-master-row jupiter-donut-\"    data-intro-effect=\"false\">\n\n\t\t\t\n\t\t\t<div class=\"mk-page-section-inner\">\n\t\t\t\t\n\n\n<div class=\"mk-video-color-mask\"><\/div>\n\n\t\t\t\t\n\t\t\t\t\t\t\t<\/div>\n\n\t\t\t\n        <div class=\"page-section-content vc_row-fluid mk-grid\" >\n            <div class=\"mk-padding-wrapper wpb_row\">\n<div class=\"vc_col-sm-12 wpb_column column_container  jupiter-donut- _ jupiter-donut-height-full\">\n\t\n<div id=\"padding-3\" class=\"mk-padding-divider jupiter-donut-  jupiter-donut-clearfix\"><\/div>\n\n\n<h1 id=\"fancy-title-4\" class=\"mk-fancy-title  simple-style jupiter-donut-  color-single\">\n\t<span>\n\t\t\t\t<p>Biosasun est synonyme de recherche, d'exp\u00e9rience et de qualit\u00e9 dans les applications b\u00e9n\u00e9fiques de l'huile d'olive et d'autres sous-produits de l'industrie de l'huile d'olive.<\/p>\n\t\t\t<\/span>\n<\/h1>\n<div class=\"clearboth\"><\/div>\n\n\n\n\n<h1 id=\"fancy-title-5\" class=\"mk-fancy-title  simple-style jupiter-donut-  color-single\">\n\t<span>\n\t\t\t\t<p style=\"text-align: justify;\"><span style=\"color: #758e42;\">Au <strong>BIOSASUN<\/strong> nous nous engageons \u00e0 fabriquer des produits de la plus haute qualit\u00e9, en nous basant sur les multiples propri\u00e9t\u00e9s et les nombreux composants que l'huile d'olive et les autres d\u00e9riv\u00e9s de l'olivier apportent \u00e0 l'organisme.<\/span><\/p>\n\t\t\t<\/span>\n<\/h1>\n<div class=\"clearboth\"><\/div>\n\n\n\n\n<h4 id=\"fancy-title-6\" class=\"mk-fancy-title  simple-style jupiter-donut-  color-single\">\n\t<span>\n\t\t\t\t<p><strong>NOUS NOUS SOUCIONS DE LA SANT\u00c9 DES PERSONNES, DE L'ENVIRONNEMENT ET DE LA BIODIVERSIT\u00c9<\/strong><\/p>\n\t\t\t<\/span>\n<\/h4>\n<div class=\"clearboth\"><\/div>\n\n\n\n<div class=\"wpb_video_widget  jupiter-donut-\">\n\t<div class=\"wpb_wrapper\">\n\t\t\t\t<div id=\"video-container-7\" class=\"video-container mk-aspect-ratio\" data-id=\"7\" data-source=\"self_hosted\" data-autoplay=\"1\" data-loop=\"1\" data-target=\"lightbox\" itemprop=\"video\" itemtype=\"https:\/\/schema.org\/VideoObject\" >\n\t\t\t<div id=\"video-player-7\" class=\"video-player\">\n\t\t\t\t\t\t<video id=\"video-player-7\" data-id=\"7\" poster=\"\" preload=\"auto\"  muted loop>\n\t\t\t\t\t\t\t\t\t<source type=\"video\/mp4\" src=\"https:\/\/biosasun.eu\/wp-content\/uploads\/2025\/10\/oleohealth-ivel_v2-1.mp4\" \/>\n\t\t\t\t\t\t\t<\/video>\n\t\t\t\t\t\t<\/div>\n\t\t\t\t\t<\/div>\n\t<\/div>\n<\/div>\n\n<div id=\"padding-8\" class=\"mk-padding-divider jupiter-donut-  jupiter-donut-clearfix\"><\/div>\n\n\n<h2 id=\"fancy-title-9\" class=\"mk-fancy-title  simple-style jupiter-donut-  color-single\">\n\t<span>\n\t\t\t\t<p style=\"text-align: justify;\"><span dir=\"auto\" style=\"vertical-align: inherit;\"><span dir=\"auto\" style=\"vertical-align: inherit;\"><strong>BIOSASUN<\/strong> est un projet d'entreprise familiale dirig\u00e9 par les fr\u00e8res Gainza de Allo (Rita, Eusebio et Eduardo), qui a d\u00e9but\u00e9 en 1989 avec la culture d'oliviers en agriculture biologique sous la certification du CPAEN. En 1992, ils ont produit la premi\u00e8re huile d'olive extra vierge biologique \u00e0 partir de la vari\u00e9t\u00e9 d'olive Arr\u00f3niz, jetant ainsi les bases de leur engagement en faveur de la qualit\u00e9 et de la durabilit\u00e9.<\/span><\/span><\/p>\n<p style=\"text-align: justify;\"><strong>BIOSASUN<\/strong> est synonyme de <strong>recherche<\/strong>, <strong>exp\u00e9rience<\/strong> y <strong>qualit\u00e9<\/strong> sur les applications b\u00e9n\u00e9fiques de l'huile d'olive, des polyph\u00e9nols d'olive et d'autres antioxydants tels que ceux que l'on trouve dans les truffes.<\/p>\n<p style=\"text-align: justify;\">Au <strong>BIOSASUN<\/strong> nous nous engageons \u00e0 <strong>la production de produits de la plus haute qualit\u00e9<\/strong> \u00e0 partir des multiples propri\u00e9t\u00e9s et des nombreux composants que l'huile d'olive et les autres d\u00e9riv\u00e9s de l'olivier et de la truffe apportent \u00e0 l'organisme.<\/p>\n<p style=\"text-align: justify;\">Nous avons \u00e9t\u00e9 fond\u00e9s en 2001 gr\u00e2ce \u00e0 l'int\u00e9r\u00eat d'un groupe de professionnels pour le monde de l'\u00e9cologie. Apr\u00e8s des ann\u00e9es de travail intense et d'approfondissement de nos connaissances sur l'olivier, son huile et surtout sur l'un de ses composants les plus appr\u00e9ci\u00e9s : les polyph\u00e9nols, nous avons d\u00e9velopp\u00e9 nos marques <strong>BIOSASUN<\/strong> y <strong>OLEO-SANT\u00c9<\/strong>.<\/p>\n<p style=\"text-align: justify;\">En 2016, nous entrons dans le secteur des <strong>boissons non alcoolis\u00e9es<\/strong> en cours de d\u00e9veloppement <strong>boissons probiotiques ferment\u00e9es<\/strong> en diff\u00e9rentes saveurs : citron, menthe-gingembre, hibiscus, noix de coco, mangue, th\u00e9 earl grey (kombucha)... dont certaines avec des polyph\u00e9nols d'olive provenant de notre jus d'olive.<\/p>\n<p style=\"text-align: justify;\">En 2022, nous unissons le monde des <strong>L'ol\u00e9iculture et la trufficulture<\/strong> donnant lieu \u00e0 <strong>BIOSASUN GOURMET<\/strong>, qui associe les bienfaits des polyph\u00e9nols, antioxydants de l'olivier, \u00e0 l'ar\u00f4me intense mais subtil, polyvalent et multiforme de ce champignon pris\u00e9, capable d'intensifier la saveur de n'importe quel plat. \u00c0 la valeur du <strong>truffe fra\u00eeche<\/strong> nous avons ajout\u00e9 le <strong>champignons s\u00e9ch\u00e9s<\/strong>, ainsi que des produits d\u00e9riv\u00e9s, en mettant sur le march\u00e9 des condiments truff\u00e9s \u00e0 base d'huile, de vinaigre balsamique, de vinaigre de cidre et de sel, des sauces truff\u00e9es, de la sauce piquillo truff\u00e9e, des confitures piquillo truff\u00e9es et des confitures au miel...<\/p>\n\t\t\t<\/span>\n<\/h2>\n<div class=\"clearboth\"><\/div>\n\n\n\n\n<div id=\"padding-10\" class=\"mk-padding-divider jupiter-donut-  jupiter-donut-clearfix\"><\/div>\n\n\n<h3 id=\"fancy-title-11\" class=\"mk-fancy-title  simple-style jupiter-donut-  color-single\">\n\t<span>\n\t\t\t\t<p><strong>Travailler avec les clubs sportifs locaux pour promouvoir un mode de vie plus sain.<\/strong><\/p>\n\t\t\t<\/span>\n<\/h3>\n<div class=\"clearboth\"><\/div>\n\n\n\n\n\t<div  class=\"wpb_single_image wpb_content_element vc_align_center  wpb_animate_when_almost_visible wpb_bounceInDown bounceInDown\">\n\t\t\n\t\t<figure class=\"wpb_wrapper vc_figure\">\n\t\t\t<div class=\"vc_single_image-wrapper   vc_box_border_grey\"><img loading=\"lazy\" decoding=\"async\" class=\"vc_single_image-img\" src=\"https:\/\/biosasun.eu\/wp-content\/uploads\/2025\/10\/biosasun-con-el-deporte.png\" width=\"1024\" height=\"674\" alt=\"Biosasun: Aceites y Bebidas apoyando a nuestro Deporte\" title=\"Biosasun : Huiles et boissons pour le sport\" \/><\/div>\n\t\t<\/figure>\n\t<\/div>\n\n<h3 id=\"fancy-title-12\" class=\"mk-fancy-title  simple-style jupiter-donut-  color-single\">\n\t<span>\n\t\t\t\t<p style=\"text-align: center;\"><em><strong>Baskonia<\/strong><\/em><\/p>\n\t\t\t<\/span>\n<\/h3>\n<div class=\"clearboth\"><\/div>\n\n\n\n\n\t<div  class=\"wpb_single_image wpb_content_element vc_align_center  wpb_animate_when_almost_visible wpb_lightSpeedIn lightSpeedIn\">\n\t\t\n\t\t<figure class=\"wpb_wrapper vc_figure\">\n\t\t\t<a href=\"https:\/\/allotarra.eu\/categoria-producto\/aceites\" target=\"_blank\" class=\"vc_single_image-wrapper   vc_box_border_grey\"><img loading=\"lazy\" decoding=\"async\" class=\"vc_single_image-img\" src=\"https:\/\/biosasun.eu\/wp-content\/uploads\/2025\/10\/logos_transp.v2-scaled-703x100.png\" width=\"703\" height=\"100\" alt=\"Biosasun Oleohealth Gourmet\" title=\"Biosasun Oleohealth Gourmet\" \/><\/a>\n\t\t<\/figure>\n\t<\/div>\n\n<div id=\"padding-13\" class=\"mk-padding-divider jupiter-donut-  jupiter-donut-clearfix\"><\/div>\n\n\n<h4 id=\"fancy-title-14\" class=\"mk-fancy-title  simple-style jupiter-donut-  color-single\">\n\t<span>\n\t\t\t\t<p><strong>BIOSASUN<\/strong> VA DE PAIR AVEC <strong>ALLOTARRA<\/strong>, DEUX ENTREPRISES COMPL\u00c9MENTAIRES QUI ASSOCIENT L'INNOVATION ET LA RECHERCHE \u00c0 LA TRADITION OL\u00c9ICOLE POUR CR\u00c9ER DES PRODUITS DE QUALIT\u00c9. <strong>DES PRODUITS SAINS,<br \/>\nDURABLE ET DE LA PLUS HAUTE QUALIT\u00c9<\/strong>.<\/p>\n\t\t\t<\/span>\n<\/h4>\n<div class=\"clearboth\"><\/div>\n\n\n\n\n\t<div  class=\"wpb_single_image wpb_content_element vc_align_center  wpb_animate_when_almost_visible wpb_lightSpeedIn lightSpeedIn\">\n\t\t\n\t\t<figure class=\"wpb_wrapper vc_figure\">\n\t\t\t<a href=\"https:\/\/allotarra.eu\/\" target=\"_blank\" class=\"vc_single_image-wrapper   vc_box_border_grey\"><img loading=\"lazy\" decoding=\"async\" class=\"vc_single_image-img\" src=\"https:\/\/biosasun.eu\/wp-content\/uploads\/2025\/10\/logo_allotarra-200x116.png\" width=\"200\" height=\"116\" alt=\"Allotarra\" title=\"Allotarra\" \/><\/a>\n\t\t<\/figure>\n\t<\/div>\n<\/div>\n<\/div>\n            <div class=\"clearboth\"><\/div>\n        <\/div>\n\n\n\t\t\t\n\t\t\t\n\t\t\t\n\t\t<div class=\"clearboth\"><\/div>\n\t<\/div>\n<\/div>\n<div class=\"vc_row-full-width vc_clearfix\"><\/div>\n\n\n<div class=\"vc_col-sm-12 wpb_column column_container  jupiter-donut- _ jupiter-donut-height-full\">\n\t<\/div>\n\n<div class=\"mk-page-section-wrapper\" data-mk-full-width=\"true\" data-mk-full-width-init=\"true\" data-mk-stretch-content=\"true\">\n\t<div id=\"redes-sociales\" class=\"mk-page-section self-hosted   full_layout full-width-16 js-el js-master-row jupiter-donut-\"    data-intro-effect=\"false\">\n\n\t\t\t\n\t\t\t<div class=\"mk-page-section-inner\">\n\t\t\t\t\n\n\n<div class=\"mk-video-color-mask\"><\/div>\n\n\t\t\t\t\n\t\t\t\t\t\t\t<\/div>\n\n\t\t\t\n        <div class=\"page-section-content vc_row-fluid mk-grid\" >\n            <div class=\"mk-padding-wrapper wpb_row\">\n<div class=\"vc_col-sm-12 wpb_column column_container  jupiter-donut- _ jupiter-donut-height-full\">\n\t\n<div id=\"padding-18\" class=\"mk-padding-divider jupiter-donut-  jupiter-donut-clearfix\"><\/div>\n\n\n<span id=\"fancy-title-19\" class=\"mk-fancy-title  simple-style jupiter-donut-  color-single\">\n\t<span>\n\t\t\t\t<p>Suivez-nous sur les m\u00e9dias sociaux<\/p>\n\t\t\t<\/span>\n<\/span>\n<div class=\"clearboth\"><\/div>\n\n\n\n\n\n<div class=\"wpb_row vc_inner vc_row vc_row-fluid jupiter-donut-   attched-false\">\n\t\t\t<div class=\"wpb_column vc_column_container vc_col-sm-3\"><div class=\"vc_column-inner\"><div class=\"wpb_wrapper\">\n<span id=\"fancy-title-20\" class=\"mk-fancy-title  simple-style jupiter-donut-  color-single\">\n\t<span>\n\t\t\t\t<p><a href=\"https:\/\/www.instagram.com\/biosasun\" target=\"_blank\" rel=\"noopener nofollow\"><i class=\"fa-brands fa-instagram\"><\/i><span style=\"display: none;\">.<\/span><\/a><\/p>\n\t\t\t<\/span>\n<\/span>\n<div class=\"clearboth\"><\/div>\n\n\n\n\n<span id=\"fancy-title-21\" class=\"mk-fancy-title  simple-style jupiter-donut-  color-single\">\n\t<span>\n\t\t\t\t<p>Instagram<\/p>\n\t\t\t<\/span>\n<\/span>\n<div class=\"clearboth\"><\/div>\n\n\n\n<\/div><\/div><\/div><div class=\"wpb_column vc_column_container vc_col-sm-3\"><div class=\"vc_column-inner\"><div class=\"wpb_wrapper\">\n<span id=\"fancy-title-22\" class=\"mk-fancy-title  simple-style jupiter-donut-  color-single\">\n\t<span>\n\t\t\t\t<p><a href=\"https:\/\/www.facebook.com\/biosasun\" target=\"_blank\" rel=\"noopener nofollow\"><i class=\"fa-brands fa-facebook\"><\/i><span style=\"display: none;\">.<\/span><\/a><\/p>\n\t\t\t<\/span>\n<\/span>\n<div class=\"clearboth\"><\/div>\n\n\n\n\n<span id=\"fancy-title-23\" class=\"mk-fancy-title  simple-style jupiter-donut-  color-single\">\n\t<span>\n\t\t\t\t<p>Facebook<\/p>\n\t\t\t<\/span>\n<\/span>\n<div class=\"clearboth\"><\/div>\n\n\n\n<\/div><\/div><\/div><div class=\"wpb_column vc_column_container vc_col-sm-3\"><div class=\"vc_column-inner\"><div class=\"wpb_wrapper\">\n<span id=\"fancy-title-24\" class=\"mk-fancy-title  simple-style jupiter-donut-  color-single\">\n\t<span>\n\t\t\t\t<p><a href=\"https:\/\/www.youtube.com\/@Allotarra\" target=\"_blank\" rel=\"noopener nofollow\"><i class=\"fa-brands fa-youtube\"><\/i><span style=\"display: none;\">.<\/span><\/a><\/p>\n\t\t\t<\/span>\n<\/span>\n<div class=\"clearboth\"><\/div>\n\n\n\n\n<span id=\"fancy-title-25\" class=\"mk-fancy-title  simple-style jupiter-donut-  color-single\">\n\t<span>\n\t\t\t\t<p>YouTube<\/p>\n\t\t\t<\/span>\n<\/span>\n<div class=\"clearboth\"><\/div>\n\n\n\n<\/div><\/div><\/div><div class=\"wpb_column vc_column_container vc_col-sm-3\"><div class=\"vc_column-inner\"><div class=\"wpb_wrapper\">\n<span id=\"fancy-title-26\" class=\"mk-fancy-title  simple-style jupiter-donut-  color-single\">\n\t<span>\n\t\t\t\t<p><a href=\"https:\/\/es.linkedin.com\/company\/biosasun-sa\" target=\"_blank\" rel=\"noopener nofollow\"><i class=\"fa-brands fa-linkedin\"><\/i><span style=\"display: none;\">.<\/span><\/a><\/p>\n\t\t\t<\/span>\n<\/span>\n<div class=\"clearboth\"><\/div>\n\n\n\n\n<span id=\"fancy-title-27\" class=\"mk-fancy-title  simple-style jupiter-donut-  color-single\">\n\t<span>\n\t\t\t\t<p>Linkedin<\/p>\n\t\t\t<\/span>\n<\/span>\n<div class=\"clearboth\"><\/div>\n\n\n\n<\/div><\/div><\/div>\t<\/div>\n<div id=\"divider-28\" class=\"mk-divider  jupiter-donut-  custom-width center thick_solid\">\n\n\t\t\t<div class=\"divider-inner\"><\/div>\n\t\n<\/div>\n<div class=\"clearboth\"><\/div>\n\n<div id=\"padding-29\" class=\"mk-padding-divider jupiter-donut-  jupiter-donut-clearfix\"><\/div>\n\n<\/div>\n<\/div>\n            <div class=\"clearboth\"><\/div>\n        <\/div>\n\n\n\t\t\t\n\t\t\t\n\t\t\t\n\t\t<div class=\"clearboth\"><\/div>\n\t<\/div>\n<\/div>\n<div class=\"vc_row-full-width vc_clearfix\"><\/div>\n\n\n<\/section>","protected":false},"excerpt":{"rendered":"Biosasun es sin\u00f3nimo de investigaci\u00f3n, experiencia y calidad en las aplicaciones beneficiosas procedentes del aceite de oliva, y otros subproductos de la industria oleica. En BIOSASUN estamos comprometidos en la elaboraci\u00f3n de productos de la m\u00e1xima calidad, a partir de las m\u00faltiples propiedades y numerosos componentes, que el aceite, y otros derivados del olivo, aportan [...]","protected":false},"author":3,"featured_media":0,"parent":0,"menu_order":0,"comment_status":"closed","ping_status":"closed","template":"","meta":{"footnotes":""},"class_list":["post-4189","page","type-page","status-publish","hentry"],"aioseo_notices":[],"_links":{"self":[{"href":"https:\/\/biosasun.eu\/fr\/wp-json\/wp\/v2\/pages\/4189","targetHints":{"allow":["GET"]}}],"collection":[{"href":"https:\/\/biosasun.eu\/fr\/wp-json\/wp\/v2\/pages"}],"about":[{"href":"https:\/\/biosasun.eu\/fr\/wp-json\/wp\/v2\/types\/page"}],"author":[{"embeddable":true,"href":"https:\/\/biosasun.eu\/fr\/wp-json\/wp\/v2\/users\/3"}],"replies":[{"embeddable":true,"href":"https:\/\/biosasun.eu\/fr\/wp-json\/wp\/v2\/comments?post=4189"}],"version-history":[{"count":67,"href":"https:\/\/biosasun.eu\/fr\/wp-json\/wp\/v2\/pages\/4189\/revisions"}],"predecessor-version":[{"id":4664,"href":"https:\/\/biosasun.eu\/fr\/wp-json\/wp\/v2\/pages\/4189\/revisions\/4664"}],"wp:attachment":[{"href":"https:\/\/biosasun.eu\/fr\/wp-json\/wp\/v2\/media?parent=4189"}],"curies":[{"name":"wp","href":"https:\/\/api.w.org\/{rel}","templated":true}]}}