{"id":4674,"date":"2025-12-23T21:15:44","date_gmt":"2025-12-23T21:15:44","guid":{"rendered":"https:\/\/biosasun.kalmadigital.com\/?page_id=4674"},"modified":"2025-12-23T21:32:06","modified_gmt":"2025-12-23T21:32:06","slug":"e-consultoria","status":"publish","type":"page","link":"https:\/\/biosasun.eu\/fr\/e-consultoria\/","title":{"rendered":"E-COnsultancy"},"content":{"rendered":"<section class=\"wpb-content-wrapper\">\n<div class=\"mk-page-section-wrapper\" data-mk-full-width=\"true\" data-mk-full-width-init=\"true\" data-mk-stretch-content=\"true\">\n\t<div id=\"redes-sociales\" class=\"mk-page-section self-hosted   full_layout full-width-1 js-el js-master-row jupiter-donut-\"    data-intro-effect=\"false\">\n\n\t\t\t\n\t\t\t<div class=\"mk-page-section-inner\">\n\t\t\t\t\n\n\n<div class=\"mk-video-color-mask\"><\/div>\n\n\t\t\t\t\n\t\t\t\t\t\t\t<\/div>\n\n\t\t\t\n        <div class=\"page-section-content vc_row-fluid mk-grid\" >\n            <div class=\"mk-padding-wrapper wpb_row\">\n<div class=\"vc_col-sm-12 wpb_column column_container  jupiter-donut- _ jupiter-donut-height-full\">\n\t\n<div id=\"padding-3\" class=\"mk-padding-divider jupiter-donut-  jupiter-donut-clearfix\"><\/div>\n\n\n<h1 id=\"fancy-title-4\" class=\"mk-fancy-title  simple-style jupiter-donut-  color-single\">\n\t<span>\n\t\t\t\t<p>Conseil strat\u00e9gique et durable (E-COnsultor\u00eda)<\/p>\n\t\t\t<\/span>\n<\/h1>\n<div class=\"clearboth\"><\/div>\n\n\n\n<div id=\"divider-5\" class=\"mk-divider  jupiter-donut-  custom-width center thick_solid\">\n\n\t\t\t<div class=\"divider-inner\"><\/div>\n\t\n<\/div>\n<div class=\"clearboth\"><\/div>\n\n<div id=\"padding-6\" class=\"mk-padding-divider jupiter-donut-  jupiter-donut-clearfix\"><\/div>\n\n<\/div>\n<\/div>\n            <div class=\"clearboth\"><\/div>\n        <\/div>\n\n\n\t\t\t\n\t\t\t\n\t\t\t\n\t\t<div class=\"clearboth\"><\/div>\n\t<\/div>\n<\/div>\n<div class=\"vc_row-full-width vc_clearfix\"><\/div>\n\n\n<div class=\"mk-page-section-wrapper\" data-mk-full-width=\"true\" data-mk-full-width-init=\"true\" data-mk-stretch-content=\"true\">\n\t<div id=\"page-section-7\" class=\"mk-page-section self-hosted   full_layout full-width-7 js-el js-master-row jupiter-donut-\"    data-intro-effect=\"false\">\n\n\t\t\t\n\t\t\t<div class=\"mk-page-section-inner\">\n\t\t\t\t\n\n\n<div class=\"mk-video-color-mask\"><\/div>\n\n\t\t\t\t\n\t\t\t\t\t\t\t<\/div>\n\n\t\t\t\n        <div class=\"page-section-content vc_row-fluid mk-grid\" >\n            <div class=\"mk-padding-wrapper wpb_row\">\n<div class=\"vc_col-sm-12 wpb_column column_container  jupiter-donut- _ jupiter-donut-height-full\">\n\t\n<h3 id=\"fancy-title-9\" class=\"mk-fancy-title  simple-style jupiter-donut-  color-single\">\n\t<span>\n\t\t\t\t<p><strong>1-Conseil strat\u00e9gique et durable (E-COnsultancy)<\/strong><\/p>\n<p style=\"text-align: justify;\">Au <strong>BIOSASUN<\/strong> nous offrons un service de conseil strat\u00e9gique et durable destin\u00e9 aux entreprises qui cherchent \u00e0 cro\u00eetre de mani\u00e8re responsable, \u00e0 am\u00e9liorer leur comp\u00e9titivit\u00e9 et \u00e0 assurer leur conformit\u00e9 r\u00e9glementaire. Nous travaillons de mani\u00e8re flexible, \u00e9galement \u00e0 distance, en nous adaptant aux besoins r\u00e9els de chaque organisation et de son secteur d'activit\u00e9. Notre approche int\u00e8gre la strat\u00e9gie d'entreprise, la qualit\u00e9, l'environnement, la s\u00e9curit\u00e9 et la durabilit\u00e9, en fournissant des solutions pratiques align\u00e9es sur la l\u00e9gislation en vigueur.<\/p>\n<p><strong>2-Conseil en gestion d'entreprise<\/strong><\/p>\n<p style=\"text-align: justify;\">Nous aidons les entreprises \u00e0 d\u00e9finir et \u00e0 d\u00e9velopper leur strat\u00e9gie commerciale \u00e0 partir d'une vision globale et durable. Nous analysons le contexte interne et externe de l'organisation afin d'identifier les opportunit\u00e9s commerciales, les risques, les avantages concurrentiels et les domaines \u00e0 am\u00e9liorer. Nous aidons nos clients \u00e0 prendre des d\u00e9cisions strat\u00e9giques qui favorisent l'innovation, la diversification et une croissance ordonn\u00e9e, toujours en phase avec le march\u00e9, la technologie et les tendances actuelles.<\/p>\n<p><strong>3-Conseils en gestion de qualit\u00e9<\/strong><\/p>\n<p style=\"text-align: justify;\">Nous offrons des services de conseil en gestion de la qualit\u00e9 visant \u00e0 la mise en \u0153uvre, \u00e0 la maintenance et \u00e0 l'am\u00e9lioration des syst\u00e8mes de gestion certifi\u00e9s. Nous aidons les entreprises \u00e0 int\u00e9grer la qualit\u00e9 dans leurs processus, \u00e0 am\u00e9liorer leur efficacit\u00e9 op\u00e9rationnelle et \u00e0 renforcer la confiance des clients et des administrations. Notre soutien facilite l'adaptation aux normes de qualit\u00e9 largement reconnues et permet aux entreprises de faire face aux audits internes et externes avec des garanties.<\/p>\n<p><strong>4-Conseil en environnement et conformit\u00e9 juridique<\/strong><\/p>\n<p style=\"text-align: justify;\">Nous aidons les entreprises \u00e0 g\u00e9rer l'environnement et \u00e0 se conformer \u00e0 la l\u00e9gislation environnementale applicable \u00e0 leur activit\u00e9. Nous offrons des conseils sur les syst\u00e8mes de gestion de l'environnement, les proc\u00e9dures administratives, la surveillance de l'environnement et le contr\u00f4le des exigences l\u00e9gales. Nous jouons \u00e9galement le r\u00f4le de conseiller en s\u00e9curit\u00e9 pour le transport de marchandises dangereuses, en aidant les organisations \u00e0 op\u00e9rer de mani\u00e8re s\u00fbre, l\u00e9gale et respectueuse de l'environnement.<\/p>\n<p><strong>5-Consultation sur la pr\u00e9vention des risques professionnels<\/strong><\/p>\n<p style=\"text-align: justify;\">Nous fournissons des services de conseil en mati\u00e8re de pr\u00e9vention des risques professionnels visant \u00e0 cr\u00e9er des environnements de travail s\u00fbrs et conformes \u00e0 la r\u00e9glementation en vigueur. Nous aidons \u00e0 mettre en \u0153uvre et \u00e0 maintenir des syst\u00e8mes de gestion de la sant\u00e9 et de la s\u00e9curit\u00e9 au travail, en int\u00e9grant la pr\u00e9vention dans la culture d'entreprise. Notre approche permet de r\u00e9duire les risques, d'am\u00e9liorer l'organisation interne et de renforcer l'engagement en faveur de la s\u00e9curit\u00e9 des personnes.<\/p>\n<p><strong>6-Conseil en s\u00e9curit\u00e9 alimentaire<\/strong><\/p>\n<p style=\"text-align: justify;\">Nous offrons des conseils sp\u00e9cialis\u00e9s en mati\u00e8re de s\u00e9curit\u00e9 alimentaire aux entreprises du secteur alimentaire. Nous vous aidons \u00e0 mettre en \u0153uvre et \u00e0 am\u00e9liorer les syst\u00e8mes de gestion qui garantissent la s\u00e9curit\u00e9 alimentaire, la ma\u00eetrise des risques et le respect des normes exig\u00e9es par le march\u00e9. Notre travail contribue \u00e0 renforcer la tra\u00e7abilit\u00e9, la fiabilit\u00e9 des processus et la confiance des clients et des consommateurs.<\/p>\n\t\t\t<\/span>\n<\/h3>\n<div class=\"clearboth\"><\/div>\n\n\n\n<\/div>\n<\/div>\n            <div class=\"clearboth\"><\/div>\n        <\/div>\n\n\n\t\t\t\n\t\t\t\n\t\t\t\n\t\t<div class=\"clearboth\"><\/div>\n\t<\/div>\n<\/div>\n<div class=\"vc_row-full-width vc_clearfix\"><\/div>\n\n\n<div class=\"vc_col-sm-12 wpb_column column_container  jupiter-donut- _ jupiter-donut-height-full\">\n\t<\/div>\n\n<\/section>","protected":false},"excerpt":{"rendered":"Consultor\u00eda Estrat\u00e9gica y Sostenible (E-COnsultor\u00eda) 1-Consultor\u00eda Estrat\u00e9gica y Sostenible (E-COnsultor\u00eda) En BIOSASUN ofrecemos un servicio de consultor\u00eda estrat\u00e9gica y sostenible orientado a empresas que buscan crecer de forma responsable, mejorar su competitividad y garantizar el cumplimiento normativo. Trabajamos de forma flexible, tambi\u00e9n a distancia, adapt\u00e1ndonos a las necesidades reales de cada organizaci\u00f3n y a su [...]","protected":false},"author":3,"featured_media":0,"parent":0,"menu_order":0,"comment_status":"closed","ping_status":"closed","template":"","meta":{"footnotes":""},"class_list":["post-4674","page","type-page","status-publish","hentry"],"aioseo_notices":[],"_links":{"self":[{"href":"https:\/\/biosasun.eu\/fr\/wp-json\/wp\/v2\/pages\/4674","targetHints":{"allow":["GET"]}}],"collection":[{"href":"https:\/\/biosasun.eu\/fr\/wp-json\/wp\/v2\/pages"}],"about":[{"href":"https:\/\/biosasun.eu\/fr\/wp-json\/wp\/v2\/types\/page"}],"author":[{"embeddable":true,"href":"https:\/\/biosasun.eu\/fr\/wp-json\/wp\/v2\/users\/3"}],"replies":[{"embeddable":true,"href":"https:\/\/biosasun.eu\/fr\/wp-json\/wp\/v2\/comments?post=4674"}],"version-history":[{"count":5,"href":"https:\/\/biosasun.eu\/fr\/wp-json\/wp\/v2\/pages\/4674\/revisions"}],"predecessor-version":[{"id":4679,"href":"https:\/\/biosasun.eu\/fr\/wp-json\/wp\/v2\/pages\/4674\/revisions\/4679"}],"wp:attachment":[{"href":"https:\/\/biosasun.eu\/fr\/wp-json\/wp\/v2\/media?parent=4674"}],"curies":[{"name":"wp","href":"https:\/\/api.w.org\/{rel}","templated":true}]}}