{"id":4681,"date":"2025-12-23T21:45:38","date_gmt":"2025-12-23T21:45:38","guid":{"rendered":"https:\/\/biosasun.kalmadigital.com\/?page_id=4681"},"modified":"2026-01-11T22:41:39","modified_gmt":"2026-01-11T22:41:39","slug":"idi-servicios","status":"publish","type":"page","link":"https:\/\/biosasun.eu\/fr\/idi-servicios\/","title":{"rendered":"I+D+i servicios"},"content":{"rendered":"<section class=\"wpb-content-wrapper\">\n<div class=\"mk-page-section-wrapper\" data-mk-full-width=\"true\" data-mk-full-width-init=\"true\" data-mk-stretch-content=\"true\">\n\t<div id=\"redes-sociales\" class=\"mk-page-section self-hosted   full_layout full-width-1 js-el js-master-row jupiter-donut-\"    data-intro-effect=\"false\">\n\n\t\t\t\n\t\t\t<div class=\"mk-page-section-inner\">\n\t\t\t\t\n\n\n<div class=\"mk-video-color-mask\"><\/div>\n\n\t\t\t\t\n\t\t\t\t\t\t\t<\/div>\n\n\t\t\t\n        <div class=\"page-section-content vc_row-fluid mk-grid\" >\n            <div class=\"mk-padding-wrapper wpb_row\">\n<div class=\"vc_col-sm-12 wpb_column column_container  jupiter-donut- _ jupiter-donut-height-full\">\n\t\n<div id=\"padding-3\" class=\"mk-padding-divider jupiter-donut-  jupiter-donut-clearfix\"><\/div>\n\n\n<h1 id=\"fancy-title-4\" class=\"mk-fancy-title  simple-style jupiter-donut-  color-single\">\n\t<span>\n\t\t\t\t<p>Accompagnement dans les projets de R&amp;D&amp;I<\/p>\n\t\t\t<\/span>\n<\/h1>\n<div class=\"clearboth\"><\/div>\n\n\n\n<div id=\"divider-5\" class=\"mk-divider  jupiter-donut-  custom-width center thick_solid\">\n\n\t\t\t<div class=\"divider-inner\"><\/div>\n\t\n<\/div>\n<div class=\"clearboth\"><\/div>\n\n<div id=\"padding-6\" class=\"mk-padding-divider jupiter-donut-  jupiter-donut-clearfix\"><\/div>\n\n<\/div>\n<\/div>\n            <div class=\"clearboth\"><\/div>\n        <\/div>\n\n\n\t\t\t\n\t\t\t\n\t\t\t\n\t\t<div class=\"clearboth\"><\/div>\n\t<\/div>\n<\/div>\n<div class=\"vc_row-full-width vc_clearfix\"><\/div>\n\n\n<div class=\"mk-page-section-wrapper\" data-mk-full-width=\"true\" data-mk-full-width-init=\"true\" data-mk-stretch-content=\"true\">\n\t<div id=\"page-section-7\" class=\"mk-page-section self-hosted   full_layout full-width-7 js-el js-master-row jupiter-donut-\"    data-intro-effect=\"false\">\n\n\t\t\t\n\t\t\t<div class=\"mk-page-section-inner\">\n\t\t\t\t\n\n\n<div class=\"mk-video-color-mask\"><\/div>\n\n\t\t\t\t\n\t\t\t\t\t\t\t<\/div>\n\n\t\t\t\n        <div class=\"page-section-content vc_row-fluid mk-grid\" >\n            <div class=\"mk-padding-wrapper wpb_row\">\n<div class=\"vc_col-sm-12 wpb_column column_container  jupiter-donut- _ jupiter-donut-height-full\">\n\t\n<h3 id=\"fancy-title-9\" class=\"mk-fancy-title  simple-style jupiter-donut-  color-single\">\n\t<span>\n\t\t\t\t<p style=\"text-align: justify;\">Au <strong>BIOSASUN<\/strong> nous facilitons l'int\u00e9gration des entreprises dans des projets de R&amp;D&amp;I align\u00e9s sur les lignes strat\u00e9giques de l'Union europ\u00e9enne. <strong>BIOSASUN<\/strong>, au niveau r\u00e9gional, national et international. Nous accompagnons les entreprises sans exp\u00e9rience pr\u00e9alable en mati\u00e8re de recherche et d'innovation, en leur offrant un soutien dans la pr\u00e9paration de la demande, la gestion technique et \u00e9conomique du projet et la relation avec les organismes de financement et les auditeurs. Notre approche pratique et de proximit\u00e9 permet aux entreprises de se lancer dans la R&amp;D&amp;I en toute s\u00e9curit\u00e9, en r\u00e9duisant la complexit\u00e9 administrative et en augmentant les chances de succ\u00e8s.<\/p>\n\t\t\t<\/span>\n<\/h3>\n<div class=\"clearboth\"><\/div>\n\n\n\n\n\t<div  class=\"wpb_single_image wpb_content_element vc_align_left\">\n\t\t\n\t\t<figure class=\"wpb_wrapper vc_figure\">\n\t\t\t<div class=\"vc_single_image-wrapper   vc_box_border_grey\"><img loading=\"lazy\" decoding=\"async\" width=\"1280\" height=\"853\" src=\"https:\/\/biosasun.eu\/wp-content\/uploads\/2026\/01\/foto-para-id_1280.jpg\" class=\"vc_single_image-img attachment-full\" alt=\"Acompa\u00f1amiento en Proyectos de I+D+i\" title=\"Accompagnement dans les projets de R&amp;D&amp;I\" srcset=\"https:\/\/biosasun.eu\/wp-content\/uploads\/2026\/01\/foto-para-id_1280.jpg 1280w, https:\/\/biosasun.eu\/wp-content\/uploads\/2026\/01\/foto-para-id_1280-300x200.jpg 300w, https:\/\/biosasun.eu\/wp-content\/uploads\/2026\/01\/foto-para-id_1280-1024x682.jpg 1024w, https:\/\/biosasun.eu\/wp-content\/uploads\/2026\/01\/foto-para-id_1280-768x512.jpg 768w\" sizes=\"auto, (max-width: 1280px) 100vw, 1280px\" itemprop=\"image\" \/><\/div>\n\t\t<\/figure>\n\t<\/div>\n<\/div>\n<\/div>\n            <div class=\"clearboth\"><\/div>\n        <\/div>\n\n\n\t\t\t\n\t\t\t\n\t\t\t\n\t\t<div class=\"clearboth\"><\/div>\n\t<\/div>\n<\/div>\n<div class=\"vc_row-full-width vc_clearfix\"><\/div>\n\n\n<div class=\"vc_col-sm-12 wpb_column column_container  jupiter-donut- _ jupiter-donut-height-full\">\n\t<\/div>\n\n<\/section>","protected":false},"excerpt":{"rendered":"Acompa\u00f1amiento en Proyectos de I+D+i En BIOSASUN facilitamos la incorporaci\u00f3n de empresas a proyectos de I+D+i alineados con las l\u00edneas estrat\u00e9gicas de BIOSASUN, tanto a nivel regional como nacional e internacional. Acompa\u00f1amos a empresas sin experiencia previa en investigaci\u00f3n e innovaci\u00f3n, ofreciendo apoyo en la preparaci\u00f3n de la solicitud, la gesti\u00f3n t\u00e9cnica y econ\u00f3mica del [...]","protected":false},"author":3,"featured_media":0,"parent":0,"menu_order":0,"comment_status":"closed","ping_status":"closed","template":"","meta":{"footnotes":""},"class_list":["post-4681","page","type-page","status-publish","hentry"],"aioseo_notices":[],"_links":{"self":[{"href":"https:\/\/biosasun.eu\/fr\/wp-json\/wp\/v2\/pages\/4681","targetHints":{"allow":["GET"]}}],"collection":[{"href":"https:\/\/biosasun.eu\/fr\/wp-json\/wp\/v2\/pages"}],"about":[{"href":"https:\/\/biosasun.eu\/fr\/wp-json\/wp\/v2\/types\/page"}],"author":[{"embeddable":true,"href":"https:\/\/biosasun.eu\/fr\/wp-json\/wp\/v2\/users\/3"}],"replies":[{"embeddable":true,"href":"https:\/\/biosasun.eu\/fr\/wp-json\/wp\/v2\/comments?post=4681"}],"version-history":[{"count":6,"href":"https:\/\/biosasun.eu\/fr\/wp-json\/wp\/v2\/pages\/4681\/revisions"}],"predecessor-version":[{"id":4809,"href":"https:\/\/biosasun.eu\/fr\/wp-json\/wp\/v2\/pages\/4681\/revisions\/4809"}],"wp:attachment":[{"href":"https:\/\/biosasun.eu\/fr\/wp-json\/wp\/v2\/media?parent=4681"}],"curies":[{"name":"wp","href":"https:\/\/api.w.org\/{rel}","templated":true}]}}