{"id":4880,"date":"2026-02-11T12:15:51","date_gmt":"2026-02-11T12:15:51","guid":{"rendered":"https:\/\/biosasun.kalmadigital.com\/?page_id=4880"},"modified":"2026-02-11T12:59:20","modified_gmt":"2026-02-11T12:59:20","slug":"los-polifenoles","status":"publish","type":"page","link":"https:\/\/biosasun.eu\/fr\/los-polifenoles\/","title":{"rendered":"Los Polifenoles y el aceite de Oliva"},"content":{"rendered":"<section class=\"wpb-content-wrapper\">\n<div class=\"mk-page-section-wrapper\" data-mk-full-width=\"true\" data-mk-full-width-init=\"true\" data-mk-stretch-content=\"true\">\n\t<div id=\"page-section-1\" class=\"mk-page-section self-hosted   full_layout full-width-1 js-el js-master-row jupiter-donut-\"    data-intro-effect=\"false\">\n\n\t\t\t\n\t\t\t<div class=\"mk-page-section-inner\">\n\t\t\t\t\n\n\n<div class=\"mk-video-color-mask\"><\/div>\n\n\t\t\t\t\n\t\t\t\t\t\t\t<\/div>\n\n\t\t\t\n        <div class=\"page-section-content vc_row-fluid mk-grid\" >\n            <div class=\"mk-padding-wrapper wpb_row\">\n<div class=\"vc_col-sm-6 wpb_column column_container  jupiter-donut- _ jupiter-donut-height-full\">\n\t\n\t<div  class=\"wpb_single_image wpb_content_element vc_align_center  wpb_animate_when_almost_visible wpb_bounceInDown bounceInDown\">\n\t\t\n\t\t<figure class=\"wpb_wrapper vc_figure\">\n\t\t\t<div class=\"vc_single_image-wrapper   vc_box_border_grey\"><img loading=\"lazy\" decoding=\"async\" class=\"vc_single_image-img\" src=\"https:\/\/biosasun.eu\/wp-content\/uploads\/2025\/09\/olivas-2.jpg\" width=\"850\" height=\"566\" alt=\"Polifenoles\" title=\"\" \/><\/div>\n\t\t<\/figure>\n\t<\/div>\n<\/div>\n\n<div class=\"vc_col-sm-6 wpb_column column_container  jupiter-donut- _ jupiter-donut-height-full\">\n\t\n<h1 id=\"fancy-title-4\" class=\"mk-fancy-title  simple-style jupiter-donut-  color-single\">\n\t<span>\n\t\t\t\t<p style=\"text-align: left;\">Les polyph\u00e9nols, ce qu'ils sont et o\u00f9 on les trouve<\/p>\n\t\t\t<\/span>\n<\/h1>\n<div class=\"clearboth\"><\/div>\n\n\n\n\n<h3 id=\"fancy-title-5\" class=\"mk-fancy-title  simple-style jupiter-donut-  color-single\">\n\t<span>\n\t\t\t\t<p style=\"text-align: justify;\">Les polyph\u00e9nols sont des compos\u00e9s bioactifs naturels, dot\u00e9s d'une capacit\u00e9 antioxydante, qui ont suscit\u00e9 un grand int\u00e9r\u00eat au niveau nutritionnel pour leur action, non seulement sur l'\u00e9tat de sant\u00e9, mais aussi sur la pr\u00e9vention des alt\u00e9rations fonctionnelles et structurelles de diverses maladies. Les polyph\u00e9nols se trouvent, entre autres esp\u00e8ces v\u00e9g\u00e9tales, dans les feuilles et les fruits de l'olivier, de sorte que, apr\u00e8s un processus de production appropri\u00e9, ils peuvent \u00eatre pr\u00e9sents dans l'huile.<\/p>\n\t\t\t<\/span>\n<\/h3>\n<div class=\"clearboth\"><\/div>\n\n\n\n<div class=\"vc_separator wpb_content_element vc_separator_align_center vc_sep_width_100 vc_sep_pos_align_center vc_separator_no_text vc_sep_color_grey\" ><span class=\"vc_sep_holder vc_sep_holder_l\"><span class=\"vc_sep_line\"><\/span><\/span><span class=\"vc_sep_holder vc_sep_holder_r\"><span class=\"vc_sep_line\"><\/span><\/span>\n<\/div><\/div>\n<\/div>\n            <div class=\"clearboth\"><\/div>\n        <\/div>\n\n\n\t\t\t\n\t\t\t\n\t\t\t\n\t\t<div class=\"clearboth\"><\/div>\n\t<\/div>\n<\/div>\n<div class=\"vc_row-full-width vc_clearfix\"><\/div>\n\n\n<div class=\"mk-page-section-wrapper\" data-mk-full-width=\"true\" data-mk-full-width-init=\"true\" data-mk-stretch-content=\"true\">\n\t<div id=\"page-section-6\" class=\"mk-page-section self-hosted   full_layout full-width-6 js-el js-master-row jupiter-donut-\"    data-intro-effect=\"false\">\n\n\t\t\t\n\t\t\t<div class=\"mk-page-section-inner\">\n\t\t\t\t\n\n\n<div class=\"mk-video-color-mask\"><\/div>\n\n\t\t\t\t\n\t\t\t\t\t\t\t<\/div>\n\n\t\t\t\n        <div class=\"page-section-content vc_row-fluid mk-grid\" >\n            <div class=\"mk-padding-wrapper wpb_row\">\n<div class=\"vc_col-sm-6 wpb_column column_container  jupiter-donut- _ jupiter-donut-height-full\">\n\t\n<h1 id=\"fancy-title-8\" class=\"mk-fancy-title  simple-style jupiter-donut-  color-single\">\n\t<span>\n\t\t\t\t<p style=\"text-align: left;\"><span style=\"color: #758e42;\">L'huile d'olive extra vierge, des bienfaits uniques<\/span><\/p>\n\t\t\t<\/span>\n<\/h1>\n<div class=\"clearboth\"><\/div>\n\n\n\n\n<h1 id=\"fancy-title-9\" class=\"mk-fancy-title  simple-style jupiter-donut-  color-single\">\n\t<span>\n\t\t\t\t<p style=\"text-align: left;\">M\u00e9decine naturelle<\/p>\n\t\t\t<\/span>\n<\/h1>\n<div class=\"clearboth\"><\/div>\n\n\n\n<\/div>\n\n<div class=\"vc_col-sm-6 wpb_column column_container  jupiter-donut- _ jupiter-donut-height-full\">\n\t\n<h3 id=\"fancy-title-11\" class=\"mk-fancy-title  simple-style jupiter-donut-  color-single\">\n\t<span>\n\t\t\t\t<p style=\"text-align: justify;\">Les polyph\u00e9nols sont des compos\u00e9s bioactifs naturels, dot\u00e9s d'une capacit\u00e9 antioxydante, qui ont suscit\u00e9 un grand int\u00e9r\u00eat au niveau nutritionnel pour leur action, non seulement sur l'\u00e9tat de sant\u00e9, mais aussi sur la pr\u00e9vention des alt\u00e9rations fonctionnelles et structurelles de diverses maladies. Les polyph\u00e9nols se trouvent, entre autres esp\u00e8ces v\u00e9g\u00e9tales, dans les feuilles et les fruits de l'olivier, de sorte que, apr\u00e8s un processus de production appropri\u00e9, ils peuvent \u00eatre pr\u00e9sents dans l'huile.<\/p>\n\t\t\t<\/span>\n<\/h3>\n<div class=\"clearboth\"><\/div>\n\n\n\n<div class=\"vc_separator wpb_content_element vc_separator_align_center vc_sep_width_100 vc_sep_pos_align_center vc_separator_no_text vc_sep_color_grey\" ><span class=\"vc_sep_holder vc_sep_holder_l\"><span class=\"vc_sep_line\"><\/span><\/span><span class=\"vc_sep_holder vc_sep_holder_r\"><span class=\"vc_sep_line\"><\/span><\/span>\n<\/div><\/div>\n<\/div>\n            <div class=\"clearboth\"><\/div>\n        <\/div>\n\n\n\t\t\t\n\t\t\t\n\t\t\t\n\t\t<div class=\"clearboth\"><\/div>\n\t<\/div>\n<\/div>\n<div class=\"vc_row-full-width vc_clearfix\"><\/div>\n\n\n<div class=\"mk-page-section-wrapper\" data-mk-full-width=\"true\" data-mk-full-width-init=\"true\" data-mk-stretch-content=\"true\">\n\t<div id=\"page-section-12\" class=\"mk-page-section self-hosted   full_layout full-width-12 js-el js-master-row jupiter-donut-\"    data-intro-effect=\"false\">\n\n\t\t\t\n\t\t\t<div class=\"mk-page-section-inner\">\n\t\t\t\t\n\n\n<div class=\"mk-video-color-mask\"><\/div>\n\n\t\t\t\t\n\t\t\t\t\t\t\t<\/div>\n\n\t\t\t\n        <div class=\"page-section-content vc_row-fluid mk-grid\" >\n            <div class=\"mk-padding-wrapper wpb_row\">\n<div class=\"vc_col-sm-6 wpb_column column_container  jupiter-donut- _ jupiter-donut-height-full\">\n\t\n<h1 id=\"fancy-title-14\" class=\"mk-fancy-title  simple-style jupiter-donut-  color-single\">\n\t<span>\n\t\t\t\t<p style=\"text-align: left;\"><span style=\"color: #758e42;\">Les polyph\u00e9nols, de grands alli\u00e9s pour notre sant\u00e9<\/span><\/p>\n\t\t\t<\/span>\n<\/h1>\n<div class=\"clearboth\"><\/div>\n\n\n\n\n<h1 id=\"fancy-title-15\" class=\"mk-fancy-title  simple-style jupiter-donut-  color-single\">\n\t<span>\n\t\t\t\t<p style=\"text-align: left;\">Faites de votre alimentation votre m\u00e9dicament<\/p>\n\t\t\t<\/span>\n<\/h1>\n<div class=\"clearboth\"><\/div>\n\n\n\n<\/div>\n\n<div class=\"vc_col-sm-6 wpb_column column_container  jupiter-donut- _ jupiter-donut-height-full\">\n\t\n<h3 id=\"fancy-title-17\" class=\"mk-fancy-title  simple-style jupiter-donut-  color-single\">\n\t<span>\n\t\t\t\t<p>Des \u00e9tudes scientifiques ont mis en \u00e9vidence des actions principalement antioxydantes, mais aussi d'autres actions clairement b\u00e9n\u00e9fiques pour la sant\u00e9, telles que<\/p>\n<ul class=\"list-check\">\n<li>Augmente la protection contre les risques cardiovasculaires et h\u00e9patiques gr\u00e2ce \u00e0 son action purifiante et \u00e0 sa contribution \u00e0 l'augmentation du \u201cbon\u201d cholest\u00e9rol (HDL-cholest\u00e9rol) et \u00e0 la r\u00e9duction du \u201cmauvais\u201d cholest\u00e9rol (LDL-cholest\u00e9rol).<\/li>\n<li>Aide \u00e0 la pr\u00e9vention des troubles cognitifs et de la d\u00e9mence<\/li>\n<li>Contribue \u00e0 l'augmentation de la survie et de la long\u00e9vit\u00e9<\/li>\n<li>Prot\u00e8ge contre le risque d'hypertension<\/li>\n<li>Peut augmenter la protection contre certains types de cancer<\/li>\n<li>Favorise le maintien d'un poids corporel sain<\/li>\n<li>Action antibiotique et antivirale<\/li>\n<\/ul>\n<p style=\"text-align: justify;\">Les comit\u00e9s scientifiques de l'EFSA et de l'AECOSAN, les autorit\u00e9s europ\u00e9enne et espagnole charg\u00e9es respectivement de la s\u00e9curit\u00e9 alimentaire et de la nutrition, affirment que ce b\u00e9n\u00e9fice est obtenu avec la consommation de 5 mg de polyph\u00e9nols par jour.<\/p>\n\t\t\t<\/span>\n<\/h3>\n<div class=\"clearboth\"><\/div>\n\n\n\n<div class=\"vc_separator wpb_content_element vc_separator_align_center vc_sep_width_100 vc_sep_pos_align_center vc_separator_no_text vc_sep_color_grey\" ><span class=\"vc_sep_holder vc_sep_holder_l\"><span class=\"vc_sep_line\"><\/span><\/span><span class=\"vc_sep_holder vc_sep_holder_r\"><span class=\"vc_sep_line\"><\/span><\/span>\n<\/div><\/div>\n<\/div>\n            <div class=\"clearboth\"><\/div>\n        <\/div>\n\n\n\t\t\t\n\t\t\t\n\t\t\t\n\t\t<div class=\"clearboth\"><\/div>\n\t<\/div>\n<\/div>\n<div class=\"vc_row-full-width vc_clearfix\"><\/div>\n\n\n<div class=\"mk-page-section-wrapper\" data-mk-full-width=\"true\" data-mk-full-width-init=\"true\" data-mk-stretch-content=\"true\">\n\t<div id=\"page-section-18\" class=\"mk-page-section self-hosted   full_layout full-width-18 js-el js-master-row jupiter-donut-\"    data-intro-effect=\"false\">\n\n\t\t\t\n\t\t\t<div class=\"mk-page-section-inner\">\n\t\t\t\t\n\n\n<div class=\"mk-video-color-mask\"><\/div>\n\n\t\t\t\t\n\t\t\t\t\t\t\t<\/div>\n\n\t\t\t\n        <div class=\"page-section-content vc_row-fluid mk-grid\" >\n            <div class=\"mk-padding-wrapper wpb_row\">\n<div class=\"vc_col-sm-6 wpb_column column_container  jupiter-donut- _ jupiter-donut-height-full\">\n\t\n<h1 id=\"fancy-title-20\" class=\"mk-fancy-title  simple-style jupiter-donut-  color-single\">\n\t<span>\n\t\t\t\t<p style=\"text-align: left;\"><span style=\"color: #758e42;\">L'olivier, source naturelle de polyph\u00e9nols sp\u00e9cifiques<\/span><\/p>\n\t\t\t<\/span>\n<\/h1>\n<div class=\"clearboth\"><\/div>\n\n\n\n\n<h1 id=\"fancy-title-21\" class=\"mk-fancy-title  simple-style jupiter-donut-  color-single\">\n\t<span>\n\t\t\t\t<p style=\"text-align: left;\">Laissez la nature prendre soin de vous<\/p>\n\t\t\t<\/span>\n<\/h1>\n<div class=\"clearboth\"><\/div>\n\n\n\n<\/div>\n\n<div class=\"vc_col-sm-6 wpb_column column_container  jupiter-donut- _ jupiter-donut-height-full\">\n\t\n<h3 id=\"fancy-title-23\" class=\"mk-fancy-title  simple-style jupiter-donut-  color-single\">\n\t<span>\n\t\t\t\t<p>Dans l'huile d'olive extra vierge, on trouve des polyph\u00e9nols b\u00e9n\u00e9fiques tels que<\/p>\n<ul>\n<li>Oleurop\u00e9ine : compos\u00e9 ph\u00e9nolique responsable de l'amertume et des d\u00e9mangeaisons de la gorge provoqu\u00e9es par l'huile.<\/li>\n<li>Ol\u00e9ocanthal : compos\u00e9 ph\u00e9nolique pr\u00e9sent dans certains EVOO. Il est apparu comme une nouvelle mol\u00e9cule th\u00e9rapeutique \u00e0 l'action pharmacologique pertinente.<\/li>\n<\/ul>\n<p style=\"text-align: justify;\">Afin de conserver toutes les propri\u00e9t\u00e9s b\u00e9n\u00e9fiques, et une teneur \u00e9lev\u00e9e en polyph\u00e9nols, <strong>Biosasun<\/strong> r\u00e9colte les fruits au moment id\u00e9al et maintient un syst\u00e8me de production rigoureux. L'huile d'olive <strong>Oleohealth<\/strong>, La nature organique, elle apporte le meilleur de la nature, de plus, elle ne contient aucune substance toxique.<\/p>\n\t\t\t<\/span>\n<\/h3>\n<div class=\"clearboth\"><\/div>\n\n\n\n<\/div>\n<\/div>\n            <div class=\"clearboth\"><\/div>\n        <\/div>\n\n\n\t\t\t\n\t\t\t\n\t\t\t\n\t\t<div class=\"clearboth\"><\/div>\n\t<\/div>\n<\/div>\n<div class=\"vc_row-full-width vc_clearfix\"><\/div>\n\n\n<\/section>","protected":false},"excerpt":{"rendered":"Los polifenoles, qu\u00e9 son y d\u00f3nde se encuentran Los polifenoles son compuestos naturales bioactivos, con capacidad antioxidante, que han despertado un gran inter\u00e9s a nivel nutricional por sus acciones, no solo en estado de salud, sino en la prevenci\u00f3n de las alteraciones funcionales y estructurales de diversas enfermedades. Los polifenoles se encuentran, entre otras especies [...]","protected":false},"author":3,"featured_media":0,"parent":0,"menu_order":0,"comment_status":"closed","ping_status":"closed","template":"","meta":{"footnotes":""},"class_list":["post-4880","page","type-page","status-publish","hentry"],"aioseo_notices":[],"_links":{"self":[{"href":"https:\/\/biosasun.eu\/fr\/wp-json\/wp\/v2\/pages\/4880","targetHints":{"allow":["GET"]}}],"collection":[{"href":"https:\/\/biosasun.eu\/fr\/wp-json\/wp\/v2\/pages"}],"about":[{"href":"https:\/\/biosasun.eu\/fr\/wp-json\/wp\/v2\/types\/page"}],"author":[{"embeddable":true,"href":"https:\/\/biosasun.eu\/fr\/wp-json\/wp\/v2\/users\/3"}],"replies":[{"embeddable":true,"href":"https:\/\/biosasun.eu\/fr\/wp-json\/wp\/v2\/comments?post=4880"}],"version-history":[{"count":16,"href":"https:\/\/biosasun.eu\/fr\/wp-json\/wp\/v2\/pages\/4880\/revisions"}],"predecessor-version":[{"id":4897,"href":"https:\/\/biosasun.eu\/fr\/wp-json\/wp\/v2\/pages\/4880\/revisions\/4897"}],"wp:attachment":[{"href":"https:\/\/biosasun.eu\/fr\/wp-json\/wp\/v2\/media?parent=4880"}],"curies":[{"name":"wp","href":"https:\/\/api.w.org\/{rel}","templated":true}]}}